{"id":4131,"date":"2024-06-16T08:01:12","date_gmt":"2024-06-16T13:01:12","guid":{"rendered":"https:\/\/0barreras.com\/?post_type=product&#038;p=4131"},"modified":"2024-07-11T10:13:58","modified_gmt":"2024-07-11T15:13:58","slug":"jar-pop-removedor-de-tapas-de-frascos-de-vidrio","status":"publish","type":"product","link":"https:\/\/0barreras.com\/en\/product\/jar-pop-removedor-de-tapas-de-frascos-de-vidrio\/","title":{"rendered":"Popper de Frascos Jar Key, removedor de tapas &#8211; Herramienta de Cocina Pr\u00e1ctica y Segura"},"content":{"rendered":"<p>Ya no tendr\u00e1s que luchar para quitarte la molesta tapa del frasco. Con el popper de frascos Jar Key, abrir las tapas de los frascos sellados al vac\u00edo ser\u00e1 una tarea sencilla y r\u00e1pida. Esta pr\u00e1ctica herramienta de cocina est\u00e1 dise\u00f1ada para levantar cualquier tapa sellada al vac\u00edo con facilidad, eliminando la necesidad de golpear y girar en vano. Ideal para una variedad de productos, incluyendo encurtidos, salsa para pasta, pur\u00e9 de manzana, gelatina, aceitunas, remolachas y muchos otros productos en frascos de vidrio con tapas herm\u00e9ticas.<\/p>\n<p>El popper de frascos Jar Key destaca por su simplicidad y eficiencia. Su dise\u00f1o ergon\u00f3mico permite un uso f\u00e1cil y c\u00f3modo, incluso para personas con limitaciones de fuerza en las manos. Hecho de materiales duraderos, asegura un rendimiento constante y fiable. Adem\u00e1s, los colores variados a\u00f1aden un toque de diversi\u00f3n a esta herramienta esencial, aunque se seleccionan al azar.<\/p>\n<p>Al adquirir este popper de frascos, no solo facilitas tus tareas en la cocina, sino que tambi\u00e9n colaboras con la Fundaci\u00f3n 0 Barreras, apoyando a todas las discapacidades. Con tu compra, contribuyes a una causa noble mientras disfrutas de un producto de alta calidad.<\/p>","protected":false},"excerpt":{"rendered":"<p>Con el popper de frascos Jar Key, abrir frascos sellados al vac\u00edo es f\u00e1cil y r\u00e1pido. Ideal para diversos productos, su dise\u00f1o ergon\u00f3mico y duradero ofrece comodidad y eficiencia. Colabora con la Fundaci\u00f3n 0 Barreras con tu compra.<\/p>","protected":false},"featured_media":4132,"comment_status":"open","ping_status":"closed","template":"","meta":[],"product_cat":[222,217],"product_tag":[],"class_list":["post-4131","product","type-product","status-publish","has-post-thumbnail","hentry","product_cat-ayudas-para-la-cocina","product_cat-productos-de-ayuda-para-la-vida-diaria"],"_links":{"self":[{"href":"https:\/\/0barreras.com\/en\/wp-json\/wp\/v2\/product\/4131","targetHints":{"allow":["GET"]}}],"collection":[{"href":"https:\/\/0barreras.com\/en\/wp-json\/wp\/v2\/product"}],"about":[{"href":"https:\/\/0barreras.com\/en\/wp-json\/wp\/v2\/types\/product"}],"replies":[{"embeddable":true,"href":"https:\/\/0barreras.com\/en\/wp-json\/wp\/v2\/comments?post=4131"}],"version-history":[{"count":2,"href":"https:\/\/0barreras.com\/en\/wp-json\/wp\/v2\/product\/4131\/revisions"}],"predecessor-version":[{"id":4648,"href":"https:\/\/0barreras.com\/en\/wp-json\/wp\/v2\/product\/4131\/revisions\/4648"}],"wp:featuredmedia":[{"embeddable":true,"href":"https:\/\/0barreras.com\/en\/wp-json\/wp\/v2\/media\/4132"}],"wp:attachment":[{"href":"https:\/\/0barreras.com\/en\/wp-json\/wp\/v2\/media?parent=4131"}],"wp:term":[{"taxonomy":"product_cat","embeddable":true,"href":"https:\/\/0barreras.com\/en\/wp-json\/wp\/v2\/product_cat?post=4131"},{"taxonomy":"product_tag","embeddable":true,"href":"https:\/\/0barreras.com\/en\/wp-json\/wp\/v2\/product_tag?post=4131"}],"curies":[{"name":"wp","href":"https:\/\/api.w.org\/{rel}","templated":true}]}}