{"id":4123,"date":"2024-06-16T07:52:43","date_gmt":"2024-06-16T12:52:43","guid":{"rendered":"https:\/\/0barreras.com\/?post_type=product&#038;p=4123"},"modified":"2024-07-10T23:54:41","modified_gmt":"2024-07-11T04:54:41","slug":"picadora-de-alimentos-clasica-zick-zick","status":"publish","type":"product","link":"https:\/\/0barreras.com\/en\/product\/picadora-de-alimentos-clasica-zick-zick\/","title":{"rendered":"Picadora de Alimentos Zyliss Zick-Zick \u2013 Precisi\u00f3n y Versatilidad en tu Cocina"},"content":{"rendered":"<p>La picadora de alimentos cl\u00e1sica Zyliss Zick-Zick con una capacidad de 1 taza es una herramienta imprescindible en tu cocina para picar cebollas y otras verduras de manera r\u00e1pida y eficiente. Con una cuchilla de acero inoxidable que gira al presionar la parte superior, esta picadora garantiza cortes precisos y uniformes en cada uso.<\/p>\n<p>El recept\u00e1culo de pl\u00e1stico transparente en la parte inferior mantiene los alimentos firmemente en su lugar mientras los picas. Simplemente presiona hacia abajo el \u00e9mbolo repetidamente para cortar los alimentos en cubitos m\u00e1s finos. El recipiente de pl\u00e1stico se puede retirar f\u00e1cilmente y viene con una tapa herm\u00e9tica para mantener los ingredientes frescos por m\u00e1s tiempo.<\/p>\n<p>Esta picadora es f\u00e1cil de limpiar y apta para lavavajillas, lo que facilita su mantenimiento. Ideal para picar cebollas, nueces, chocolate y m\u00e1s, la picadora Zyliss Zick-Zick es perfecta para usar dentro de su taza o directamente en una tabla de cortar.<\/p>\n<p>Ten en cuenta que debido a las leyes federales y estatales sobre alimentos, salud y seguridad, este producto no se puede devolver una vez abierto. Al adquirir esta picadora, tambi\u00e9n est\u00e1s colaborando con la Fundaci\u00f3n 0 Barreras, apoyando a las personas con discapacidad.<\/p>","protected":false},"excerpt":{"rendered":"<p>La picadora de alimentos Zyliss Zick-Zick de 1 taza de capacidad es ideal para picar cebollas y m\u00e1s, con una cuchilla de acero inoxidable y un recept\u00e1culo de pl\u00e1stico transparente. F\u00e1cil de limpiar y apta para lavavajillas, incluye una tapa herm\u00e9tica. No se puede devolver una vez abierto. Con tu compra, apoyas a la Fundaci\u00f3n 0 Barreras.<\/p>","protected":false},"featured_media":4124,"comment_status":"open","ping_status":"closed","template":"","meta":[],"product_cat":[222,217],"product_tag":[],"class_list":["post-4123","product","type-product","status-publish","has-post-thumbnail","hentry","product_cat-ayudas-para-la-cocina","product_cat-productos-de-ayuda-para-la-vida-diaria"],"_links":{"self":[{"href":"https:\/\/0barreras.com\/en\/wp-json\/wp\/v2\/product\/4123","targetHints":{"allow":["GET"]}}],"collection":[{"href":"https:\/\/0barreras.com\/en\/wp-json\/wp\/v2\/product"}],"about":[{"href":"https:\/\/0barreras.com\/en\/wp-json\/wp\/v2\/types\/product"}],"replies":[{"embeddable":true,"href":"https:\/\/0barreras.com\/en\/wp-json\/wp\/v2\/comments?post=4123"}],"version-history":[{"count":2,"href":"https:\/\/0barreras.com\/en\/wp-json\/wp\/v2\/product\/4123\/revisions"}],"predecessor-version":[{"id":4640,"href":"https:\/\/0barreras.com\/en\/wp-json\/wp\/v2\/product\/4123\/revisions\/4640"}],"wp:featuredmedia":[{"embeddable":true,"href":"https:\/\/0barreras.com\/en\/wp-json\/wp\/v2\/media\/4124"}],"wp:attachment":[{"href":"https:\/\/0barreras.com\/en\/wp-json\/wp\/v2\/media?parent=4123"}],"wp:term":[{"taxonomy":"product_cat","embeddable":true,"href":"https:\/\/0barreras.com\/en\/wp-json\/wp\/v2\/product_cat?post=4123"},{"taxonomy":"product_tag","embeddable":true,"href":"https:\/\/0barreras.com\/en\/wp-json\/wp\/v2\/product_tag?post=4123"}],"curies":[{"name":"wp","href":"https:\/\/api.w.org\/{rel}","templated":true}]}}