{"id":4112,"date":"2024-06-16T07:47:47","date_gmt":"2024-06-16T12:47:47","guid":{"rendered":"https:\/\/0barreras.com\/?post_type=product&#038;p=4112"},"modified":"2024-07-10T23:25:31","modified_gmt":"2024-07-11T04:25:31","slug":"guante-de-cocina-ignifugo-de-17","status":"publish","type":"product","link":"https:\/\/0barreras.com\/en\/product\/guante-de-cocina-ignifugo-de-17\/","title":{"rendered":"Guante de Cocina Ign\u00edfugo de 17 Pulgadas \u2013 M\u00e1xima Protecci\u00f3n y Calidad"},"content":{"rendered":"<p>El guante ign\u00edfugo de 17 pulgadas (aproximadamente 43 cm) de longitud de codo ofrece la m\u00e1xima protecci\u00f3n para tus manos y antebrazos. Dise\u00f1ado para soportar temperaturas de hasta 425 grados Fahrenheit (aproximadamente 218 grados Celsius), este guante es perfecto para evitar quemaduras dolorosas y costosas en la cocina o al asar a la parrilla.<\/p>\n<p>Fabricado con materiales de alta calidad y una tela exterior tratada especialmente para resistir y retardar el calor, este guante cumple con los est\u00e1ndares de seguridad del gobierno de EE. UU., garantizando durabilidad y fiabilidad. Adem\u00e1s, su longitud extendida proporciona una protecci\u00f3n adicional, cubriendo no solo las manos sino tambi\u00e9n los antebrazos.<\/p>\n<p>F\u00e1cil de mantener, este guante se puede limpiar simplemente con un pa\u00f1o h\u00famedo, asegurando su higiene y longevidad. Al comprar este guante, est\u00e1s invirtiendo en tu seguridad y comodidad, y tambi\u00e9n est\u00e1s colaborando con la Fundaci\u00f3n 0 Barreras, apoyando a las personas con discapacidad.<\/p>","protected":false},"excerpt":{"rendered":"<p>El guante ign\u00edfugo de 17 pulgadas (43 cm) ofrece protecci\u00f3n m\u00e1xima contra temperaturas de hasta 425 grados Fahrenheit (218 grados Celsius). Fabricado con materiales de alta calidad y f\u00e1cil de limpiar con un pa\u00f1o h\u00famedo, este guante cumple con los est\u00e1ndares del gobierno de EE. UU. y cubre tus manos y antebrazos. Con tu compra, apoyas a la Fundaci\u00f3n 0 Barreras.<\/p>","protected":false},"featured_media":4111,"comment_status":"open","ping_status":"closed","template":"","meta":[],"product_cat":[222,217],"product_tag":[],"class_list":["post-4112","product","type-product","status-publish","has-post-thumbnail","hentry","product_cat-ayudas-para-la-cocina","product_cat-productos-de-ayuda-para-la-vida-diaria"],"_links":{"self":[{"href":"https:\/\/0barreras.com\/en\/wp-json\/wp\/v2\/product\/4112","targetHints":{"allow":["GET"]}}],"collection":[{"href":"https:\/\/0barreras.com\/en\/wp-json\/wp\/v2\/product"}],"about":[{"href":"https:\/\/0barreras.com\/en\/wp-json\/wp\/v2\/types\/product"}],"replies":[{"embeddable":true,"href":"https:\/\/0barreras.com\/en\/wp-json\/wp\/v2\/comments?post=4112"}],"version-history":[{"count":2,"href":"https:\/\/0barreras.com\/en\/wp-json\/wp\/v2\/product\/4112\/revisions"}],"predecessor-version":[{"id":4628,"href":"https:\/\/0barreras.com\/en\/wp-json\/wp\/v2\/product\/4112\/revisions\/4628"}],"wp:featuredmedia":[{"embeddable":true,"href":"https:\/\/0barreras.com\/en\/wp-json\/wp\/v2\/media\/4111"}],"wp:attachment":[{"href":"https:\/\/0barreras.com\/en\/wp-json\/wp\/v2\/media?parent=4112"}],"wp:term":[{"taxonomy":"product_cat","embeddable":true,"href":"https:\/\/0barreras.com\/en\/wp-json\/wp\/v2\/product_cat?post=4112"},{"taxonomy":"product_tag","embeddable":true,"href":"https:\/\/0barreras.com\/en\/wp-json\/wp\/v2\/product_tag?post=4112"}],"curies":[{"name":"wp","href":"https:\/\/api.w.org\/{rel}","templated":true}]}}