{"id":4110,"date":"2024-06-16T07:47:12","date_gmt":"2024-06-16T12:47:12","guid":{"rendered":"https:\/\/0barreras.com\/?post_type=product&#038;p=4110"},"modified":"2024-07-10T23:18:51","modified_gmt":"2024-07-11T04:18:51","slug":"guante-de-cocina-ignifugo-de-15","status":"publish","type":"product","link":"https:\/\/0barreras.com\/en\/product\/guante-de-cocina-ignifugo-de-15\/","title":{"rendered":"Guante de cocina ign\u00edfugo de 15 Pulgadas &#8211; Guante de Cocina Multiusos Resistente al Calor \u2013 M\u00e1xima Protecci\u00f3n y Calidad"},"content":{"rendered":"<p>Protege tus manos con el mejor guante de cocina multiusos disponible y pon la seguridad primero. Evita quemaduras dolorosas y costosas con nuestro guante de cocina de alta calidad, dise\u00f1ado para soportar temperaturas de hasta 400 grados Fahrenheit (aproximadamente 204 grados Celsius). Este guante est\u00e1 fabricado con una tela exterior 100% algod\u00f3n tratada especialmente para resistir y retardar el calor, brind\u00e1ndote la m\u00e1xima protecci\u00f3n mientras cocinas.<\/p>\n<p>Cumpliendo con los est\u00e1ndares del gobierno de EE. UU., nuestro guante de cocina garantiza seguridad y durabilidad. Ideal para usar en la cocina, al asar a la parrilla o manejar utensilios calientes, este guante es una herramienta indispensable para cualquier amante de la cocina. Adem\u00e1s, su dise\u00f1o multiusos lo hace perfecto para diversas tareas culinarias.<\/p>\n<p>Al comprar este guante, no solo est\u00e1s invirtiendo en tu seguridad, sino que tambi\u00e9n est\u00e1s colaborando con la Fundaci\u00f3n 0 Barreras, apoyando a las personas con discapacidad.<\/p>","protected":false},"excerpt":{"rendered":"<p>Protege tus manos con nuestro guante de cocina multiusos, capaz de resistir hasta 400 grados Fahrenheit (204 grados Celsius). Hecho de 100% algod\u00f3n tratado para retardar el calor y cumplir con los est\u00e1ndares del gobierno de EE. UU., este guante te ofrece m\u00e1xima seguridad y durabilidad. Con tu compra, apoyas a la Fundaci\u00f3n 0 Barreras.<\/p>","protected":false},"featured_media":4111,"comment_status":"open","ping_status":"closed","template":"","meta":[],"product_cat":[222,217],"product_tag":[],"class_list":["post-4110","product","type-product","status-publish","has-post-thumbnail","hentry","product_cat-ayudas-para-la-cocina","product_cat-productos-de-ayuda-para-la-vida-diaria"],"_links":{"self":[{"href":"https:\/\/0barreras.com\/en\/wp-json\/wp\/v2\/product\/4110","targetHints":{"allow":["GET"]}}],"collection":[{"href":"https:\/\/0barreras.com\/en\/wp-json\/wp\/v2\/product"}],"about":[{"href":"https:\/\/0barreras.com\/en\/wp-json\/wp\/v2\/types\/product"}],"replies":[{"embeddable":true,"href":"https:\/\/0barreras.com\/en\/wp-json\/wp\/v2\/comments?post=4110"}],"version-history":[{"count":2,"href":"https:\/\/0barreras.com\/en\/wp-json\/wp\/v2\/product\/4110\/revisions"}],"predecessor-version":[{"id":4626,"href":"https:\/\/0barreras.com\/en\/wp-json\/wp\/v2\/product\/4110\/revisions\/4626"}],"wp:featuredmedia":[{"embeddable":true,"href":"https:\/\/0barreras.com\/en\/wp-json\/wp\/v2\/media\/4111"}],"wp:attachment":[{"href":"https:\/\/0barreras.com\/en\/wp-json\/wp\/v2\/media?parent=4110"}],"wp:term":[{"taxonomy":"product_cat","embeddable":true,"href":"https:\/\/0barreras.com\/en\/wp-json\/wp\/v2\/product_cat?post=4110"},{"taxonomy":"product_tag","embeddable":true,"href":"https:\/\/0barreras.com\/en\/wp-json\/wp\/v2\/product_tag?post=4110"}],"curies":[{"name":"wp","href":"https:\/\/api.w.org\/{rel}","templated":true}]}}