{"id":4098,"date":"2024-06-16T07:42:39","date_gmt":"2024-06-16T12:42:39","guid":{"rendered":"https:\/\/0barreras.com\/?post_type=product&#038;p=4098"},"modified":"2024-07-10T17:24:41","modified_gmt":"2024-07-10T22:24:41","slug":"vox-2-bascula-de-cocina-parlante-ingles-espanol-frances-aleman","status":"publish","type":"product","link":"https:\/\/0barreras.com\/en\/product\/vox-2-bascula-de-cocina-parlante-ingles-espanol-frances-aleman\/","title":{"rendered":"B\u00e1scula Parlante (Espa\u00f1ol, Ingl\u00e9s, Franc\u00e9s  y Alem\u00e1n)Multiusos con Pantalla LCD"},"content":{"rendered":"<p>Descubre la comodidad y precisi\u00f3n de la B\u00e1scula Parlante\u00a0 Multiusos, ideal para cualquier persona y cualquier lugar. Dise\u00f1ada para facilitar la vida en la cocina, esta b\u00e1scula ergon\u00f3mica y f\u00e1cil de usar cuenta con botones grandes y una pantalla LCD retroiluminada que la hace especialmente \u00fatil para personas con discapacidades visuales.<\/p>\n<p><strong>Caracter\u00edsticas destacadas:<\/strong><\/p>\n<ul>\n<li><strong>Multiling\u00fce:<\/strong> Habla en ingl\u00e9s, espa\u00f1ol, franc\u00e9s y alem\u00e1n, ofreciendo mayor accesibilidad.<\/li>\n<li><strong>Pantalla LCD retroiluminada:<\/strong> Gran pantalla con luz azul y botones suaves al tacto, f\u00e1ciles de ver y usar.<\/li>\n<li><strong>Medici\u00f3n precisa:<\/strong> Pesa alimentos en gramos u onzas con una capacidad de peso de hasta 5 kg (11 libras).<\/li>\n<li><strong>Funci\u00f3n de tara:<\/strong> Permite pesar solo la comida, excluyendo el peso del taz\u00f3n o recipiente.<\/li>\n<li><strong>Eficiencia energ\u00e9tica:<\/strong> Funci\u00f3n de apagado autom\u00e1tico despu\u00e9s de 90 segundos de inactividad para ahorrar energ\u00eda.<\/li>\n<li><strong>Dise\u00f1o ergon\u00f3mico:<\/strong> Moderno y contempor\u00e1neo, ideal para cualquier cocina.<\/li>\n<li><strong>Dimensiones compactas:<\/strong> La plataforma mide 22.86 cm x 15.24 cm, perfecta para espacios reducidos.<\/li>\n<li><strong>Operaci\u00f3n simple:<\/strong> Solo necesita encenderla y una voz femenina agradable anuncia el peso, diciendo &#8216;Hola&#8217; y &#8216;Estoy listo&#8217;.<\/li>\n<\/ul>\n<p>Funciona con 4 pilas AA (no incluidas), ofreciendo portabilidad y conveniencia sin necesidad de cables.<\/p>\n<p><strong>Nota Importante:<\/strong> Una vez abierto, este art\u00edculo no se puede devolver debido a razones de higiene y seguridad.<\/p>\n<p><strong>Beneficio Social:<\/strong> Al adquirir esta b\u00e1scula, est\u00e1s colaborando con la Fundaci\u00f3n 0 Barreras, apoyando a personas con discapacidades visuales y auditivas.<\/p>","protected":false},"excerpt":{"rendered":"<p>B\u00e1scula parlante ergon\u00f3mica y f\u00e1cil de usar, ideal para cocina. Habla en ingl\u00e9s, espa\u00f1ol, franc\u00e9s y alem\u00e1n. Pesa alimentos en gramos u onzas con capacidad de 5 kg (11 libras). Pantalla LCD retroiluminada y botones grandes. Funci\u00f3n de tara y apagado autom\u00e1tico. Compra y apoya a la Fundaci\u00f3n 0 Barreras.<\/p>","protected":false},"featured_media":4099,"comment_status":"open","ping_status":"closed","template":"","meta":[],"product_cat":[222,217],"product_tag":[],"class_list":["post-4098","product","type-product","status-publish","has-post-thumbnail","hentry","product_cat-ayudas-para-la-cocina","product_cat-productos-de-ayuda-para-la-vida-diaria"],"_links":{"self":[{"href":"https:\/\/0barreras.com\/en\/wp-json\/wp\/v2\/product\/4098","targetHints":{"allow":["GET"]}}],"collection":[{"href":"https:\/\/0barreras.com\/en\/wp-json\/wp\/v2\/product"}],"about":[{"href":"https:\/\/0barreras.com\/en\/wp-json\/wp\/v2\/types\/product"}],"replies":[{"embeddable":true,"href":"https:\/\/0barreras.com\/en\/wp-json\/wp\/v2\/comments?post=4098"}],"version-history":[{"count":2,"href":"https:\/\/0barreras.com\/en\/wp-json\/wp\/v2\/product\/4098\/revisions"}],"predecessor-version":[{"id":4616,"href":"https:\/\/0barreras.com\/en\/wp-json\/wp\/v2\/product\/4098\/revisions\/4616"}],"wp:featuredmedia":[{"embeddable":true,"href":"https:\/\/0barreras.com\/en\/wp-json\/wp\/v2\/media\/4099"}],"wp:attachment":[{"href":"https:\/\/0barreras.com\/en\/wp-json\/wp\/v2\/media?parent=4098"}],"wp:term":[{"taxonomy":"product_cat","embeddable":true,"href":"https:\/\/0barreras.com\/en\/wp-json\/wp\/v2\/product_cat?post=4098"},{"taxonomy":"product_tag","embeddable":true,"href":"https:\/\/0barreras.com\/en\/wp-json\/wp\/v2\/product_tag?post=4098"}],"curies":[{"name":"wp","href":"https:\/\/api.w.org\/{rel}","templated":true}]}}