{"id":408,"date":"2024-01-23T19:23:59","date_gmt":"2024-01-24T00:23:59","guid":{"rendered":"https:\/\/0barreras.com\/?post_type=product&#038;p=408"},"modified":"2024-04-02T19:27:37","modified_gmt":"2024-04-03T00:27:37","slug":"adaptador-usb-para-lupas-schweizer-ergo-lux-i-mobil","status":"publish","type":"product","link":"https:\/\/0barreras.com\/en\/product\/adaptador-usb-para-lupas-schweizer-ergo-lux-i-mobil\/","title":{"rendered":"Adaptador USB para lupas Schweizer ERGO-Lux i mobil"},"content":{"rendered":"<p>\u00bfHa extraviado el adaptador USB de su lupa de bolsillo Schweizer ERGO de carga inal\u00e1mbrica? Este enchufe est\u00e1ndar recibir\u00e1 el enchufe USB de un cable de carga USB est\u00e1ndar y luego se conectar\u00e1 a un enchufe de pared estadounidense.<\/p>","protected":false},"excerpt":{"rendered":"<p>El adaptador USB para lupa de bolsillo Schweizer ERGO es un enchufe est\u00e1ndar que se utiliza para conectar el cable de carga USB est\u00e1ndar de la lupa a un enchufe de pared estadounidense, en caso de p\u00e9rdida del adaptador original.<br \/>\nlupa a un<br \/>\nenchufe de pared estadounidense, en caso de p\u00e9rdida del adaptador original.<\/p>","protected":false},"featured_media":409,"comment_status":"open","ping_status":"closed","template":"","meta":[],"product_cat":[42,56,53],"product_tag":[],"class_list":["post-408","product","type-product","status-publish","has-post-thumbnail","hentry","product_cat-accesorios","product_cat-accesorios-schweizer","product_cat-lupas-schweizer-lupas"],"_links":{"self":[{"href":"https:\/\/0barreras.com\/en\/wp-json\/wp\/v2\/product\/408","targetHints":{"allow":["GET"]}}],"collection":[{"href":"https:\/\/0barreras.com\/en\/wp-json\/wp\/v2\/product"}],"about":[{"href":"https:\/\/0barreras.com\/en\/wp-json\/wp\/v2\/types\/product"}],"replies":[{"embeddable":true,"href":"https:\/\/0barreras.com\/en\/wp-json\/wp\/v2\/comments?post=408"}],"version-history":[{"count":1,"href":"https:\/\/0barreras.com\/en\/wp-json\/wp\/v2\/product\/408\/revisions"}],"predecessor-version":[{"id":1154,"href":"https:\/\/0barreras.com\/en\/wp-json\/wp\/v2\/product\/408\/revisions\/1154"}],"wp:featuredmedia":[{"embeddable":true,"href":"https:\/\/0barreras.com\/en\/wp-json\/wp\/v2\/media\/409"}],"wp:attachment":[{"href":"https:\/\/0barreras.com\/en\/wp-json\/wp\/v2\/media?parent=408"}],"wp:term":[{"taxonomy":"product_cat","embeddable":true,"href":"https:\/\/0barreras.com\/en\/wp-json\/wp\/v2\/product_cat?post=408"},{"taxonomy":"product_tag","embeddable":true,"href":"https:\/\/0barreras.com\/en\/wp-json\/wp\/v2\/product_tag?post=408"}],"curies":[{"name":"wp","href":"https:\/\/api.w.org\/{rel}","templated":true}]}}