{"id":4070,"date":"2024-06-16T07:30:00","date_gmt":"2024-06-16T12:30:00","guid":{"rendered":"https:\/\/0barreras.com\/?post_type=product&#038;p=4070"},"modified":"2024-07-09T18:33:08","modified_gmt":"2024-07-09T23:33:08","slug":"abrelatas-easy-touch","status":"publish","type":"product","link":"https:\/\/0barreras.com\/en\/product\/abrelatas-easy-touch\/","title":{"rendered":"Abrelatas F\u00e1cil de Tocar &#8211; Seguridad y Comodidad con Solo tocar un Bot\u00f3n"},"content":{"rendered":"<p>El abrelatas f\u00e1cil de tocar es una herramienta esencial para cualquier cocina, dise\u00f1ada especialmente para personas con discapacidad visual o movilidad limitada. Con solo tocar un bot\u00f3n, este abrelatas corta la parte superior de una lata sin necesidad de aplicar fuerza o presi\u00f3n, permitiendo quitar f\u00e1cilmente las tapas. Su innovador dise\u00f1o corta la lata desde un lado, asegurando que no queden bordes afilados y proporcionando una experiencia segura y sin riesgos.<\/p>\n<p>Este pr\u00e1ctico abrelatas tambi\u00e9n viene con un abridor de frascos Gripmate adicional, facilitando la apertura de frascos dif\u00edciles sin esfuerzo. El abrelatas requiere 2 pilas AA (no incluidas), lo que garantiza un rendimiento eficiente y duradero. Al adquirir este producto, no solo mejoras la funcionalidad de tu cocina, sino que tambi\u00e9n colaboras con la Fundaci\u00f3n 0 Barreras, apoyando una causa noble que busca mejorar la calidad de vida de personas con discapacidad.<\/p>","protected":false},"excerpt":{"rendered":"<p>El abrelatas f\u00e1cil de tocar corta la parte superior de una lata con solo tocar un bot\u00f3n, sin necesidad de fuerza ni presi\u00f3n. Corta desde un lado, sin dejar bordes afilados. Incluye un abridor de frascos Gripmate adicional. Requiere 2 pilas AA (no incluidas). Al comprar este producto, apoyas a la Fundaci\u00f3n 0 Barreras.<\/p>","protected":false},"featured_media":4071,"comment_status":"open","ping_status":"closed","template":"","meta":[],"product_cat":[222,217],"product_tag":[],"class_list":["post-4070","product","type-product","status-publish","has-post-thumbnail","hentry","product_cat-ayudas-para-la-cocina","product_cat-productos-de-ayuda-para-la-vida-diaria"],"_links":{"self":[{"href":"https:\/\/0barreras.com\/en\/wp-json\/wp\/v2\/product\/4070","targetHints":{"allow":["GET"]}}],"collection":[{"href":"https:\/\/0barreras.com\/en\/wp-json\/wp\/v2\/product"}],"about":[{"href":"https:\/\/0barreras.com\/en\/wp-json\/wp\/v2\/types\/product"}],"replies":[{"embeddable":true,"href":"https:\/\/0barreras.com\/en\/wp-json\/wp\/v2\/comments?post=4070"}],"version-history":[{"count":2,"href":"https:\/\/0barreras.com\/en\/wp-json\/wp\/v2\/product\/4070\/revisions"}],"predecessor-version":[{"id":4592,"href":"https:\/\/0barreras.com\/en\/wp-json\/wp\/v2\/product\/4070\/revisions\/4592"}],"wp:featuredmedia":[{"embeddable":true,"href":"https:\/\/0barreras.com\/en\/wp-json\/wp\/v2\/media\/4071"}],"wp:attachment":[{"href":"https:\/\/0barreras.com\/en\/wp-json\/wp\/v2\/media?parent=4070"}],"wp:term":[{"taxonomy":"product_cat","embeddable":true,"href":"https:\/\/0barreras.com\/en\/wp-json\/wp\/v2\/product_cat?post=4070"},{"taxonomy":"product_tag","embeddable":true,"href":"https:\/\/0barreras.com\/en\/wp-json\/wp\/v2\/product_tag?post=4070"}],"curies":[{"name":"wp","href":"https:\/\/api.w.org\/{rel}","templated":true}]}}