{"id":407,"date":"2024-01-23T19:11:38","date_gmt":"2024-01-24T00:11:38","guid":{"rendered":"https:\/\/0barreras.com\/?post_type=product&#038;p=407"},"modified":"2024-04-02T19:18:09","modified_gmt":"2024-04-03T00:18:09","slug":"almohadilla-de-carga-y-base-para-lupas-inalambricas-schweizer","status":"publish","type":"product","link":"https:\/\/0barreras.com\/en\/product\/almohadilla-de-carga-y-base-para-lupas-inalambricas-schweizer\/","title":{"rendered":"Cargador inal\u00e1mbrico con base para lupas inal\u00e1mbricas Schweizer"},"content":{"rendered":"<p>El cargador inal\u00e1mbrico para las lupas de carga por inducci\u00f3n Schweizer i mobil se encaja en la base de carga incluida y ayuda a garantizar que siempre coloque el mango de la lupa correctamente en la almohadilla de carga. La base ayuda a centrar el mango de la lupa en la almohadilla para garantizar una conexi\u00f3n de carga exitosa en todo momento. Con unas medidas aproximadas de 3.6&#8243; x 4.2&#8243;, es adecuado para todas las lupas de mano de carga inal\u00e1mbrica Schweizer ERGO-lux i mobil de potencia.<\/p>","protected":false},"excerpt":{"rendered":"<p>El cargador inal\u00e1mbrico para lupas Schweizer i mobil asegura que el mango de la lupa se coloque correctamente en la almohadilla de carga, garantizando una conexi\u00f3n de carga exitosa. Es compatible con todas las lupas de mano de carga inal\u00e1mbrica Schweizer ERGO-lux i mobil.<\/p>","protected":false},"featured_media":429,"comment_status":"open","ping_status":"closed","template":"","meta":[],"product_cat":[42,56,53],"product_tag":[],"class_list":["post-407","product","type-product","status-publish","has-post-thumbnail","hentry","product_cat-accesorios","product_cat-accesorios-schweizer","product_cat-lupas-schweizer-lupas"],"_links":{"self":[{"href":"https:\/\/0barreras.com\/en\/wp-json\/wp\/v2\/product\/407","targetHints":{"allow":["GET"]}}],"collection":[{"href":"https:\/\/0barreras.com\/en\/wp-json\/wp\/v2\/product"}],"about":[{"href":"https:\/\/0barreras.com\/en\/wp-json\/wp\/v2\/types\/product"}],"replies":[{"embeddable":true,"href":"https:\/\/0barreras.com\/en\/wp-json\/wp\/v2\/comments?post=407"}],"version-history":[{"count":1,"href":"https:\/\/0barreras.com\/en\/wp-json\/wp\/v2\/product\/407\/revisions"}],"predecessor-version":[{"id":428,"href":"https:\/\/0barreras.com\/en\/wp-json\/wp\/v2\/product\/407\/revisions\/428"}],"wp:featuredmedia":[{"embeddable":true,"href":"https:\/\/0barreras.com\/en\/wp-json\/wp\/v2\/media\/429"}],"wp:attachment":[{"href":"https:\/\/0barreras.com\/en\/wp-json\/wp\/v2\/media?parent=407"}],"wp:term":[{"taxonomy":"product_cat","embeddable":true,"href":"https:\/\/0barreras.com\/en\/wp-json\/wp\/v2\/product_cat?post=407"},{"taxonomy":"product_tag","embeddable":true,"href":"https:\/\/0barreras.com\/en\/wp-json\/wp\/v2\/product_tag?post=407"}],"curies":[{"name":"wp","href":"https:\/\/api.w.org\/{rel}","templated":true}]}}