{"id":404,"date":"2024-01-23T18:53:59","date_gmt":"2024-01-23T23:53:59","guid":{"rendered":"https:\/\/0barreras.com\/?post_type=product&#038;p=404"},"modified":"2024-01-23T18:55:15","modified_gmt":"2024-01-23T23:55:15","slug":"lupa-de-bolsillo-schweizer-ergo-lux-mp-56d-15x-35mm","status":"publish","type":"product","link":"https:\/\/0barreras.com\/en\/product\/lupa-de-bolsillo-schweizer-ergo-lux-mp-56d-15x-35mm\/","title":{"rendered":"Lupa de bolsillo Schweizer ERGO-Lux MP 56D \/ 15X \/ 35mm"},"content":{"rendered":"<p>Las nuevas e innovadoras lupas de mano de Schweizer aportan calidad, tecnolog\u00eda y dise\u00f1o al mundo de las lupas \u00f3pticas. Varias caracter\u00edsticas nuevas les ayudan a proporcionar una excelente opci\u00f3n para el usuario con baja visi\u00f3n. La serie m\u00f3vil ERGO-Lux MP (Multi Power) est\u00e1 disponible en 11 potencias diferentes, que van desde 6D (2,5X) hasta 56D (15X). En las potencias m\u00e1s bajas, las lentes rectangulares est\u00e1n disponibles en una cabeza angular o recta. La iluminaci\u00f3n LED se dispersa uniformemente por toda el \u00e1rea de visi\u00f3n, gracias a la tecnolog\u00eda LED SMD multichip que proporciona una distribuci\u00f3n uniforme de la luz y el ajuste preciso de la intensidad de la luz. El nivel de brillo se puede controlar con el interruptor de refuerzo Multi-Power de 2 pasos. El bot\u00f3n de deslizamiento suave ofrece 2 niveles de iluminaci\u00f3n, con un clic audible para marcar los diferentes pasos de iluminaci\u00f3n. Esta lupa funciona con 3 pilas AAA (incluidas, para mayor comodidad). 18 horas de iluminaci\u00f3n ofrecidas a la potencia de iluminaci\u00f3n m\u00e1s baja y 10 horas al nivel m\u00e1s alto.<\/p>\n<p>Aqu\u00ed se presenta la lupa de mano 56D \/ 15X, una de las lupas de bolsillo m\u00e1s fuertes disponibles en el mercado. Con una potencia tan alta. Tiene solo una lente de 35 mm (1,4&#8243;) de di\u00e1metro y una distancia de trabajo (la distancia entre la lente y el papel) que es inferior a 1&#8243;.<\/p>\n<p>Aumente la funcionalidad de su lupa convirti\u00e9ndola en una lupa de pie manos libres con el uso de un soporte de pl\u00e1stico opcional. Inserte la lupa en el soporte y se convertir\u00e1 en una lupa de pie de manos libres, lo que le permitir\u00e1 realizar tareas simples. Esta base opcional debe comprarse para la potencia espec\u00edfica de una lupa determinada y establecer\u00e1 la distancia focal correcta para esa potencia. La base independiente de la lupa de mano 56D \/ 15X ERGO es el n\u00famero de modelo 160562.<\/p>\n<p><strong>Funciones<\/strong><\/p>\n<ul>\n<li>6500 Kelvin, color LED brillante a la luz del d\u00eda<\/li>\n<li>MP (Multi Power), 2 niveles de brillo de paso<\/li>\n<li>Dise\u00f1o ergon\u00f3mico y zona suave al tacto para una mayor fuerza de agarre<\/li>\n<li>Lente asf\u00e9rica y ligera<\/li>\n<li>Hasta 18 horas de vida \u00fatil con un juego de bater\u00edas<\/li>\n<li>F\u00e1cil sustituci\u00f3n de la bater\u00eda, con un sencillo mecanismo de cierre en el mango<\/li>\n<li>Funcionamiento con 3 pilas AAA, pilas incluidas<\/li>\n<li>Pr\u00e1ctico lazo de cord\u00f3n integrado<\/li>\n<li>Fabricado en Alemania<\/li>\n<\/ul>","protected":false},"excerpt":{"rendered":"<p>Aqu\u00ed se presenta la lupa de mano 56D \/ 15X, una de las lupas de bolsillo m\u00e1s fuertes disponibles en el mercado. Con una potencia tan alta. Tiene solo una lente de 35 mm (1,4&#8243;) de di\u00e1metro y una distancia de trabajo (la distancia entre la lente y el papel) que es inferior a 1&#8243;.<\/p>","protected":false},"featured_media":401,"comment_status":"open","ping_status":"closed","template":"","meta":[],"product_cat":[18,52,55,53],"product_tag":[],"class_list":["post-404","product","type-product","status-publish","has-post-thumbnail","hentry","product_cat-baja-vision","product_cat-lupas","product_cat-lupas-de-bolsillo-schweizer-ergo-lux-mp-mobil","product_cat-lupas-schweizer-lupas"],"_links":{"self":[{"href":"https:\/\/0barreras.com\/en\/wp-json\/wp\/v2\/product\/404","targetHints":{"allow":["GET"]}}],"collection":[{"href":"https:\/\/0barreras.com\/en\/wp-json\/wp\/v2\/product"}],"about":[{"href":"https:\/\/0barreras.com\/en\/wp-json\/wp\/v2\/types\/product"}],"replies":[{"embeddable":true,"href":"https:\/\/0barreras.com\/en\/wp-json\/wp\/v2\/comments?post=404"}],"version-history":[{"count":0,"href":"https:\/\/0barreras.com\/en\/wp-json\/wp\/v2\/product\/404\/revisions"}],"wp:featuredmedia":[{"embeddable":true,"href":"https:\/\/0barreras.com\/en\/wp-json\/wp\/v2\/media\/401"}],"wp:attachment":[{"href":"https:\/\/0barreras.com\/en\/wp-json\/wp\/v2\/media?parent=404"}],"wp:term":[{"taxonomy":"product_cat","embeddable":true,"href":"https:\/\/0barreras.com\/en\/wp-json\/wp\/v2\/product_cat?post=404"},{"taxonomy":"product_tag","embeddable":true,"href":"https:\/\/0barreras.com\/en\/wp-json\/wp\/v2\/product_tag?post=404"}],"curies":[{"name":"wp","href":"https:\/\/api.w.org\/{rel}","templated":true}]}}