{"id":4031,"date":"2024-06-16T07:12:23","date_gmt":"2024-06-16T12:12:23","guid":{"rendered":"https:\/\/0barreras.com\/?post_type=product&#038;p=4031"},"modified":"2024-07-08T21:32:43","modified_gmt":"2024-07-09T02:32:43","slug":"destapador-de-latas-o-botellas-multiple-de-6-vias","status":"publish","type":"product","link":"https:\/\/0barreras.com\/en\/product\/destapador-de-latas-o-botellas-multiple-de-6-vias\/","title":{"rendered":"destapador M\u00faltiple de 6 V\u00edas &#8211; Comodidad y Durabilidad para una Apertura F\u00e1cil"},"content":{"rendered":"<p>El abridor m\u00faltiple de 6 v\u00edas es la soluci\u00f3n perfecta\u00a0 para quienes tienen dificultades para abrir frascos, latas y botellas. Dise\u00f1ado para proporcionar m\u00e1xima comodidad y eficiencia, este abridor cuenta con un agarre c\u00f3modo y duradero, ideal para personas mayores, discapacitadas o cualquiera que busque facilidad en su uso diario. Con este vers\u00e1til dispositivo, podr\u00e1s abrir sin esfuerzo latas, botellas de bebidas, botellas de metal, tapas de rosca, frascos, bolsas de pl\u00e1stico selladas y algunos sellos de seguridad de aluminio.<\/p>\n<p>Fabricado con materiales de alta calidad, el abridor m\u00faltiple de 6 v\u00edas garantiza durabilidad y resistencia, asegurando un rendimiento \u00f3ptimo a largo plazo. Su dise\u00f1o ergon\u00f3mico permite un agarre firme y seguro, evitando deslizamientos y brindando una experiencia de uso c\u00f3moda y sin estr\u00e9s. Este abridor no solo es una herramienta pr\u00e1ctica y funcional, sino que tambi\u00e9n representa una gran inversi\u00f3n en tu bienestar diario.<\/p>\n<p>Al adquirir este producto, estar\u00e1s apoyando a la Fundaci\u00f3n 0 Barreras, una organizaci\u00f3n dedicada a mejorar la calidad de vida de las personas con discapacidades. Tu compra contribuye a una causa noble y significativa, haciendo una diferencia en la vida de muchos.<\/p>","protected":false},"excerpt":{"rendered":"<p>El abridor m\u00faltiple de 6 v\u00edas facilita la apertura de frascos, latas y botellas con su agarre c\u00f3modo y duradero. Ideal para personas mayores y discapacitadas. Abre latas, botellas de bebidas, tapas de rosca, frascos y m\u00e1s. Compra este producto y apoya a la Fundaci\u00f3n 0 Barreras.<\/p>","protected":false},"featured_media":4032,"comment_status":"open","ping_status":"closed","template":"","meta":[],"product_cat":[222,217],"product_tag":[],"class_list":["post-4031","product","type-product","status-publish","has-post-thumbnail","hentry","product_cat-ayudas-para-la-cocina","product_cat-productos-de-ayuda-para-la-vida-diaria"],"_links":{"self":[{"href":"https:\/\/0barreras.com\/en\/wp-json\/wp\/v2\/product\/4031","targetHints":{"allow":["GET"]}}],"collection":[{"href":"https:\/\/0barreras.com\/en\/wp-json\/wp\/v2\/product"}],"about":[{"href":"https:\/\/0barreras.com\/en\/wp-json\/wp\/v2\/types\/product"}],"replies":[{"embeddable":true,"href":"https:\/\/0barreras.com\/en\/wp-json\/wp\/v2\/comments?post=4031"}],"version-history":[{"count":2,"href":"https:\/\/0barreras.com\/en\/wp-json\/wp\/v2\/product\/4031\/revisions"}],"predecessor-version":[{"id":4562,"href":"https:\/\/0barreras.com\/en\/wp-json\/wp\/v2\/product\/4031\/revisions\/4562"}],"wp:featuredmedia":[{"embeddable":true,"href":"https:\/\/0barreras.com\/en\/wp-json\/wp\/v2\/media\/4032"}],"wp:attachment":[{"href":"https:\/\/0barreras.com\/en\/wp-json\/wp\/v2\/media?parent=4031"}],"wp:term":[{"taxonomy":"product_cat","embeddable":true,"href":"https:\/\/0barreras.com\/en\/wp-json\/wp\/v2\/product_cat?post=4031"},{"taxonomy":"product_tag","embeddable":true,"href":"https:\/\/0barreras.com\/en\/wp-json\/wp\/v2\/product_tag?post=4031"}],"curies":[{"name":"wp","href":"https:\/\/api.w.org\/{rel}","templated":true}]}}