{"id":4030,"date":"2024-06-16T07:08:06","date_gmt":"2024-06-16T12:08:06","guid":{"rendered":"https:\/\/0barreras.com\/?post_type=product&#038;p=4030"},"modified":"2024-07-08T21:28:01","modified_gmt":"2024-07-09T02:28:01","slug":"plato-con-cavidad-inferior","status":"publish","type":"product","link":"https:\/\/0barreras.com\/en\/product\/plato-con-cavidad-inferior\/","title":{"rendered":"Plato de cavidad Interior Antideslizante para Autoalimentaci\u00f3n &#8211; Ligero, Duradero y Apto para Microondas y Lavavajillas."},"content":{"rendered":"<p>El plato de labio interior est\u00e1 especialmente dise\u00f1ado para ser utilizado por personas mayores o discapacitadas, proporcionando una ayuda efectiva para la autoalimentaci\u00f3n. El labio interno mantiene la comida en el plato, permitiendo que la persona lleve el tenedor o la cuchara al borde del plato con facilidad. Este plato se ha utilizado con mucho \u00e9xito en cientos de hogares de ancianos y hospitales, y es perfecto para usar en casa, combin\u00e1ndose sin problemas con la vajilla normal.<\/p>\n<p>Fabricado con polipropileno irrompible moldeado, el plato es liviano, duradero y f\u00e1cil de limpiar. Adem\u00e1s, es apto para lavavajillas y microondas, ofreciendo m\u00e1xima comodidad en su uso y mantenimiento. Su color blanco roto le proporciona un aspecto elegante y discreto. Con un peso de solo 170 gramos (6 onzas), una altura de 2.54 cm (1 pulgada) y un di\u00e1metro de 22.86 cm (9 pulgadas), este plato es pr\u00e1ctico y manejable.<\/p>\n<p>Tambi\u00e9n est\u00e1 disponible con una almohadilla de goma antideslizante empotrada en la parte inferior, proporcionando mayor estabilidad durante su uso. Al adquirir este producto, no solo mejorar\u00e1s tu calidad de vida, sino que tambi\u00e9n apoyar\u00e1s a la Fundaci\u00f3n 0 Barreras, contribuyendo a una causa noble y significativa.<\/p>","protected":false},"excerpt":{"rendered":"<p>El plato de cavidad interior facilita la autoalimentaci\u00f3n para personas mayores o con discapacidades. Hecho de polipropileno irrompible, es liviano, duradero, f\u00e1cil de limpiar y apto para microondas y lavavajillas. Disponible con una almohadilla de goma antideslizante. Peso: 170 gramos. Dimensiones: 2.54 cm de altura y 22.86 cm de di\u00e1metro. Compra este producto y apoya a la Fundaci\u00f3n 0 Barreras.<\/p>","protected":false},"featured_media":4029,"comment_status":"open","ping_status":"closed","template":"","meta":[],"product_cat":[217,221],"product_tag":[],"class_list":["post-4030","product","type-product","status-publish","has-post-thumbnail","hentry","product_cat-productos-de-ayuda-para-la-vida-diaria","product_cat-utensilios-para-comer"],"_links":{"self":[{"href":"https:\/\/0barreras.com\/en\/wp-json\/wp\/v2\/product\/4030","targetHints":{"allow":["GET"]}}],"collection":[{"href":"https:\/\/0barreras.com\/en\/wp-json\/wp\/v2\/product"}],"about":[{"href":"https:\/\/0barreras.com\/en\/wp-json\/wp\/v2\/types\/product"}],"replies":[{"embeddable":true,"href":"https:\/\/0barreras.com\/en\/wp-json\/wp\/v2\/comments?post=4030"}],"version-history":[{"count":2,"href":"https:\/\/0barreras.com\/en\/wp-json\/wp\/v2\/product\/4030\/revisions"}],"predecessor-version":[{"id":4560,"href":"https:\/\/0barreras.com\/en\/wp-json\/wp\/v2\/product\/4030\/revisions\/4560"}],"wp:featuredmedia":[{"embeddable":true,"href":"https:\/\/0barreras.com\/en\/wp-json\/wp\/v2\/media\/4029"}],"wp:attachment":[{"href":"https:\/\/0barreras.com\/en\/wp-json\/wp\/v2\/media?parent=4030"}],"wp:term":[{"taxonomy":"product_cat","embeddable":true,"href":"https:\/\/0barreras.com\/en\/wp-json\/wp\/v2\/product_cat?post=4030"},{"taxonomy":"product_tag","embeddable":true,"href":"https:\/\/0barreras.com\/en\/wp-json\/wp\/v2\/product_tag?post=4030"}],"curies":[{"name":"wp","href":"https:\/\/api.w.org\/{rel}","templated":true}]}}