{"id":4008,"date":"2024-06-16T07:00:20","date_gmt":"2024-06-16T12:00:20","guid":{"rendered":"https:\/\/0barreras.com\/?post_type=product&#038;p=4008"},"modified":"2024-07-08T10:38:18","modified_gmt":"2024-07-08T15:38:18","slug":"utensilios-con-peso","status":"publish","type":"product","link":"https:\/\/0barreras.com\/en\/product\/utensilios-con-peso\/","title":{"rendered":"Utensilios para comer Pesados Ergon\u00f3micos &#8211; Estabilidad y Control para una Alimentaci\u00f3n sin Esfuerzo"},"content":{"rendered":"<p>Nuestros utensilios pesados son la soluci\u00f3n perfecta para\u00a0 personas con manos temblorosas, movilidad limitada y problemas de agarre. Dise\u00f1ados para mejorar la experiencia de alimentaci\u00f3n, estos utensilios cuentan con un peso adicional de 8 onzas (227 gramos) en cada mango, lo que ayuda a reducir los efectos de las sacudidas y proporciona una mayor estabilidad y control.<\/p>\n<p>El mango de 2.5 cm (1 pulgada) de di\u00e1metro y 11.4 cm (4.5 pulgadas) de largo es f\u00e1cil de agarrar y est\u00e1 contorneado para adaptarse c\u00f3modamente a los dedos. Este dise\u00f1o ergon\u00f3mico es ideal para personas con funci\u00f3n limitada de la mano, enfermedad de Parkinson, temblores o espasticidad, ya que el peso adicional y el tama\u00f1o del mango proporcionan un agarre firme y seguro.<\/p>\n<p>Disponibles en cucharadita, cuchara sopera, tenedor y cuchillo, estos utensilios se deben pedir por separado para satisfacer tus necesidades espec\u00edficas. Adem\u00e1s, son aptos para lavavajillas hasta 52 \u00b0C (125 \u00b0F), garantizando una limpieza f\u00e1cil y segura.<\/p>\n<p>Al elegir nuestros utensilios pesados, no solo est\u00e1s invirtiendo en un producto de calidad que mejora tu independencia y comodidad, sino que tambi\u00e9n est\u00e1s colaborando con la Fundaci\u00f3n 0 Barreras (<a href=\"http:\/\/www.0barreras.org\" target=\"_new\" rel=\"noreferrer noopener\">www.0barreras.org<\/a>), apoyando as\u00ed a personas con discapacidades visuales y auditivas. Haz tu vida m\u00e1s sencilla y ayuda a otros al mismo tiempo.<\/p>\n<p><strong>Descripci\u00f3n resumida:<\/strong><\/p>\n<p>Nuestros utensilios pesados, con 227 gramos (8 onzas) ad<\/p>","protected":false},"excerpt":{"rendered":"<p>Nuestros utensilios pesados, con 227 gramos (8 onzas) adicionales y mangos ergon\u00f3micos de 2.5 cm, son perfectos para personas con temblores o movilidad limitada. Mejoran la estabilidad y el control al comer, y son aptos para lavavajillas. Al comprarlos, apoyas a la Fundaci\u00f3n 0 Barreras (<a href=\"http:\/\/www.0barreras.org\" target=\"_new\" rel=\"noreferrer noopener\">www.0barreras.org<\/a>).<\/p>","protected":false},"featured_media":4009,"comment_status":"open","ping_status":"closed","template":"","meta":[],"product_cat":[217,221],"product_tag":[],"class_list":["post-4008","product","type-product","status-publish","has-post-thumbnail","hentry","product_cat-productos-de-ayuda-para-la-vida-diaria","product_cat-utensilios-para-comer"],"_links":{"self":[{"href":"https:\/\/0barreras.com\/en\/wp-json\/wp\/v2\/product\/4008","targetHints":{"allow":["GET"]}}],"collection":[{"href":"https:\/\/0barreras.com\/en\/wp-json\/wp\/v2\/product"}],"about":[{"href":"https:\/\/0barreras.com\/en\/wp-json\/wp\/v2\/types\/product"}],"replies":[{"embeddable":true,"href":"https:\/\/0barreras.com\/en\/wp-json\/wp\/v2\/comments?post=4008"}],"version-history":[{"count":2,"href":"https:\/\/0barreras.com\/en\/wp-json\/wp\/v2\/product\/4008\/revisions"}],"predecessor-version":[{"id":4549,"href":"https:\/\/0barreras.com\/en\/wp-json\/wp\/v2\/product\/4008\/revisions\/4549"}],"wp:featuredmedia":[{"embeddable":true,"href":"https:\/\/0barreras.com\/en\/wp-json\/wp\/v2\/media\/4009"}],"wp:attachment":[{"href":"https:\/\/0barreras.com\/en\/wp-json\/wp\/v2\/media?parent=4008"}],"wp:term":[{"taxonomy":"product_cat","embeddable":true,"href":"https:\/\/0barreras.com\/en\/wp-json\/wp\/v2\/product_cat?post=4008"},{"taxonomy":"product_tag","embeddable":true,"href":"https:\/\/0barreras.com\/en\/wp-json\/wp\/v2\/product_tag?post=4008"}],"curies":[{"name":"wp","href":"https:\/\/api.w.org\/{rel}","templated":true}]}}