{"id":4006,"date":"2024-06-16T06:59:01","date_gmt":"2024-06-16T11:59:01","guid":{"rendered":"https:\/\/0barreras.com\/?post_type=product&#038;p=4006"},"modified":"2024-07-08T10:33:14","modified_gmt":"2024-07-08T15:33:14","slug":"plato-dividido-en-3-secciones-de-melamina-plastica","status":"publish","type":"product","link":"https:\/\/0barreras.com\/en\/product\/plato-dividido-en-3-secciones-de-melamina-plastica\/","title":{"rendered":"Plato de Melamina con Divisiones &#8211; Facilita la Alimentaci\u00f3n y Mantiene los Alimentos Separados"},"content":{"rendered":"<p>Presentamos nuestra innovadora placa de melamina pl\u00e1stica con tres secciones divididas, ideal para personas que necesitan mantener los alimentos separados. Las divisiones est\u00e1n dise\u00f1adas con buzos elevados, lo que no solo ayuda a mantener la comida en su lugar, sino que tambi\u00e9n proporciona superficies adicionales para empujar la comida hacia un tenedor o una cuchara, facilitando as\u00ed la alimentaci\u00f3n.<\/p>\n<p>La placa cuenta con una secci\u00f3n principal m\u00e1s grande y dos secciones m\u00e1s peque\u00f1as, permitiendo una organizaci\u00f3n eficiente de los alimentos. Este dise\u00f1o es especialmente \u00fatil para personas con destreza limitada o dificultades motoras, ya que hace que la hora de comer sea m\u00e1s accesible y menos frustrante. La melamina pl\u00e1stica es un material duradero y resistente, asegurando que la placa sea una adici\u00f3n confiable a tu cocina.<\/p>\n<p>Adem\u00e1s, la placa es apta para lavaplatos, lo que facilita su limpieza y mantenimiento, asegurando una higiene adecuada despu\u00e9s de cada uso.<\/p>\n<p>Al elegir nuestra placa de melamina pl\u00e1stica, no solo est\u00e1s adquiriendo un producto de alta calidad que mejora la experiencia de alimentaci\u00f3n, sino que tambi\u00e9n est\u00e1s colaborando con la Fundaci\u00f3n 0 Barreras (<a href=\"http:\/\/www.0barreras.org\" target=\"_new\" rel=\"noreferrer noopener\">www.0barreras.org<\/a>), apoyando a personas con discapacidades visuales y auditivas. Haz tu vida m\u00e1s f\u00e1cil y ayuda a otros al mismo tiempo.<\/p>","protected":false},"excerpt":{"rendered":"<p>Nuestra placa de melamina pl\u00e1stica con tres secciones divididas es perfecta para mantener los alimentos separados y facilitar la alimentaci\u00f3n. Con buzos elevados y dise\u00f1o apto para lavaplatos, es ideal para personas con destreza limitada. Al comprarla, apoyas a la Fundaci\u00f3n 0 Barreras (<a href=\"http:\/\/www.0barreras.org\" target=\"_new\" rel=\"noreferrer noopener\">www.0barreras.org<\/a>).<\/p>","protected":false},"featured_media":4007,"comment_status":"open","ping_status":"closed","template":"","meta":[],"product_cat":[217,221],"product_tag":[],"class_list":["post-4006","product","type-product","status-publish","has-post-thumbnail","hentry","product_cat-productos-de-ayuda-para-la-vida-diaria","product_cat-utensilios-para-comer"],"_links":{"self":[{"href":"https:\/\/0barreras.com\/en\/wp-json\/wp\/v2\/product\/4006","targetHints":{"allow":["GET"]}}],"collection":[{"href":"https:\/\/0barreras.com\/en\/wp-json\/wp\/v2\/product"}],"about":[{"href":"https:\/\/0barreras.com\/en\/wp-json\/wp\/v2\/types\/product"}],"replies":[{"embeddable":true,"href":"https:\/\/0barreras.com\/en\/wp-json\/wp\/v2\/comments?post=4006"}],"version-history":[{"count":2,"href":"https:\/\/0barreras.com\/en\/wp-json\/wp\/v2\/product\/4006\/revisions"}],"predecessor-version":[{"id":4547,"href":"https:\/\/0barreras.com\/en\/wp-json\/wp\/v2\/product\/4006\/revisions\/4547"}],"wp:featuredmedia":[{"embeddable":true,"href":"https:\/\/0barreras.com\/en\/wp-json\/wp\/v2\/media\/4007"}],"wp:attachment":[{"href":"https:\/\/0barreras.com\/en\/wp-json\/wp\/v2\/media?parent=4006"}],"wp:term":[{"taxonomy":"product_cat","embeddable":true,"href":"https:\/\/0barreras.com\/en\/wp-json\/wp\/v2\/product_cat?post=4006"},{"taxonomy":"product_tag","embeddable":true,"href":"https:\/\/0barreras.com\/en\/wp-json\/wp\/v2\/product_tag?post=4006"}],"curies":[{"name":"wp","href":"https:\/\/api.w.org\/{rel}","templated":true}]}}