{"id":3987,"date":"2024-06-16T06:51:37","date_gmt":"2024-06-16T11:51:37","guid":{"rendered":"https:\/\/0barreras.com\/?post_type=product&#038;p=3987"},"modified":"2024-07-08T10:13:32","modified_gmt":"2024-07-08T15:13:32","slug":"tirador-de-cremallera-lazo-de-boton","status":"publish","type":"product","link":"https:\/\/0barreras.com\/en\/product\/tirador-de-cremallera-lazo-de-boton\/","title":{"rendered":"Herramienta Ergon\u00f3mica para Botones y Cremalleras &#8211; Facilidad y Comodidad al Alcance"},"content":{"rendered":"<p>Descubre la comodidad y facilidad de uso con nuestra herramienta de ayuda para botones y cremalleras, ideal para personas con movilidad o visi\u00f3n limitadas. Este producto est\u00e1 dise\u00f1ado espec\u00edficamente para facilitar la vida diaria, permiti\u00e9ndote abotonar y cerrar cremalleras sin esfuerzo. Con un mango ergon\u00f3mico que asegura un agarre firme y c\u00f3modo, esta herramienta se convierte en un aliado imprescindible en tu rutina diaria.<\/p>\n<p>Las caracter\u00edsticas de nuestra herramienta incluyen un gancho de acero inoxidable para botones y un tirador de cremallera robusto que aseguran durabilidad y eficiencia. El dise\u00f1o liviano y compacto hace que sea f\u00e1cil de manejar y transportar, adapt\u00e1ndose a cualquier situaci\u00f3n. Adem\u00e1s, su uso no requiere fuerza excesiva, lo que la hace perfecta para personas mayores o con limitaciones f\u00edsicas.<\/p>\n<p>Al elegir nuestra herramienta de ayuda para botones y cremalleras, no solo est\u00e1s invirtiendo en un producto de calidad que mejora tu independencia y autonom\u00eda, sino que tambi\u00e9n est\u00e1s colaborando con la Fundaci\u00f3n 0 Barreras (<a href=\"http:\/\/www.0barreras.org\" target=\"_new\" rel=\"noreferrer noopener\">www.0barreras.org<\/a>), apoyando as\u00ed a personas con discapacidades visuales y auditivas. Haz tu vida m\u00e1s sencilla y ayuda a otros al mismo tiempo.<\/p>","protected":false},"excerpt":{"rendered":"<p>Nuestra herramienta de ayuda para botones y cremalleras facilita la vida de personas con movilidad o visi\u00f3n limitadas, permiti\u00e9ndoles abotonar y cerrar cremalleras sin esfuerzo. Con un dise\u00f1o ergon\u00f3mico y robusto, es perfecta para uso diario. Adem\u00e1s, al realizar una compra, est\u00e1s colaborando con la Fundaci\u00f3n 0 Barreras (<a href=\"http:\/\/www.0barreras.org\" target=\"_new\" rel=\"noreferrer noopener\">www.0barreras.org<\/a>).<\/p>","protected":false},"featured_media":3988,"comment_status":"open","ping_status":"closed","template":"","meta":[],"product_cat":[219,237,217],"product_tag":[],"class_list":["post-3987","product","type-product","status-publish","has-post-thumbnail","hentry","product_cat-ayudas-para-vestirte","product_cat-cuidado-personal","product_cat-productos-de-ayuda-para-la-vida-diaria"],"_links":{"self":[{"href":"https:\/\/0barreras.com\/en\/wp-json\/wp\/v2\/product\/3987","targetHints":{"allow":["GET"]}}],"collection":[{"href":"https:\/\/0barreras.com\/en\/wp-json\/wp\/v2\/product"}],"about":[{"href":"https:\/\/0barreras.com\/en\/wp-json\/wp\/v2\/types\/product"}],"replies":[{"embeddable":true,"href":"https:\/\/0barreras.com\/en\/wp-json\/wp\/v2\/comments?post=3987"}],"version-history":[{"count":2,"href":"https:\/\/0barreras.com\/en\/wp-json\/wp\/v2\/product\/3987\/revisions"}],"predecessor-version":[{"id":4541,"href":"https:\/\/0barreras.com\/en\/wp-json\/wp\/v2\/product\/3987\/revisions\/4541"}],"wp:featuredmedia":[{"embeddable":true,"href":"https:\/\/0barreras.com\/en\/wp-json\/wp\/v2\/media\/3988"}],"wp:attachment":[{"href":"https:\/\/0barreras.com\/en\/wp-json\/wp\/v2\/media?parent=3987"}],"wp:term":[{"taxonomy":"product_cat","embeddable":true,"href":"https:\/\/0barreras.com\/en\/wp-json\/wp\/v2\/product_cat?post=3987"},{"taxonomy":"product_tag","embeddable":true,"href":"https:\/\/0barreras.com\/en\/wp-json\/wp\/v2\/product_tag?post=3987"}],"curies":[{"name":"wp","href":"https:\/\/api.w.org\/{rel}","templated":true}]}}