{"id":3962,"date":"2024-06-16T06:27:32","date_gmt":"2024-06-16T11:27:32","guid":{"rendered":"https:\/\/0barreras.com\/?post_type=product&#038;p=3962"},"modified":"2024-06-23T23:23:51","modified_gmt":"2024-06-24T04:23:51","slug":"75-braille-touch-para-ver-letras-numeros-adhesivos","status":"publish","type":"product","link":"https:\/\/0barreras.com\/en\/product\/75-braille-touch-para-ver-letras-numeros-adhesivos\/","title":{"rendered":"Etiquetas en Braille Elevadas y F\u00e1cilmente Detectables para Alimentos y Aprendizaje"},"content":{"rendered":"<p>Nuestra hoja de 176 letras y n\u00fameros despegables en braille es una soluci\u00f3n innovadora y pr\u00e1ctica dise\u00f1ada espec\u00edficamente para personas con discapacidades visuales y auditivas. Estas etiquetas pueden ser utilizadas para etiquetar alimentos enlatados, cajas y otros art\u00edculos, as\u00ed como para facilitar el aprendizaje del braille.<\/p>\n<p>Las letras y n\u00fameros en braille est\u00e1n elevados y son f\u00e1ciles de sentir, lo que permite una identificaci\u00f3n r\u00e1pida y precisa. Cada letra negra tiene una altura de 1.91 cent\u00edmetros (0.75 pulgadas), lo que proporciona una excelente legibilidad tanto para usuarios nuevos como experimentados del braille.<\/p>\n<p>Beneficios y ventajas:<\/p>\n<ul>\n<li><strong>Facilidad de uso<\/strong>: Las etiquetas son despegables, lo que permite una aplicaci\u00f3n sencilla en cualquier superficie.<\/li>\n<li><strong>Versatilidad<\/strong>: Ideales para etiquetar una variedad de objetos como alimentos enlatados, cajas y materiales de aprendizaje.<\/li>\n<li><strong>Accesibilidad mejorada<\/strong>: Las letras y n\u00fameros elevados facilitan la lectura t\u00e1ctil, mejorando la independencia y la confianza del usuario.<\/li>\n<li><strong>Tama\u00f1o \u00f3ptimo<\/strong>: La altura de 1.91 cent\u00edmetros de las letras garantiza que sean f\u00e1cilmente detectables al tacto.<\/li>\n<li><strong>Durabilidad<\/strong>: Fabricadas con materiales de alta calidad para asegurar una larga vida \u00fatil y resistencia al uso diario.<\/li>\n<\/ul>\n<p>Con esta hoja de etiquetas en braille, est\u00e1s adquiriendo una herramienta esencial que no solo mejora la accesibilidad sino que tambi\u00e9n promueve la autonom\u00eda y el aprendizaje de las personas con discapacidades visuales.<\/p>","protected":false},"excerpt":{"rendered":"<p>La hoja de 176 letras y n\u00fameros despegables en braille es perfecta para etiquetar alimentos, cajas y materiales educativos. Estas letras elevadas y f\u00e1ciles de sentir, de 1.91 cent\u00edmetros de alto, mejoran la accesibilidad y promueven la independencia de las personas con discapacidades visuales.<\/p>","protected":false},"featured_media":3963,"comment_status":"open","ping_status":"closed","template":"","meta":[],"product_cat":[217,218],"product_tag":[],"class_list":["post-3962","product","type-product","status-publish","has-post-thumbnail","hentry","product_cat-productos-de-ayuda-para-la-vida-diaria","product_cat-puntos-de-relieve"],"_links":{"self":[{"href":"https:\/\/0barreras.com\/en\/wp-json\/wp\/v2\/product\/3962","targetHints":{"allow":["GET"]}}],"collection":[{"href":"https:\/\/0barreras.com\/en\/wp-json\/wp\/v2\/product"}],"about":[{"href":"https:\/\/0barreras.com\/en\/wp-json\/wp\/v2\/types\/product"}],"replies":[{"embeddable":true,"href":"https:\/\/0barreras.com\/en\/wp-json\/wp\/v2\/comments?post=3962"}],"version-history":[{"count":2,"href":"https:\/\/0barreras.com\/en\/wp-json\/wp\/v2\/product\/3962\/revisions"}],"predecessor-version":[{"id":4511,"href":"https:\/\/0barreras.com\/en\/wp-json\/wp\/v2\/product\/3962\/revisions\/4511"}],"wp:featuredmedia":[{"embeddable":true,"href":"https:\/\/0barreras.com\/en\/wp-json\/wp\/v2\/media\/3963"}],"wp:attachment":[{"href":"https:\/\/0barreras.com\/en\/wp-json\/wp\/v2\/media?parent=3962"}],"wp:term":[{"taxonomy":"product_cat","embeddable":true,"href":"https:\/\/0barreras.com\/en\/wp-json\/wp\/v2\/product_cat?post=3962"},{"taxonomy":"product_tag","embeddable":true,"href":"https:\/\/0barreras.com\/en\/wp-json\/wp\/v2\/product_tag?post=3962"}],"curies":[{"name":"wp","href":"https:\/\/api.w.org\/{rel}","templated":true}]}}