{"id":3960,"date":"2024-06-16T06:26:46","date_gmt":"2024-06-16T11:26:46","guid":{"rendered":"https:\/\/0barreras.com\/?post_type=product&#038;p=3960"},"modified":"2024-06-23T18:39:03","modified_gmt":"2024-06-23T23:39:03","slug":"loc-dots-6-pk","status":"publish","type":"product","link":"https:\/\/0barreras.com\/en\/product\/loc-dots-6-pk\/","title":{"rendered":"Puntos Loc-dot Transparentes: Referencias T\u00e1ctiles Discretas y Eficaces para Tus Dispositivos y Electrodom\u00e9sticos"},"content":{"rendered":"<p>Los puntos Loc-dot transparentes son la soluci\u00f3n perfecta para crear puntos t\u00e1ctiles de referencia en una variedad de superficies como teclados, tel\u00e9fonos, configuraciones de lavadoras, estufas y perillas de hornos. Cada paquete contiene 6 puntos en relieve fabricados con pl\u00e1stico transparente y equipados con adhesivo de alta adherencia. Estos puntos no solo facilitan la orientaci\u00f3n t\u00e1ctil para personas con discapacidades visuales, sino que tambi\u00e9n ofrecen una soluci\u00f3n discreta y efectiva para usuarios en general que buscan mejorar la accesibilidad y la usabilidad de sus dispositivos y electrodom\u00e9sticos.<\/p>","protected":false},"excerpt":{"rendered":"<p>Los puntos Loc-dot transparentes proporcionan puntos t\u00e1ctiles de referencia con su dise\u00f1o en relieve y adhesivo de pl\u00e1stico transparente. Ideales para teclados, tel\u00e9fonos y electrodom\u00e9sticos, mejoran la accesibilidad y facilitan la orientaci\u00f3n t\u00e1ctil en diferentes superficies.<\/p>","protected":false},"featured_media":3961,"comment_status":"open","ping_status":"closed","template":"","meta":[],"product_cat":[217,218],"product_tag":[],"class_list":["post-3960","product","type-product","status-publish","has-post-thumbnail","hentry","product_cat-productos-de-ayuda-para-la-vida-diaria","product_cat-puntos-de-relieve"],"_links":{"self":[{"href":"https:\/\/0barreras.com\/en\/wp-json\/wp\/v2\/product\/3960","targetHints":{"allow":["GET"]}}],"collection":[{"href":"https:\/\/0barreras.com\/en\/wp-json\/wp\/v2\/product"}],"about":[{"href":"https:\/\/0barreras.com\/en\/wp-json\/wp\/v2\/types\/product"}],"replies":[{"embeddable":true,"href":"https:\/\/0barreras.com\/en\/wp-json\/wp\/v2\/comments?post=3960"}],"version-history":[{"count":2,"href":"https:\/\/0barreras.com\/en\/wp-json\/wp\/v2\/product\/3960\/revisions"}],"predecessor-version":[{"id":4510,"href":"https:\/\/0barreras.com\/en\/wp-json\/wp\/v2\/product\/3960\/revisions\/4510"}],"wp:featuredmedia":[{"embeddable":true,"href":"https:\/\/0barreras.com\/en\/wp-json\/wp\/v2\/media\/3961"}],"wp:attachment":[{"href":"https:\/\/0barreras.com\/en\/wp-json\/wp\/v2\/media?parent=3960"}],"wp:term":[{"taxonomy":"product_cat","embeddable":true,"href":"https:\/\/0barreras.com\/en\/wp-json\/wp\/v2\/product_cat?post=3960"},{"taxonomy":"product_tag","embeddable":true,"href":"https:\/\/0barreras.com\/en\/wp-json\/wp\/v2\/product_tag?post=3960"}],"curies":[{"name":"wp","href":"https:\/\/api.w.org\/{rel}","templated":true}]}}