{"id":3952,"date":"2024-06-16T06:22:54","date_gmt":"2024-06-16T11:22:54","guid":{"rendered":"https:\/\/0barreras.com\/?post_type=product&#038;p=3952"},"modified":"2024-07-01T18:22:20","modified_gmt":"2024-07-01T23:22:20","slug":"can-do-bumps-25-naranja-medio-en-forma-de-cono","status":"publish","type":"product","link":"https:\/\/0barreras.com\/en\/product\/can-do-bumps-25-naranja-medio-en-forma-de-cono\/","title":{"rendered":"Marcadores T\u00e1ctiles CAN-DO Bumps-25: Accesibilidad y Organizaci\u00f3n con Estilo"},"content":{"rendered":"<p>Los CAN-DO Bumps-25 son puntos en relieve 3D en forma de cono, de tama\u00f1o medio y color naranja brillante, ideales para mejorar la accesibilidad y la organizaci\u00f3n en entornos dom\u00e9sticos y de oficina. Cada hoja incluye 25 protuberancias c\u00f3nicas con reverso adhesivo, permitiendo una f\u00e1cil aplicaci\u00f3n en una variedad de superficies. Est\u00e1n dise\u00f1ados espec\u00edficamente para marcar y distinguir objetos mediante el tacto, facilitando la identificaci\u00f3n de electrodom\u00e9sticos, tel\u00e9fonos, televisores, muebles y m\u00e1s. La marcaci\u00f3n clara y distintiva que ofrecen ayuda a los usuarios con discapacidades visuales y auditivas a reconocer y utilizar los objetos de manera aut\u00f3noma y eficiente.<\/p>","protected":false},"excerpt":{"rendered":"<p>Los CAN-DO Bumps-25 son puntos en relieve 3D en forma de cono, naranja brillante, con reverso adhesivo para marcar y distinguir objetos t\u00e1ctilmente. Ideales para mejorar la accesibilidad y la organizaci\u00f3n en hogares y oficinas.<\/p>","protected":false},"featured_media":3953,"comment_status":"open","ping_status":"closed","template":"","meta":[],"product_cat":[217,218],"product_tag":[],"class_list":["post-3952","product","type-product","status-publish","has-post-thumbnail","hentry","product_cat-productos-de-ayuda-para-la-vida-diaria","product_cat-puntos-de-relieve"],"_links":{"self":[{"href":"https:\/\/0barreras.com\/en\/wp-json\/wp\/v2\/product\/3952","targetHints":{"allow":["GET"]}}],"collection":[{"href":"https:\/\/0barreras.com\/en\/wp-json\/wp\/v2\/product"}],"about":[{"href":"https:\/\/0barreras.com\/en\/wp-json\/wp\/v2\/types\/product"}],"replies":[{"embeddable":true,"href":"https:\/\/0barreras.com\/en\/wp-json\/wp\/v2\/comments?post=3952"}],"version-history":[{"count":4,"href":"https:\/\/0barreras.com\/en\/wp-json\/wp\/v2\/product\/3952\/revisions"}],"predecessor-version":[{"id":4520,"href":"https:\/\/0barreras.com\/en\/wp-json\/wp\/v2\/product\/3952\/revisions\/4520"}],"wp:featuredmedia":[{"embeddable":true,"href":"https:\/\/0barreras.com\/en\/wp-json\/wp\/v2\/media\/3953"}],"wp:attachment":[{"href":"https:\/\/0barreras.com\/en\/wp-json\/wp\/v2\/media?parent=3952"}],"wp:term":[{"taxonomy":"product_cat","embeddable":true,"href":"https:\/\/0barreras.com\/en\/wp-json\/wp\/v2\/product_cat?post=3952"},{"taxonomy":"product_tag","embeddable":true,"href":"https:\/\/0barreras.com\/en\/wp-json\/wp\/v2\/product_tag?post=3952"}],"curies":[{"name":"wp","href":"https:\/\/api.w.org\/{rel}","templated":true}]}}