{"id":392,"date":"2024-01-23T18:43:30","date_gmt":"2024-01-23T23:43:30","guid":{"rendered":"https:\/\/0barreras.com\/?post_type=product&#038;p=392"},"modified":"2024-01-23T18:45:36","modified_gmt":"2024-01-23T23:45:36","slug":"lupa-de-bolsillo-schweizer-ergo-lux-mp-12d-4x-70-mm","status":"publish","type":"product","link":"https:\/\/0barreras.com\/en\/product\/lupa-de-bolsillo-schweizer-ergo-lux-mp-12d-4x-70-mm\/","title":{"rendered":"Lupa de bolsillo Schweizer ERGO-Lux MP 12D \/ 4X \/ 70 mm"},"content":{"rendered":"<p>Las nuevas e innovadoras lupas de mano de Schweizer aportan calidad, tecnolog\u00eda y dise\u00f1o al mundo de los aumentos \u00f3pticos. Varias caracter\u00edsticas los convierten en una excelente opci\u00f3n para el usuario con baja visi\u00f3n. La serie m\u00f3vil ERGO-Lux MP (Multi Power) est\u00e1 disponible en 11 potencias diferentes, que van desde 6D (2,5X) hasta 56D (15X). La iluminaci\u00f3n LED se dispersa uniformemente por toda el \u00e1rea de visi\u00f3n, gracias a la tecnolog\u00eda LED SMD multichip que proporciona una distribuci\u00f3n uniforme de la luz y el ajuste preciso de la intensidad de la luz. El nivel de brillo se puede controlar con el interruptor elevador Multi-Power (MP) de 2 pasos. El bot\u00f3n de deslizamiento suave ofrece 2 niveles de iluminaci\u00f3n, con un clic audible para marcar los diferentes pasos de iluminaci\u00f3n. Esta lupa funciona con 3 pilas AAA (incluidas, para mayor comodidad). 18 horas de iluminaci\u00f3n ofrecidas a la potencia de iluminaci\u00f3n m\u00e1s baja y 10 horas al nivel m\u00e1s alto.<\/p>\n<p>La lupa de mano ERGO-Lux 12D \/ 4X, que se presenta aqu\u00ed, tiene una gran lente de aumento de 70 mm (2,75&#8243;) de di\u00e1metro y una distancia focal de 3,3&#8243; (la distancia de trabajo entre la lente y el papel).<\/p>\n<p>Aumente la funcionalidad de su lupa 4X convirti\u00e9ndola en una lupa de pie manos libres con el uso de un soporte de pl\u00e1stico opcional. Inserte la lupa en el soporte y se convertir\u00e1 en una lupa de pie de manos libres, lo que permite al usuario leer con las manos libres, sin comprometer la calidad de la imagen. La base puede apoyarse plana sobre la superficie de lectura, para una lectura regular con manos libres, o tambi\u00e9n se puede usar en posici\u00f3n vertical para permitir al usuario realizar un trabajo de manos libres frente a la lente. La base independiente de la lupa de mano ERGO 12D \/4X es el n\u00famero de modelo 160122. \u00a1Obtienes 2 lupas en una con la compra adicional de la base de manos libres!<\/p>\n<p><strong>Funciones<\/strong><\/p>\n<ul>\n<li>6500 Kelvin, color LED brillante a la luz del d\u00eda<\/li>\n<li>MP (Multi Power), 2 niveles de brillo de paso<\/li>\n<li>Dise\u00f1o ergon\u00f3mico y zona suave al tacto para una mayor fuerza de agarre<\/li>\n<li>Lente asf\u00e9rica y ligera<\/li>\n<li>Hasta 18 horas de vida \u00fatil con un juego de bater\u00edas<\/li>\n<li>F\u00e1cil sustituci\u00f3n de la bater\u00eda, con un sencillo mecanismo de cierre en el mango<\/li>\n<li>Funcionamiento con 3 pilas AAA, pilas incluidas<\/li>\n<li>Pr\u00e1ctico lazo de cord\u00f3n integrado<\/li>\n<li>Fabricado en Alemania<\/li>\n<\/ul>","protected":false},"excerpt":{"rendered":"<p>La lupa de mano ERGO-Lux 12D \/ 4X, que se presenta aqu\u00ed, tiene una gran lente de aumento de 70 mm (2,75&#8243;) de di\u00e1metro y una distancia focal de 3,3&#8243; (la distancia de trabajo entre la lente y el papel).<\/p>","protected":false},"featured_media":393,"comment_status":"open","ping_status":"closed","template":"","meta":[],"product_cat":[18,52,55,53],"product_tag":[],"class_list":["post-392","product","type-product","status-publish","has-post-thumbnail","hentry","product_cat-baja-vision","product_cat-lupas","product_cat-lupas-de-bolsillo-schweizer-ergo-lux-mp-mobil","product_cat-lupas-schweizer-lupas"],"_links":{"self":[{"href":"https:\/\/0barreras.com\/en\/wp-json\/wp\/v2\/product\/392","targetHints":{"allow":["GET"]}}],"collection":[{"href":"https:\/\/0barreras.com\/en\/wp-json\/wp\/v2\/product"}],"about":[{"href":"https:\/\/0barreras.com\/en\/wp-json\/wp\/v2\/types\/product"}],"replies":[{"embeddable":true,"href":"https:\/\/0barreras.com\/en\/wp-json\/wp\/v2\/comments?post=392"}],"version-history":[{"count":0,"href":"https:\/\/0barreras.com\/en\/wp-json\/wp\/v2\/product\/392\/revisions"}],"wp:featuredmedia":[{"embeddable":true,"href":"https:\/\/0barreras.com\/en\/wp-json\/wp\/v2\/media\/393"}],"wp:attachment":[{"href":"https:\/\/0barreras.com\/en\/wp-json\/wp\/v2\/media?parent=392"}],"wp:term":[{"taxonomy":"product_cat","embeddable":true,"href":"https:\/\/0barreras.com\/en\/wp-json\/wp\/v2\/product_cat?post=392"},{"taxonomy":"product_tag","embeddable":true,"href":"https:\/\/0barreras.com\/en\/wp-json\/wp\/v2\/product_tag?post=392"}],"curies":[{"name":"wp","href":"https:\/\/api.w.org\/{rel}","templated":true}]}}