{"id":3893,"date":"2024-06-16T05:44:10","date_gmt":"2024-06-16T10:44:10","guid":{"rendered":"https:\/\/0barreras.com\/?post_type=product&#038;p=3893"},"modified":"2024-06-20T18:21:53","modified_gmt":"2024-06-20T23:21:53","slug":"clarity-pro-xlc3-4-telefono-parlante-inalambrico-amplificado","status":"publish","type":"product","link":"https:\/\/0barreras.com\/en\/product\/clarity-pro-xlc3-4-telefono-parlante-inalambrico-amplificado\/","title":{"rendered":"Tel\u00e9fono Inal\u00e1mbrico Amplificado Clarity XLC3.4+: Claridad y Conexi\u00f3n Sin Barreras"},"content":{"rendered":"<p>Descubra el tel\u00e9fono inal\u00e1mbrico amplificado Clarity XLC3.4+, dise\u00f1ado para ofrecer una comunicaci\u00f3n clara y sin barreras para personas con p\u00e9rdida auditiva y baja visi\u00f3n. Con una amplificaci\u00f3n de m\u00e1s de 50 decibelios para sonidos entrantes y la capacidad de personalizar el tono con cuatro ajustes distintos, este dispositivo garantiza una experiencia auditiva personalizada. Adem\u00e1s, amplifica el discurso saliente hasta 15 decibelios, asegurando que su voz sea claramente audible. Equipado con tecnolog\u00eda DECT6.0 para una calidad de audio superior y altavoces amplificados tanto en el auricular como en la base, facilita las conversaciones manos libres. El identificador de llamadas con fuente grande y hablante, junto con un teclado parlante y un timbre extra fuerte de 95 dB con tonos ajustables, aseguran que no se pierda ninguna llamada. Este tel\u00e9fono es expandible hasta 4 unidades adicionales, compatible con aud\u00edfonos y est\u00e1 certificado por TIA-1083 para conversaciones sin interferencias. Con opciones de montaje en pared, clip para cintur\u00f3n y una doble reserva de energ\u00eda mediante pilas AAA recargables, el Clarity XLC3.4+ es la soluci\u00f3n ideal para aquellos con necesidades especiales de comunicaci\u00f3n.<\/p>","protected":false},"excerpt":{"rendered":"<p>El Clarity XLC3.4+ ofrece claridad excepcional y facilidad de uso para usuarios con p\u00e9rdida auditiva y baja visi\u00f3n. Con amplificaci\u00f3n potente, tecnolog\u00eda avanzada y caracter\u00edsticas accesibles como identificador de llamadas hablante y teclado parlante, este tel\u00e9fono asegura una comunicaci\u00f3n sin barreras. Compatible con aud\u00edfonos y expandible hasta 4 unidades adicionales, es la opci\u00f3n perfecta para mejorar la calidad de vida de sus usuarios.<\/p>","protected":false},"featured_media":3894,"comment_status":"open","ping_status":"closed","template":"","meta":[],"product_cat":[146,21,213,210],"product_tag":[],"class_list":["post-3893","product","type-product","status-publish","has-post-thumbnail","hentry","product_cat-clarity","product_cat-diversidad-auditiva","product_cat-telefonos-inalambricos-telefonos-y-accesorios-amplificados","product_cat-telefonos-y-accesorios-amplificados"],"_links":{"self":[{"href":"https:\/\/0barreras.com\/en\/wp-json\/wp\/v2\/product\/3893","targetHints":{"allow":["GET"]}}],"collection":[{"href":"https:\/\/0barreras.com\/en\/wp-json\/wp\/v2\/product"}],"about":[{"href":"https:\/\/0barreras.com\/en\/wp-json\/wp\/v2\/types\/product"}],"replies":[{"embeddable":true,"href":"https:\/\/0barreras.com\/en\/wp-json\/wp\/v2\/comments?post=3893"}],"version-history":[{"count":2,"href":"https:\/\/0barreras.com\/en\/wp-json\/wp\/v2\/product\/3893\/revisions"}],"predecessor-version":[{"id":4444,"href":"https:\/\/0barreras.com\/en\/wp-json\/wp\/v2\/product\/3893\/revisions\/4444"}],"wp:featuredmedia":[{"embeddable":true,"href":"https:\/\/0barreras.com\/en\/wp-json\/wp\/v2\/media\/3894"}],"wp:attachment":[{"href":"https:\/\/0barreras.com\/en\/wp-json\/wp\/v2\/media?parent=3893"}],"wp:term":[{"taxonomy":"product_cat","embeddable":true,"href":"https:\/\/0barreras.com\/en\/wp-json\/wp\/v2\/product_cat?post=3893"},{"taxonomy":"product_tag","embeddable":true,"href":"https:\/\/0barreras.com\/en\/wp-json\/wp\/v2\/product_tag?post=3893"}],"curies":[{"name":"wp","href":"https:\/\/api.w.org\/{rel}","templated":true}]}}