{"id":3888,"date":"2024-06-16T05:40:02","date_gmt":"2024-06-16T10:40:02","guid":{"rendered":"https:\/\/0barreras.com\/?post_type=product&#038;p=3888"},"modified":"2024-06-20T17:39:12","modified_gmt":"2024-06-20T22:39:12","slug":"auricular-clarity-d700-series-extra","status":"publish","type":"product","link":"https:\/\/0barreras.com\/en\/product\/auricular-clarity-d700-series-extra\/","title":{"rendered":"Clarity D704HS: Tel\u00e9fono Adicional con Amplificaci\u00f3n Avanzada y Funcionalidades Ergon\u00f3micas"},"content":{"rendered":"<p>El Clarity\u00ae D704HS\u2122 es un tel\u00e9fono adicional dise\u00f1ado para complementar los modelos Clarity D704 y D714, ofreciendo caracter\u00edsticas avanzadas para una comunicaci\u00f3n clara y accesible. Con un enfoque en la mejora de la experiencia auditiva, este tel\u00e9fono incorpora tecnolog\u00eda innovadora para minimizar ruidos de fondo, eliminar retroalimentaci\u00f3n y distorsi\u00f3n, y gestionar los sonidos suaves y fuertes para producir claridad.<\/p>\n<p>Con una amplificaci\u00f3n de sonido entrante de hasta 40 dB y 4 configuraciones de tono ajustables, el Clarity D704HS garantiza que las llamadas sean audibles y personalizadas seg\u00fan las necesidades auditivas individuales. Utiliza la tecnolog\u00eda DECT 6.0 para asegurar una comunicaci\u00f3n clara y sin interferencias, ideal para entornos dom\u00e9sticos ocupados.<\/p>\n<p>Los botones grandes con n\u00fameros de alto contraste y las teclas contorneadas con material suave al tacto ofrecen comodidad y facilidad de uso. El teclado retroiluminado facilita la marcaci\u00f3n nocturna, mientras que la pantalla de identificaci\u00f3n de llamadas de alto contraste permite una visualizaci\u00f3n clara de la informaci\u00f3n entrante.<\/p>\n<p>Este tel\u00e9fono incluye 10 botones de marcaci\u00f3n r\u00e1pida y un directorio telef\u00f3nico con capacidad para 100 nombres\/n\u00fameros, junto con 20 memorias de rellamada del \u00faltimo n\u00famero para una marcaci\u00f3n eficiente. El dise\u00f1o ergon\u00f3mico del auricular, que es ligero y c\u00f3modo, incluye un clip para cintur\u00f3n para mayor portabilidad.<\/p>\n<p>El Clarity D704HS es ampliable hasta 5 tel\u00e9fonos (modelo # D704HS), permitiendo una cobertura completa en todo el hogar u oficina. Adem\u00e1s, ofrece un timbre visual brillante en el teclado y la pantalla CID, as\u00ed como una conexi\u00f3n directa a dispositivos de asistencia auditiva o auriculares mediante un puerto de 2,5 mm, asegurando una experiencia adaptada a las necesidades individuales de comunicaci\u00f3n.<\/p>","protected":false},"excerpt":{"rendered":"<p>El Clarity\u00ae D704HS\u2122 es un tel\u00e9fono adicional para los modelos D704 y D714, con amplificaci\u00f3n de hasta 40 dB, tecnolog\u00eda DECT 6.0 para comunicaci\u00f3n clara, y caracter\u00edsticas como teclado retroiluminado y pantalla de identificaci\u00f3n de llamadas de alto contraste. Incluye 10 botones de marcaci\u00f3n r\u00e1pida y es ampliable hasta 5 tel\u00e9fonos, ideal para usuarios con necesidades auditivas espec\u00edficas.<\/p>","protected":false},"featured_media":3887,"comment_status":"open","ping_status":"closed","template":"","meta":[],"product_cat":[146,21,213,210],"product_tag":[],"class_list":["post-3888","product","type-product","status-publish","has-post-thumbnail","hentry","product_cat-clarity","product_cat-diversidad-auditiva","product_cat-telefonos-inalambricos-telefonos-y-accesorios-amplificados","product_cat-telefonos-y-accesorios-amplificados"],"_links":{"self":[{"href":"https:\/\/0barreras.com\/en\/wp-json\/wp\/v2\/product\/3888","targetHints":{"allow":["GET"]}}],"collection":[{"href":"https:\/\/0barreras.com\/en\/wp-json\/wp\/v2\/product"}],"about":[{"href":"https:\/\/0barreras.com\/en\/wp-json\/wp\/v2\/types\/product"}],"replies":[{"embeddable":true,"href":"https:\/\/0barreras.com\/en\/wp-json\/wp\/v2\/comments?post=3888"}],"version-history":[{"count":2,"href":"https:\/\/0barreras.com\/en\/wp-json\/wp\/v2\/product\/3888\/revisions"}],"predecessor-version":[{"id":4438,"href":"https:\/\/0barreras.com\/en\/wp-json\/wp\/v2\/product\/3888\/revisions\/4438"}],"wp:featuredmedia":[{"embeddable":true,"href":"https:\/\/0barreras.com\/en\/wp-json\/wp\/v2\/media\/3887"}],"wp:attachment":[{"href":"https:\/\/0barreras.com\/en\/wp-json\/wp\/v2\/media?parent=3888"}],"wp:term":[{"taxonomy":"product_cat","embeddable":true,"href":"https:\/\/0barreras.com\/en\/wp-json\/wp\/v2\/product_cat?post=3888"},{"taxonomy":"product_tag","embeddable":true,"href":"https:\/\/0barreras.com\/en\/wp-json\/wp\/v2\/product_tag?post=3888"}],"curies":[{"name":"wp","href":"https:\/\/api.w.org\/{rel}","templated":true}]}}