{"id":3884,"date":"2024-06-16T05:34:14","date_gmt":"2024-06-16T10:34:14","guid":{"rendered":"https:\/\/0barreras.com\/?post_type=product&#038;p=3884"},"modified":"2024-06-20T17:25:20","modified_gmt":"2024-06-20T22:25:20","slug":"auricular-clarity-d712-extra","status":"publish","type":"product","link":"https:\/\/0barreras.com\/en\/product\/auricular-clarity-d712-extra\/","title":{"rendered":"Clarity D712: Tel\u00e9fono Inal\u00e1mbrico de 30 dB, Expansible hasta 5 Tel\u00e9fonos"},"content":{"rendered":"<p>El Clarity D712 es un tel\u00e9fono inal\u00e1mbrico dise\u00f1ado para ofrecer una experiencia de comunicaci\u00f3n clara y accesible, especialmente para personas con p\u00e9rdida auditiva. Con una amplificaci\u00f3n de 30 dB, este tel\u00e9fono asegura que las llamadas sean f\u00e1cilmente audibles y comprensibles.<\/p>\n<p>Este modelo permite la expansi\u00f3n de su sistema hasta un total de cinco tel\u00e9fonos, lo cual es ideal para garantizar una cobertura completa en su hogar o lugar de trabajo. Los auriculares adicionales pueden integrarse sin necesidad de l\u00edneas telef\u00f3nicas adicionales, ya que se conectan a trav\u00e9s de la base principal del Clarity D712.<\/p>\n<p>Adem\u00e1s de la amplificaci\u00f3n de sonido, el Clarity D712 incluye caracter\u00edsticas como identificador de llamadas parlante y botones grandes e iluminados, que facilitan su uso para personas con baja visi\u00f3n. La conectividad inal\u00e1mbrica permite una mayor flexibilidad, mientras que la instalaci\u00f3n de los auriculares adicionales es simple y directa, solo requiriendo una conexi\u00f3n a corriente para la base de carga.<\/p>","protected":false},"excerpt":{"rendered":"<p>El Clarity D712 es un tel\u00e9fono inal\u00e1mbrico con amplificaci\u00f3n de 30 dB, expandible hasta cinco tel\u00e9fonos en total. Ideal para personas con p\u00e9rdida auditiva, ofrece funciones como identificador de llamadas parlante y botones grandes. La instalaci\u00f3n de auriculares adicionales es f\u00e1cil, solo requiere conexi\u00f3n a corriente.<\/p>","protected":false},"featured_media":3885,"comment_status":"open","ping_status":"closed","template":"","meta":[],"product_cat":[146,21,213,210],"product_tag":[],"class_list":["post-3884","product","type-product","status-publish","has-post-thumbnail","hentry","product_cat-clarity","product_cat-diversidad-auditiva","product_cat-telefonos-inalambricos-telefonos-y-accesorios-amplificados","product_cat-telefonos-y-accesorios-amplificados"],"_links":{"self":[{"href":"https:\/\/0barreras.com\/en\/wp-json\/wp\/v2\/product\/3884","targetHints":{"allow":["GET"]}}],"collection":[{"href":"https:\/\/0barreras.com\/en\/wp-json\/wp\/v2\/product"}],"about":[{"href":"https:\/\/0barreras.com\/en\/wp-json\/wp\/v2\/types\/product"}],"replies":[{"embeddable":true,"href":"https:\/\/0barreras.com\/en\/wp-json\/wp\/v2\/comments?post=3884"}],"version-history":[{"count":2,"href":"https:\/\/0barreras.com\/en\/wp-json\/wp\/v2\/product\/3884\/revisions"}],"predecessor-version":[{"id":4434,"href":"https:\/\/0barreras.com\/en\/wp-json\/wp\/v2\/product\/3884\/revisions\/4434"}],"wp:featuredmedia":[{"embeddable":true,"href":"https:\/\/0barreras.com\/en\/wp-json\/wp\/v2\/media\/3885"}],"wp:attachment":[{"href":"https:\/\/0barreras.com\/en\/wp-json\/wp\/v2\/media?parent=3884"}],"wp:term":[{"taxonomy":"product_cat","embeddable":true,"href":"https:\/\/0barreras.com\/en\/wp-json\/wp\/v2\/product_cat?post=3884"},{"taxonomy":"product_tag","embeddable":true,"href":"https:\/\/0barreras.com\/en\/wp-json\/wp\/v2\/product_tag?post=3884"}],"curies":[{"name":"wp","href":"https:\/\/api.w.org\/{rel}","templated":true}]}}