{"id":3882,"date":"2024-06-16T05:33:14","date_gmt":"2024-06-16T10:33:14","guid":{"rendered":"https:\/\/0barreras.com\/?post_type=product&#038;p=3882"},"modified":"2024-06-20T17:19:24","modified_gmt":"2024-06-20T22:19:24","slug":"auricular-clarity-bt914-extra","status":"publish","type":"product","link":"https:\/\/0barreras.com\/en\/product\/auricular-clarity-bt914-extra\/","title":{"rendered":"Auriculares Adicionales Clarity BT914: Amplificaci\u00f3n y Conectividad Bluetooth para Todo el Hogar"},"content":{"rendered":"<p>Los auriculares adicionales Clarity BT914 son la soluci\u00f3n perfecta para ampliar su sistema telef\u00f3nico Clarity BT914, permitiendo una capacidad total de hasta cinco tel\u00e9fonos. Dise\u00f1ados para brindar una experiencia de comunicaci\u00f3n superior, estos auriculares adicionales son ideales para personas con p\u00e9rdida auditiva o baja visi\u00f3n, gracias a sus caracter\u00edsticas avanzadas y accesibles.<\/p>\n<p>El Clarity BT914 destaca por su capacidad de amplificaci\u00f3n, asegurando que las llamadas sean claras y audibles. Este tel\u00e9fono cuenta con un identificador de llamadas parlante y botones grandes e iluminados, facilitando su uso para personas con baja visi\u00f3n. Adem\u00e1s, la tecnolog\u00eda Bluetooth integrada permite emparejar el tel\u00e9fono con dispositivos m\u00f3viles, lo que facilita la gesti\u00f3n de llamadas desde su celular con la misma calidad de amplificaci\u00f3n.<\/p>\n<p>La posibilidad de a\u00f1adir hasta cuatro auriculares adicionales al sistema principal garantiza que pueda tener un tel\u00e9fono a mano en cada habitaci\u00f3n, sin necesidad de m\u00faltiples l\u00edneas telef\u00f3nicas. Los auriculares adicionales Clarity BT914 solo requieren una conexi\u00f3n a una toma de corriente para su base de carga, haciendo la instalaci\u00f3n r\u00e1pida y sencilla en cualquier parte de su hogar.<\/p>","protected":false},"excerpt":{"rendered":"<p>Los auriculares adicionales Clarity BT914 permiten ampliar su sistema telef\u00f3nico hasta cinco tel\u00e9fonos en total. Con amplificaci\u00f3n de sonido, identificador de llamadas parlante y conectividad Bluetooth, ofrecen una soluci\u00f3n accesible para personas con p\u00e9rdida auditiva y baja visi\u00f3n. Solo requieren conexi\u00f3n a una toma de corriente para su base de carga.<\/p>","protected":false},"featured_media":3883,"comment_status":"open","ping_status":"closed","template":"","meta":[],"product_cat":[146,21,213,210],"product_tag":[],"class_list":["post-3882","product","type-product","status-publish","has-post-thumbnail","hentry","product_cat-clarity","product_cat-diversidad-auditiva","product_cat-telefonos-inalambricos-telefonos-y-accesorios-amplificados","product_cat-telefonos-y-accesorios-amplificados"],"_links":{"self":[{"href":"https:\/\/0barreras.com\/en\/wp-json\/wp\/v2\/product\/3882","targetHints":{"allow":["GET"]}}],"collection":[{"href":"https:\/\/0barreras.com\/en\/wp-json\/wp\/v2\/product"}],"about":[{"href":"https:\/\/0barreras.com\/en\/wp-json\/wp\/v2\/types\/product"}],"replies":[{"embeddable":true,"href":"https:\/\/0barreras.com\/en\/wp-json\/wp\/v2\/comments?post=3882"}],"version-history":[{"count":2,"href":"https:\/\/0barreras.com\/en\/wp-json\/wp\/v2\/product\/3882\/revisions"}],"predecessor-version":[{"id":4432,"href":"https:\/\/0barreras.com\/en\/wp-json\/wp\/v2\/product\/3882\/revisions\/4432"}],"wp:featuredmedia":[{"embeddable":true,"href":"https:\/\/0barreras.com\/en\/wp-json\/wp\/v2\/media\/3883"}],"wp:attachment":[{"href":"https:\/\/0barreras.com\/en\/wp-json\/wp\/v2\/media?parent=3882"}],"wp:term":[{"taxonomy":"product_cat","embeddable":true,"href":"https:\/\/0barreras.com\/en\/wp-json\/wp\/v2\/product_cat?post=3882"},{"taxonomy":"product_tag","embeddable":true,"href":"https:\/\/0barreras.com\/en\/wp-json\/wp\/v2\/product_tag?post=3882"}],"curies":[{"name":"wp","href":"https:\/\/api.w.org\/{rel}","templated":true}]}}