{"id":3874,"date":"2024-06-16T05:10:23","date_gmt":"2024-06-16T10:10:23","guid":{"rendered":"https:\/\/0barreras.com\/?post_type=product&#038;p=3874"},"modified":"2024-06-20T15:17:06","modified_gmt":"2024-06-20T20:17:06","slug":"telefono-adicional-para-panasonic-kx-tgm420","status":"publish","type":"product","link":"https:\/\/0barreras.com\/en\/product\/telefono-adicional-para-panasonic-kx-tgm420\/","title":{"rendered":"Auricular Adicional Panasonic KX-TGM420: Expanda su Comunicaci\u00f3n con Claridad y Accesibilidad"},"content":{"rendered":"<p>Ampl\u00ede la funcionalidad de su sistema telef\u00f3nico Panasonic KX-TGM420 (ILA Model 721148) con este auricular adicional. Dise\u00f1ado para ofrecer una mayor cobertura y conveniencia, este auricular permite que su sistema telef\u00f3nico soporte hasta seis tel\u00e9fonos inal\u00e1mbricos, asegurando que siempre tenga un tel\u00e9fono a mano en cualquier habitaci\u00f3n de su hogar.<\/p>\n<p>Este auricular adicional mantiene todos los beneficios excepcionales de la unidad base principal, incluyendo una amplificaci\u00f3n de 40 dB, que asegura conversaciones claras y n\u00edtidas, ideales para personas con p\u00e9rdida auditiva moderada. Adem\u00e1s, cuenta con un teclado parlante y un identificador de llamadas parlante, caracter\u00edsticas especialmente \u00fatiles para personas con baja visi\u00f3n, facilitando la identificaci\u00f3n de n\u00fameros y nombres sin necesidad de ver la pantalla.<\/p>\n<p>El dise\u00f1o de este auricular adicional es intuitivo y f\u00e1cil de usar, ofreciendo una experiencia de usuario fluida y accesible. Es importante destacar que este tel\u00e9fono no puede funcionar de manera independiente y debe estar emparejado con una unidad base existente (modelo 721148) para operar correctamente. Esta integraci\u00f3n asegura que todas las funciones avanzadas de la unidad principal se mantengan, proporcionando una soluci\u00f3n completa y coherente para sus necesidades de comunicaci\u00f3n.<\/p>","protected":false},"excerpt":{"rendered":"<p>Ampl\u00ede su sistema Panasonic KX-TGM420 con este auricular adicional, permitiendo hasta seis tel\u00e9fonos inal\u00e1mbricos en total. Con 40 dB de amplificaci\u00f3n, teclado parlante e identificador de llamadas parlante, es ideal para personas con baja visi\u00f3n o p\u00e9rdida auditiva moderada. Debe emparejarse con la unidad base modelo 721148 para funcionar.<\/p>","protected":false},"featured_media":3875,"comment_status":"open","ping_status":"closed","template":"","meta":[],"product_cat":[21,213,210],"product_tag":[],"class_list":["post-3874","product","type-product","status-publish","has-post-thumbnail","hentry","product_cat-diversidad-auditiva","product_cat-telefonos-inalambricos-telefonos-y-accesorios-amplificados","product_cat-telefonos-y-accesorios-amplificados"],"_links":{"self":[{"href":"https:\/\/0barreras.com\/en\/wp-json\/wp\/v2\/product\/3874","targetHints":{"allow":["GET"]}}],"collection":[{"href":"https:\/\/0barreras.com\/en\/wp-json\/wp\/v2\/product"}],"about":[{"href":"https:\/\/0barreras.com\/en\/wp-json\/wp\/v2\/types\/product"}],"replies":[{"embeddable":true,"href":"https:\/\/0barreras.com\/en\/wp-json\/wp\/v2\/comments?post=3874"}],"version-history":[{"count":2,"href":"https:\/\/0barreras.com\/en\/wp-json\/wp\/v2\/product\/3874\/revisions"}],"predecessor-version":[{"id":4423,"href":"https:\/\/0barreras.com\/en\/wp-json\/wp\/v2\/product\/3874\/revisions\/4423"}],"wp:featuredmedia":[{"embeddable":true,"href":"https:\/\/0barreras.com\/en\/wp-json\/wp\/v2\/media\/3875"}],"wp:attachment":[{"href":"https:\/\/0barreras.com\/en\/wp-json\/wp\/v2\/media?parent=3874"}],"wp:term":[{"taxonomy":"product_cat","embeddable":true,"href":"https:\/\/0barreras.com\/en\/wp-json\/wp\/v2\/product_cat?post=3874"},{"taxonomy":"product_tag","embeddable":true,"href":"https:\/\/0barreras.com\/en\/wp-json\/wp\/v2\/product_tag?post=3874"}],"curies":[{"name":"wp","href":"https:\/\/api.w.org\/{rel}","templated":true}]}}