{"id":387,"date":"2024-01-23T18:31:58","date_gmt":"2024-01-23T23:31:58","guid":{"rendered":"https:\/\/0barreras.com\/?post_type=product&#038;p=387"},"modified":"2024-04-02T18:56:12","modified_gmt":"2024-04-02T23:56:12","slug":"lupa-de-bolsillo-schweizer-ergo-lux-mp-3-5x-angulada","status":"publish","type":"product","link":"https:\/\/0barreras.com\/en\/product\/lupa-de-bolsillo-schweizer-ergo-lux-mp-3-5x-angulada\/","title":{"rendered":"Lupa de bolsillo Schweizer ERGO-Lux MP, angulada 10D \/ 3.5X"},"content":{"rendered":"<p>Las nuevas lupas de mano de Schweizer aportan calidad, tecnolog\u00eda y dise\u00f1o al mundo de la magnificaci\u00f3n \u00f3ptica. La serie m\u00f3vil ERGO-Lux MP (Multi Power) est\u00e1 disponible en 11 potencias diferentes, desde 6D (2,5X) hasta 56D (15X), siendo una excelente opci\u00f3n para usuarios con baja visi\u00f3n. La brillante iluminaci\u00f3n LED blanca se dispersa uniformemente por toda el \u00e1rea de visualizaci\u00f3n, gracias a la tecnolog\u00eda LED SMD multichip que proporciona una distribuci\u00f3n uniforme de la luz y el ajuste preciso de la intensidad de la luz. El nivel de brillo se puede controlar con el interruptor elevador Multi-Power (MP) de 2 pasos,<br \/>\nofreciendo 2 niveles de iluminaci\u00f3n con un clic audible para marcar los diferentes pasos de iluminaci\u00f3n. Esta lupa funciona con 3 pilas AAA (incluidas), ofreciendo hasta 18 horas de iluminaci\u00f3n en el nivel m\u00e1s bajo y 10 horas en el nivel m\u00e1s alto.<br \/>\nLa lupa de mano ERGO-Lux 10D \/ 3.5X tiene una lente de aumento rectangular en \u00e1ngulo de 75 mm x 50 mm (3&#8243; x 2&#8243;), que facilita su posicionamiento sobre el material de lectura. Las lupas rectangulares solo se encuentran en lupas de menor potencia debido a la f\u00edsica del aumento \u00f3ptico. Esta lente 10D tiene una distancia focal de 4&#8243;.<br \/>\nPara aumentar la funcionalidad de la lupa 3,5X, se puede convertir en una lupa de pie manos libres con el uso de un soporte de pl\u00e1stico opcional. Inserte la lupa en el soporte para convertirla en una lupa de pie manos libres, permitiendo al usuario leer sin manos y sin comprometer la calidad de la imagen.<br \/>\nLa base puede apoyarse plana sobre la superficie de lectura para una lectura regular con manos libres, o usarse en posici\u00f3n vertical para permitir al usuario realizar un trabajo de manos libres frente a la lente. La base independiente para la lupa de mano ERGO 10D \/ 3.5X tiene el n\u00famero de modelo 160102.<\/p>","protected":false},"excerpt":{"rendered":"<p>Las lupas de mano ERGO-Lux MP de Schweizer ofrecen calidad, tecnolog\u00eda y dise\u00f1o innovadores en la magnificaci\u00f3n \u00f3ptica. Con una amplia gama de potencias de aumento y una iluminaci\u00f3n LED brillante y ajustable, estas lupas son ideales para usuarios con baja visi\u00f3n. Su dise\u00f1o ergon\u00f3mico y su facilidad de uso las convierten en una opci\u00f3n vers\u00e1til y c\u00f3moda para una variedad de tareas de ampliaci\u00f3n.<\/p>","protected":false},"featured_media":388,"comment_status":"open","ping_status":"closed","template":"","meta":[],"product_cat":[18,52,55,53],"product_tag":[],"class_list":["post-387","product","type-product","status-publish","has-post-thumbnail","hentry","product_cat-baja-vision","product_cat-lupas","product_cat-lupas-de-bolsillo-schweizer-ergo-lux-mp-mobil","product_cat-lupas-schweizer-lupas"],"_links":{"self":[{"href":"https:\/\/0barreras.com\/en\/wp-json\/wp\/v2\/product\/387","targetHints":{"allow":["GET"]}}],"collection":[{"href":"https:\/\/0barreras.com\/en\/wp-json\/wp\/v2\/product"}],"about":[{"href":"https:\/\/0barreras.com\/en\/wp-json\/wp\/v2\/types\/product"}],"replies":[{"embeddable":true,"href":"https:\/\/0barreras.com\/en\/wp-json\/wp\/v2\/comments?post=387"}],"version-history":[{"count":1,"href":"https:\/\/0barreras.com\/en\/wp-json\/wp\/v2\/product\/387\/revisions"}],"predecessor-version":[{"id":1152,"href":"https:\/\/0barreras.com\/en\/wp-json\/wp\/v2\/product\/387\/revisions\/1152"}],"wp:featuredmedia":[{"embeddable":true,"href":"https:\/\/0barreras.com\/en\/wp-json\/wp\/v2\/media\/388"}],"wp:attachment":[{"href":"https:\/\/0barreras.com\/en\/wp-json\/wp\/v2\/media?parent=387"}],"wp:term":[{"taxonomy":"product_cat","embeddable":true,"href":"https:\/\/0barreras.com\/en\/wp-json\/wp\/v2\/product_cat?post=387"},{"taxonomy":"product_tag","embeddable":true,"href":"https:\/\/0barreras.com\/en\/wp-json\/wp\/v2\/product_tag?post=387"}],"curies":[{"name":"wp","href":"https:\/\/api.w.org\/{rel}","templated":true}]}}