{"id":3862,"date":"2024-06-15T06:28:51","date_gmt":"2024-06-15T11:28:51","guid":{"rendered":"https:\/\/0barreras.com\/?post_type=product&#038;p=3862"},"modified":"2024-06-20T14:43:51","modified_gmt":"2024-06-20T19:43:51","slug":"telefono-multifuncion-geemarc-67db","status":"publish","type":"product","link":"https:\/\/0barreras.com\/en\/product\/telefono-multifuncion-geemarc-67db\/","title":{"rendered":"Tel\u00e9fono Multifunci\u00f3n AmpliPOWER 67dB: M\u00e1xima Amplificaci\u00f3n y Claridad para una Comunicaci\u00f3n Accesible"},"content":{"rendered":"<p>Descubre la potencia y claridad sin igual del tel\u00e9fono multifunci\u00f3n AmpliPOWER, dise\u00f1ado especialmente para personas con discapacidades auditivas. Este dispositivo revolucionario ofrece una amplificaci\u00f3n adicional hasta 67 dB, asegurando que cada conversaci\u00f3n sea n\u00edtida y clara, incluso en entornos ruidosos. Su compatibilidad con aud\u00edfonos y el control de tono de recepci\u00f3n +\/-10dB lo convierten en una herramienta esencial para quienes buscan una experiencia auditiva personalizada y mejorada.<\/p>\n<p>El tel\u00e9fono AmpliPOWER no solo se destaca por su capacidad de amplificaci\u00f3n, sino tambi\u00e9n por su altavoz manos libres mejorado, que proporciona una recepci\u00f3n m\u00e1s clara y c\u00f3moda. Adem\u00e1s, cuenta con un indicador estrobosc\u00f3pico de timbre visual extra brillante, ideal para usuarios con discapacidad auditiva, y tres memorias de emergencia junto con nueve memorias directas, todas f\u00e1ciles de usar, que permiten acceder r\u00e1pidamente a los contactos m\u00e1s importantes.<\/p>\n<p>El teclado de bot\u00f3n extra grande facilita la marcaci\u00f3n para usuarios con problemas de visi\u00f3n, y su salida de auriculares y agitador de cama a\u00f1aden una capa extra de accesibilidad y comodidad. Con el indicador de mensaje en espera, nunca perder\u00e1s un mensaje importante. Sus funciones de nivel y tono de timbre ajustables, recuperaci\u00f3n y silencio de pausa de tiempo, y la opci\u00f3n de montaje en pared hacen del AmpliPOWER un dispositivo vers\u00e1til y conveniente.<\/p>","protected":false},"excerpt":{"rendered":"<p>El tel\u00e9fono multifunci\u00f3n AmpliPOWER ofrece una amplificaci\u00f3n sin igual hasta 67 dB y un control de tono de recepci\u00f3n +\/-10dB, proporcionando una claridad excepcional. Compatible con aud\u00edfonos, cuenta con un altavoz manos libres mejorado y un indicador estrobosc\u00f3pico visual brillante. Con memorias de emergencia y un teclado de bot\u00f3n grande, este dispositivo es perfecto para usuarios con discapacidades auditivas y visuales.<\/p>","protected":false},"featured_media":3863,"comment_status":"open","ping_status":"closed","template":"","meta":[],"product_cat":[21,211,210],"product_tag":[],"class_list":["post-3862","product","type-product","status-publish","has-post-thumbnail","hentry","product_cat-diversidad-auditiva","product_cat-telefonos-con-cable-telefonos-y-accesorios-amplificados","product_cat-telefonos-y-accesorios-amplificados"],"_links":{"self":[{"href":"https:\/\/0barreras.com\/en\/wp-json\/wp\/v2\/product\/3862","targetHints":{"allow":["GET"]}}],"collection":[{"href":"https:\/\/0barreras.com\/en\/wp-json\/wp\/v2\/product"}],"about":[{"href":"https:\/\/0barreras.com\/en\/wp-json\/wp\/v2\/types\/product"}],"replies":[{"embeddable":true,"href":"https:\/\/0barreras.com\/en\/wp-json\/wp\/v2\/comments?post=3862"}],"version-history":[{"count":2,"href":"https:\/\/0barreras.com\/en\/wp-json\/wp\/v2\/product\/3862\/revisions"}],"predecessor-version":[{"id":4416,"href":"https:\/\/0barreras.com\/en\/wp-json\/wp\/v2\/product\/3862\/revisions\/4416"}],"wp:featuredmedia":[{"embeddable":true,"href":"https:\/\/0barreras.com\/en\/wp-json\/wp\/v2\/media\/3863"}],"wp:attachment":[{"href":"https:\/\/0barreras.com\/en\/wp-json\/wp\/v2\/media?parent=3862"}],"wp:term":[{"taxonomy":"product_cat","embeddable":true,"href":"https:\/\/0barreras.com\/en\/wp-json\/wp\/v2\/product_cat?post=3862"},{"taxonomy":"product_tag","embeddable":true,"href":"https:\/\/0barreras.com\/en\/wp-json\/wp\/v2\/product_tag?post=3862"}],"curies":[{"name":"wp","href":"https:\/\/api.w.org\/{rel}","templated":true}]}}