{"id":385,"date":"2024-01-23T18:29:38","date_gmt":"2024-01-23T23:29:38","guid":{"rendered":"https:\/\/0barreras.com\/?post_type=product&#038;p=385"},"modified":"2024-04-02T18:45:36","modified_gmt":"2024-04-02T23:45:36","slug":"lupa-de-bolsillo-3x-85mm-schweizer-ergo-lux-mp","status":"publish","type":"product","link":"https:\/\/0barreras.com\/en\/product\/lupa-de-bolsillo-3x-85mm-schweizer-ergo-lux-mp\/","title":{"rendered":"Lupa de bolsillo Schweizer ERGO-Lux MP 8D \/ 3X \/ 85mm"},"content":{"rendered":"<p>Las nuevas lupas de mano de Schweizer aportan calidad, tecnolog\u00eda y dise\u00f1o al mundo de la magnificaci\u00f3n \u00f3ptica. La serie m\u00f3vil ERGO-Lux MP (Multi Power) est\u00e1 disponible en 11 potencias diferentes, desde 6D (2,5X) hasta 56D (15X), siendo una excelente opci\u00f3n para usuarios con baja visi\u00f3n. La brillante iluminaci\u00f3n LED blanca se dispersa uniformemente por toda el \u00e1rea de visualizaci\u00f3n, gracias a la tecnolog\u00eda LED SMD multichip que proporciona una distribuci\u00f3n uniforme de la luz y el ajuste preciso de la intensidad de la luz. El nivel de brillo se puede controlar con el interruptor elevador Multi-Power (MP) de 2 pasos,<br \/>\nofreciendo 2 niveles de iluminaci\u00f3n con un clic audible para marcar los diferentes pasos de iluminaci\u00f3n. Esta lupa funciona con 3 pilas AAA (incluidas), ofreciendo hasta 18 horas de iluminaci\u00f3n en el nivel m\u00e1s bajo y 10 horas en el nivel m\u00e1s alto.<br \/>\nLa lupa de mano ERGO-Lux 8D \/ 3X tiene una lente de aumento realmente grande, que mide 85 mm o 3,5&#8243;. Aunque 8D de aumento no es muy alto, permite una gran \u00e1rea de visualizaci\u00f3n. La distancia de trabajo de esta lente es de 5&#8243; desde el papel.<br \/>\nPara aumentar la funcionalidad de la lupa 3X, se puede convertir en una lupa de pie manos libres con el uso de un soporte de pl\u00e1stico opcional. Inserte la lupa en el soporte y se convertir\u00e1 en una lupa de pie manos libres, permitiendo al usuario leer con las manos libres sin comprometer la calidad de la imagen. La base puede apoyarse plana sobre la superficie de lectura para una lectura regular con manos libres, o usarse en posici\u00f3n vertical para permitir al usuario realizar un trabajo de manos libres frente a la lente. La base independiente para la lupa de mano ERGO 8D \/ 3X tiene el n\u00famero de modelo 160092.<\/p>","protected":false},"excerpt":{"rendered":"<p>Las lupas de mano ERGO-Lux MP de Schweizer ofrecen calidad, tecnolog\u00eda y dise\u00f1o innovadores en la magnificaci\u00f3n \u00f3ptica. Con una amplia gama de potencias de aumento y una iluminaci\u00f3n LED brillante y ajustable, estas lupas son ideales para usuarios con baja visi\u00f3n. Su dise\u00f1o ergon\u00f3mico y su facilidad de uso las convierten en una opci\u00f3n vers\u00e1til y c\u00f3moda para una variedad de tareas de ampliaci\u00f3n.<\/p>","protected":false},"featured_media":386,"comment_status":"open","ping_status":"closed","template":"","meta":[],"product_cat":[18,52,55,53],"product_tag":[],"class_list":["post-385","product","type-product","status-publish","has-post-thumbnail","hentry","product_cat-baja-vision","product_cat-lupas","product_cat-lupas-de-bolsillo-schweizer-ergo-lux-mp-mobil","product_cat-lupas-schweizer-lupas"],"_links":{"self":[{"href":"https:\/\/0barreras.com\/en\/wp-json\/wp\/v2\/product\/385","targetHints":{"allow":["GET"]}}],"collection":[{"href":"https:\/\/0barreras.com\/en\/wp-json\/wp\/v2\/product"}],"about":[{"href":"https:\/\/0barreras.com\/en\/wp-json\/wp\/v2\/types\/product"}],"replies":[{"embeddable":true,"href":"https:\/\/0barreras.com\/en\/wp-json\/wp\/v2\/comments?post=385"}],"version-history":[{"count":1,"href":"https:\/\/0barreras.com\/en\/wp-json\/wp\/v2\/product\/385\/revisions"}],"predecessor-version":[{"id":1151,"href":"https:\/\/0barreras.com\/en\/wp-json\/wp\/v2\/product\/385\/revisions\/1151"}],"wp:featuredmedia":[{"embeddable":true,"href":"https:\/\/0barreras.com\/en\/wp-json\/wp\/v2\/media\/386"}],"wp:attachment":[{"href":"https:\/\/0barreras.com\/en\/wp-json\/wp\/v2\/media?parent=385"}],"wp:term":[{"taxonomy":"product_cat","embeddable":true,"href":"https:\/\/0barreras.com\/en\/wp-json\/wp\/v2\/product_cat?post=385"},{"taxonomy":"product_tag","embeddable":true,"href":"https:\/\/0barreras.com\/en\/wp-json\/wp\/v2\/product_tag?post=385"}],"curies":[{"name":"wp","href":"https:\/\/api.w.org\/{rel}","templated":true}]}}