{"id":380,"date":"2024-01-23T18:27:12","date_gmt":"2024-01-23T23:27:12","guid":{"rendered":"https:\/\/0barreras.com\/?post_type=product&#038;p=380"},"modified":"2024-04-02T18:05:24","modified_gmt":"2024-04-02T23:05:24","slug":"lupa-de-bolsillo-schweizer-ergo-lux-mp-2-5x-100mm","status":"publish","type":"product","link":"https:\/\/0barreras.com\/en\/product\/lupa-de-bolsillo-schweizer-ergo-lux-mp-2-5x-100mm\/","title":{"rendered":"Lupa de bolsillo Schweizer ERGO-Lux MP 6D \/ 2.5X \/ 100mm"},"content":{"rendered":"<p>Lupas de Mano M\u00f3viles Schweizer ERGO-Lux MP (Multi Power)<br \/>\nLas lupas de mano Schweizer ERGO-Lux MP combinan calidad, tecnolog\u00eda y dise\u00f1o en un producto innovador. Dise\u00f1adas para usuarios con baja visi\u00f3n, estas lupas ofrecen 11 potencias diferentes, desde 6D (2,5X) hasta 56D (15X), para adaptarse a diversas necesidades de aumento.<br \/>\nDestacan por su iluminaci\u00f3n LED blanca brillante y uniforme, gracias a la tecnolog\u00eda LED SMD multichip que permite ajustar la intensidad lum\u00ednica. Con un interruptor elevador Multi-Power de 2 pasos, el usuario puede controlar el nivel de brillo seg\u00fan sus necesidades.<br \/>\nLa lupa funciona con 3 pilas AAA (incluidas), con una duraci\u00f3n de hasta 18 horas con la potencia de iluminaci\u00f3n m\u00e1s baja y 10 horas en la m\u00e1s alta. Su dise\u00f1o ergon\u00f3mico y la zona suave al tacto garantizan un agarre c\u00f3modo y seguro. Adem\u00e1s, la lente asf\u00e9rica de 4&#8243; proporciona una amplia \u00e1rea de visualizaci\u00f3n.<br \/>\nConvierte tu lupa de 2,5X en una lupa de pie manos libres con el soporte de pl\u00e1stico opcional. La base independiente (n\u00famero de modelo 160062) permite utilizar la lupa en posici\u00f3n vertical u horizontal, adapt\u00e1ndose a diferentes necesidades de lectura y trabajo.<br \/>\nCaracter\u00edsticas principales:<br \/>\n\u2022 Iluminaci\u00f3n LED blanca brillante a 6500 Kelvin<br \/>\n\u2022 Niveles de iluminaci\u00f3n de 2 pasos con deslizamiento suave<br \/>\n\u2022 Dise\u00f1o ergon\u00f3mico con zona suave al tacto<br \/>\n\u2022 Lente asf\u00e9rica liviana de 4&#8243; de di\u00e1metro<br \/>\n\u2022 Hasta 18 horas de vida \u00fatil con un juego de bater\u00edas<br \/>\n\u2022 Funcionamiento con 3 pilas AAA (incluidas)<br \/>\n\u2022 Pr\u00e1ctico lazo de cord\u00f3n integrado<br \/>\n\u2022 Fabricado en Alemania<\/p>","protected":false},"excerpt":{"rendered":"<p>Las lupas de mano Schweizer ERGO-Lux MP son la elecci\u00f3n ideal para quienes buscan calidad y comodidad en sus herramientas de aumento \u00f3ptico. \u00a1Hazte con la tuya y mejora tu experiencia visual hoy mismo!<\/p>","protected":false},"featured_media":382,"comment_status":"open","ping_status":"closed","template":"","meta":[],"product_cat":[18,52,55,53],"product_tag":[],"class_list":["post-380","product","type-product","status-publish","has-post-thumbnail","hentry","product_cat-baja-vision","product_cat-lupas","product_cat-lupas-de-bolsillo-schweizer-ergo-lux-mp-mobil","product_cat-lupas-schweizer-lupas"],"_links":{"self":[{"href":"https:\/\/0barreras.com\/en\/wp-json\/wp\/v2\/product\/380","targetHints":{"allow":["GET"]}}],"collection":[{"href":"https:\/\/0barreras.com\/en\/wp-json\/wp\/v2\/product"}],"about":[{"href":"https:\/\/0barreras.com\/en\/wp-json\/wp\/v2\/types\/product"}],"replies":[{"embeddable":true,"href":"https:\/\/0barreras.com\/en\/wp-json\/wp\/v2\/comments?post=380"}],"version-history":[{"count":1,"href":"https:\/\/0barreras.com\/en\/wp-json\/wp\/v2\/product\/380\/revisions"}],"predecessor-version":[{"id":1150,"href":"https:\/\/0barreras.com\/en\/wp-json\/wp\/v2\/product\/380\/revisions\/1150"}],"wp:featuredmedia":[{"embeddable":true,"href":"https:\/\/0barreras.com\/en\/wp-json\/wp\/v2\/media\/382"}],"wp:attachment":[{"href":"https:\/\/0barreras.com\/en\/wp-json\/wp\/v2\/media?parent=380"}],"wp:term":[{"taxonomy":"product_cat","embeddable":true,"href":"https:\/\/0barreras.com\/en\/wp-json\/wp\/v2\/product_cat?post=380"},{"taxonomy":"product_tag","embeddable":true,"href":"https:\/\/0barreras.com\/en\/wp-json\/wp\/v2\/product_tag?post=380"}],"curies":[{"name":"wp","href":"https:\/\/api.w.org\/{rel}","templated":true}]}}