{"id":3799,"date":"2024-06-13T06:47:01","date_gmt":"2024-06-13T11:47:01","guid":{"rendered":"https:\/\/0barreras.com\/?post_type=product&#038;p=3799"},"modified":"2024-06-14T17:23:51","modified_gmt":"2024-06-14T22:23:51","slug":"altavoz-de-tv-portatil","status":"publish","type":"product","link":"https:\/\/0barreras.com\/en\/product\/altavoz-de-tv-portatil\/","title":{"rendered":"Experimenta el Sonido Amplificado sin L\u00edmites con Nuestro Altavoz Port\u00e1til para Televisores"},"content":{"rendered":"<p>Ac\u00e9rcate al sonido envolvente de tu televisor con nuestra innovadora caja de sonido amplificada. Este altavoz port\u00e1til y amplificado se conecta directamente a tu televisor, proporcionando sonido de alta calidad y volumen amplificado, ideal para personas con discapacidades auditivas. Con un alcance inal\u00e1mbrico de hasta 30.48 metros (100 pies) desde la base de carga, puedes disfrutar de tu programa favorito desde cualquier lugar de la habitaci\u00f3n sin perder calidad de sonido.<\/p>\n<p>Nuestro altavoz tambi\u00e9n ofrece la flexibilidad de conectar auriculares con cable, permiti\u00e9ndote aumentar el volumen sin molestar a los que te rodean. Con un control de volumen incorporado y un conveniente bot\u00f3n de silencio, puedes ajustar f\u00e1cilmente la salida de sonido seg\u00fan tus necesidades.<\/p>\n<p>La versatilidad es una de las caracter\u00edsticas clave de este dispositivo. Adem\u00e1s de conectarse a tu televisor, el altavoz puede sincronizarse con dispositivos de m\u00fasica personales, como tel\u00e9fonos inteligentes, a trav\u00e9s de Bluetooth 5.0. Con un alcance de Bluetooth de hasta 10 metros (33 pies), puedes disfrutar de un sonido amplificado desde tu tel\u00e9fono sin interrupciones.<\/p>\n<p>Otras caracter\u00edsticas destacadas incluyen:<\/p>\n<ul>\n<li>Entrada \u00f3ptica y AUX para una mayor compatibilidad con diferentes dispositivos.<\/li>\n<li>Salida AUX para conexiones adicionales.<\/li>\n<li>Una bater\u00eda recargable que proporciona hasta 12 horas de reproducci\u00f3n continua con una sola carga, asegurando que puedas disfrutar de largas sesiones de entretenimiento sin preocuparte por la bater\u00eda.<\/li>\n<\/ul>\n<p>Este altavoz no solo amplifica el sonido, sino que tambi\u00e9n amplifica tu experiencia de entretenimiento, haci\u00e9ndolo m\u00e1s accesible y agradable.<\/p>","protected":false},"excerpt":{"rendered":"<p>Disfruta de un sonido amplificado y claro con nuestra caja de sonido amplificada para televisores. Con\u00e9ctala directamente a tu televisor o dispositivo m\u00f3vil v\u00eda Bluetooth 5.0, y disfruta de un alcance inal\u00e1mbrico de hasta 30.48 metros (100 pies) y 10 metros (33 pies) respectivamente. Ajusta el volumen f\u00e1cilmente y disfruta de hasta 12 horas de reproducci\u00f3n continua. Ideal para personas con discapacidades auditivas, este altavoz mejora tu experiencia de entretenimiento.<\/p>","protected":false},"featured_media":3801,"comment_status":"open","ping_status":"closed","template":"","meta":[],"product_cat":[204,208,21],"product_tag":[],"class_list":["post-3799","product","type-product","status-publish","has-post-thumbnail","hentry","product_cat-amplificadores","product_cat-amplificadores-de-televisores","product_cat-diversidad-auditiva"],"_links":{"self":[{"href":"https:\/\/0barreras.com\/en\/wp-json\/wp\/v2\/product\/3799","targetHints":{"allow":["GET"]}}],"collection":[{"href":"https:\/\/0barreras.com\/en\/wp-json\/wp\/v2\/product"}],"about":[{"href":"https:\/\/0barreras.com\/en\/wp-json\/wp\/v2\/types\/product"}],"replies":[{"embeddable":true,"href":"https:\/\/0barreras.com\/en\/wp-json\/wp\/v2\/comments?post=3799"}],"version-history":[{"count":1,"href":"https:\/\/0barreras.com\/en\/wp-json\/wp\/v2\/product\/3799\/revisions"}],"predecessor-version":[{"id":3853,"href":"https:\/\/0barreras.com\/en\/wp-json\/wp\/v2\/product\/3799\/revisions\/3853"}],"wp:featuredmedia":[{"embeddable":true,"href":"https:\/\/0barreras.com\/en\/wp-json\/wp\/v2\/media\/3801"}],"wp:attachment":[{"href":"https:\/\/0barreras.com\/en\/wp-json\/wp\/v2\/media?parent=3799"}],"wp:term":[{"taxonomy":"product_cat","embeddable":true,"href":"https:\/\/0barreras.com\/en\/wp-json\/wp\/v2\/product_cat?post=3799"},{"taxonomy":"product_tag","embeddable":true,"href":"https:\/\/0barreras.com\/en\/wp-json\/wp\/v2\/product_tag?post=3799"}],"curies":[{"name":"wp","href":"https:\/\/api.w.org\/{rel}","templated":true}]}}