{"id":3793,"date":"2024-06-13T06:41:36","date_gmt":"2024-06-13T11:41:36","guid":{"rendered":"https:\/\/0barreras.com\/?post_type=product&#038;p=3793"},"modified":"2024-06-14T15:47:03","modified_gmt":"2024-06-14T20:47:03","slug":"amplificador-personal-wear","status":"publish","type":"product","link":"https:\/\/0barreras.com\/en\/product\/amplificador-personal-wear\/","title":{"rendered":"Amplificador personal WEAR: Tecnolog\u00eda Avanzada para una Amplificaci\u00f3n Auditiva Clara y Sin Distracciones"},"content":{"rendered":"<p>El dispositivo de asistencia auditiva (ALD) WEAR utiliza tecnolog\u00eda avanzada con 10 micr\u00f3fonos direccionales, dise\u00f1ados para amplificar sonidos cercanos a menos de 1.83 metros (6 pies) de distancia. Esta innovadora tecnolog\u00eda pendiente de patente garantiza que el usuario pueda escuchar claramente a la persona que le habla, sin distraerse con ruidos y sonidos distantes en el ambiente.<\/p>\n<p>El WEAR ofrece una experiencia de amplificaci\u00f3n mejorada al enfocarse exclusivamente en los sonidos cercanos relevantes, gracias a la disposici\u00f3n direccional de los micr\u00f3fonos de matriz. Esto elimina la necesidad de apuntar el dispositivo hacia el altavoz, asegurando una escucha clara y sin esfuerzo en diversas situaciones.<\/p>\n<p>Con solo 5.08 cm (2 pulgadas) de di\u00e1metro, el WEAR se puede enganchar f\u00e1cilmente a la ropa del usuario mediante un im\u00e1n integrado, permitiendo un uso manos libres y c\u00f3modo. El volumen es ajustable de manera sencilla seg\u00fan las necesidades individuales del usuario.<\/p>\n<p>Este dispositivo funciona con una bater\u00eda recargable incluida, lo que garantiza una larga duraci\u00f3n de uso sin preocupaciones. Su dise\u00f1o ligero y f\u00e1cil de usar asegura que el usuario pueda llevarlo todo el d\u00eda sin sentirse inc\u00f3modo, proporcionando una amplificaci\u00f3n discreta y efectiva.<\/p>","protected":false},"excerpt":{"rendered":"<p>El dispositivo de asistencia auditiva WEAR utiliza tecnolog\u00eda con 10 micr\u00f3fonos direccionales para amplificar sonidos cercanos, eliminando ruidos distantes. Compacto (5.08 cm de di\u00e1metro), se engancha a la ropa con un im\u00e1n para uso manos libres. Volumen ajustable y bater\u00eda recargable incluida para una experiencia auditiva c\u00f3moda y efectiva.<\/p>","protected":false},"featured_media":3794,"comment_status":"open","ping_status":"closed","template":"","meta":[],"product_cat":[204,207,21],"product_tag":[],"class_list":["post-3793","product","type-product","status-publish","has-post-thumbnail","hentry","product_cat-amplificadores","product_cat-amplificadores-personales","product_cat-diversidad-auditiva"],"_links":{"self":[{"href":"https:\/\/0barreras.com\/en\/wp-json\/wp\/v2\/product\/3793","targetHints":{"allow":["GET"]}}],"collection":[{"href":"https:\/\/0barreras.com\/en\/wp-json\/wp\/v2\/product"}],"about":[{"href":"https:\/\/0barreras.com\/en\/wp-json\/wp\/v2\/types\/product"}],"replies":[{"embeddable":true,"href":"https:\/\/0barreras.com\/en\/wp-json\/wp\/v2\/comments?post=3793"}],"version-history":[{"count":1,"href":"https:\/\/0barreras.com\/en\/wp-json\/wp\/v2\/product\/3793\/revisions"}],"predecessor-version":[{"id":3850,"href":"https:\/\/0barreras.com\/en\/wp-json\/wp\/v2\/product\/3793\/revisions\/3850"}],"wp:featuredmedia":[{"embeddable":true,"href":"https:\/\/0barreras.com\/en\/wp-json\/wp\/v2\/media\/3794"}],"wp:attachment":[{"href":"https:\/\/0barreras.com\/en\/wp-json\/wp\/v2\/media?parent=3793"}],"wp:term":[{"taxonomy":"product_cat","embeddable":true,"href":"https:\/\/0barreras.com\/en\/wp-json\/wp\/v2\/product_cat?post=3793"},{"taxonomy":"product_tag","embeddable":true,"href":"https:\/\/0barreras.com\/en\/wp-json\/wp\/v2\/product_tag?post=3793"}],"curies":[{"name":"wp","href":"https:\/\/api.w.org\/{rel}","templated":true}]}}