{"id":3787,"date":"2024-06-13T06:28:54","date_gmt":"2024-06-13T11:28:54","guid":{"rendered":"https:\/\/0barreras.com\/?post_type=product&#038;p=3787"},"modified":"2024-06-14T15:22:26","modified_gmt":"2024-06-14T20:22:26","slug":"super-ear-plus-se7500-amplificador-de-sonido-personal","status":"publish","type":"product","link":"https:\/\/0barreras.com\/en\/product\/super-ear-plus-se7500-amplificador-de-sonido-personal\/","title":{"rendered":"SuperEar Plus 7500: Amplifica Tu Audici\u00f3n con Este Econ\u00f3mico y Potente Amplificador Personal"},"content":{"rendered":"<p>El SuperEar Plus es un amplificador personal econ\u00f3mico, ideal para mejorar la audici\u00f3n en una variedad de situaciones, como ver la televisi\u00f3n, escuchar pel\u00edculas, asistir a conferencias, participar en servicios de adoraci\u00f3n o mantener conversaciones. Este dispositivo es una soluci\u00f3n muy accesible para quienes enfrentan dificultades auditivas leves a moderadas.<\/p>\n<p>El SuperEar Plus destaca por su capacidad para aumentar la ganancia de sonido ambiental en m\u00e1s de 50 decibelios y captar sonidos a una distancia de hasta 91.44 metros (100 yardas), proporcionando una experiencia auditiva significativamente mejorada. Su dise\u00f1o incluye un micr\u00f3fono giratorio de 90 grados, que permite una captura de sonido flexible y precisa.<\/p>\n<p>Adem\u00e1s, cuenta con un bot\u00f3n de encendido\/apagado iluminado, facilitando su uso en cualquier condici\u00f3n de iluminaci\u00f3n. El paquete incluye auriculares tipo walkman con control de volumen en l\u00ednea, lo que permite ajustar el nivel de sonido seg\u00fan tus preferencias.<\/p>\n<p>Este amplificador es adecuado para personas con p\u00e9rdida auditiva leve a moderada y tiene un apagado autom\u00e1tico despu\u00e9s de 30 minutos para conservar la vida \u00fatil de la bater\u00eda. Funciona con 2 pilas AAA (incluidas), que proporcionan hasta 6 horas de uso continuo. Para mayor comodidad, el SuperEar Plus viene con un estuche de transporte, un estuche de almacenamiento de vinilo y un clip para cintur\u00f3n o bolsillo, asegurando que puedas llevarlo contigo f\u00e1cilmente.<\/p>","protected":false},"excerpt":{"rendered":"<p>El SuperEar Plus es un amplificador personal econ\u00f3mico que mejora la audici\u00f3n en televisi\u00f3n, pel\u00edculas, conferencias y m\u00e1s. Amplifica sonidos hasta 91.44 metros, con un micr\u00f3fono giratorio de 90 grados y bot\u00f3n iluminado. Incluye auriculares con control de volumen, es adecuado para p\u00e9rdida auditiva leve a moderada, y tiene un apagado autom\u00e1tico tras 30 minutos. Funciona con 2 pilas AAA (incluidas) para 6 horas de duraci\u00f3n. Viene con estuche y clip.<\/p>","protected":false},"featured_media":3788,"comment_status":"open","ping_status":"closed","template":"","meta":[],"product_cat":[204,207,21],"product_tag":[],"class_list":["post-3787","product","type-product","status-publish","has-post-thumbnail","hentry","product_cat-amplificadores","product_cat-amplificadores-personales","product_cat-diversidad-auditiva"],"_links":{"self":[{"href":"https:\/\/0barreras.com\/en\/wp-json\/wp\/v2\/product\/3787","targetHints":{"allow":["GET"]}}],"collection":[{"href":"https:\/\/0barreras.com\/en\/wp-json\/wp\/v2\/product"}],"about":[{"href":"https:\/\/0barreras.com\/en\/wp-json\/wp\/v2\/types\/product"}],"replies":[{"embeddable":true,"href":"https:\/\/0barreras.com\/en\/wp-json\/wp\/v2\/comments?post=3787"}],"version-history":[{"count":1,"href":"https:\/\/0barreras.com\/en\/wp-json\/wp\/v2\/product\/3787\/revisions"}],"predecessor-version":[{"id":3847,"href":"https:\/\/0barreras.com\/en\/wp-json\/wp\/v2\/product\/3787\/revisions\/3847"}],"wp:featuredmedia":[{"embeddable":true,"href":"https:\/\/0barreras.com\/en\/wp-json\/wp\/v2\/media\/3788"}],"wp:attachment":[{"href":"https:\/\/0barreras.com\/en\/wp-json\/wp\/v2\/media?parent=3787"}],"wp:term":[{"taxonomy":"product_cat","embeddable":true,"href":"https:\/\/0barreras.com\/en\/wp-json\/wp\/v2\/product_cat?post=3787"},{"taxonomy":"product_tag","embeddable":true,"href":"https:\/\/0barreras.com\/en\/wp-json\/wp\/v2\/product_tag?post=3787"}],"curies":[{"name":"wp","href":"https:\/\/api.w.org\/{rel}","templated":true}]}}