{"id":378,"date":"2024-01-23T18:15:35","date_gmt":"2024-01-23T23:15:35","guid":{"rendered":"https:\/\/0barreras.com\/?post_type=product&#038;p=378"},"modified":"2024-04-02T18:19:51","modified_gmt":"2024-04-02T23:19:51","slug":"schweizer-ergo-lux-15x-56d-lupa-inalambrica-iluminada","status":"publish","type":"product","link":"https:\/\/0barreras.com\/en\/product\/schweizer-ergo-lux-15x-56d-lupa-inalambrica-iluminada\/","title":{"rendered":"Lupa Inal\u00e1mbrica Iluminada Schweizer ERGO Lux 15X\/56D"},"content":{"rendered":"<p>La lupa de mano ERGO-Lux i de Schweizer es una herramienta de alta calidad que ofrece una lectura c\u00f3moda gracias a sus dos ajustes de brillo y su alta portabilidad. Con iluminaci\u00f3n LED y carga inal\u00e1mbrica por inducci\u00f3n, esta lupa ofrece una amplia gama de potencias de aumento, desde 6D (2,5X) hasta 56D (15X), en 11 niveles diferentes. Para cargarla, simplemente col\u00f3quela en la almohadilla de carga por inducci\u00f3n incluida, obteniendo hasta 7 horas de iluminaci\u00f3n LED con una carga completa de 3 horas. La tecnolog\u00eda de inducci\u00f3n elimina la necesidad de bater\u00edas de repuesto y simplifica el proceso de carga.<br \/>\nLa iluminaci\u00f3n LED proporciona una temperatura de luz de 6500 Kelvin, ideal para una lectura brillante y de alto contraste. La lupa m\u00e1s potente de la serie, con 56D \/ 15X, tiene un di\u00e1metro de 35 mm y una distancia focal de menos de 1&#8243;. Adem\u00e1s, se puede convertir en una lupa de pie manos libres con un soporte de pl\u00e1stico opcional, modelo 160562, dise\u00f1ado espec\u00edficamente para esta potencia de lupa, garantizando la distancia focal adecuada.<\/p>","protected":false},"excerpt":{"rendered":"<div id=\"cib-chat-main\" class=\"main\">\n<div class=\"message\">\n<div class=\"content\" aria-label=\"Enviado por Copilot: \">\n<div class=\"ac-container ac-adaptiveCard\">\n<div class=\"ac-textBlock\">\n<p>La lupa de mano ERGO-Lux i de Schweizer es una herramienta de alta calidad con iluminaci\u00f3n LED y carga inal\u00e1mbrica por inducci\u00f3n. Ofrece una amplia gama de potencias de aumento, desde 6D hasta 56D, en 11 niveles diferentes. Su dise\u00f1o port\u00e1til y sus caracter\u00edsticas avanzadas la convierten en una opci\u00f3n ideal para una lectura c\u00f3moda y precisa.<\/p>\n<\/div>\n<\/div>\n<\/div>\n<\/div>\n<\/div>","protected":false},"featured_media":379,"comment_status":"open","ping_status":"closed","template":"","meta":[],"product_cat":[18,52,54,53],"product_tag":[],"class_list":["post-378","product","type-product","status-publish","has-post-thumbnail","hentry","product_cat-baja-vision","product_cat-lupas","product_cat-lupas-de-carga-inalambrica-schweizer-ergo-lux","product_cat-lupas-schweizer-lupas"],"_links":{"self":[{"href":"https:\/\/0barreras.com\/en\/wp-json\/wp\/v2\/product\/378","targetHints":{"allow":["GET"]}}],"collection":[{"href":"https:\/\/0barreras.com\/en\/wp-json\/wp\/v2\/product"}],"about":[{"href":"https:\/\/0barreras.com\/en\/wp-json\/wp\/v2\/types\/product"}],"replies":[{"embeddable":true,"href":"https:\/\/0barreras.com\/en\/wp-json\/wp\/v2\/comments?post=378"}],"version-history":[{"count":1,"href":"https:\/\/0barreras.com\/en\/wp-json\/wp\/v2\/product\/378\/revisions"}],"predecessor-version":[{"id":1148,"href":"https:\/\/0barreras.com\/en\/wp-json\/wp\/v2\/product\/378\/revisions\/1148"}],"wp:featuredmedia":[{"embeddable":true,"href":"https:\/\/0barreras.com\/en\/wp-json\/wp\/v2\/media\/379"}],"wp:attachment":[{"href":"https:\/\/0barreras.com\/en\/wp-json\/wp\/v2\/media?parent=378"}],"wp:term":[{"taxonomy":"product_cat","embeddable":true,"href":"https:\/\/0barreras.com\/en\/wp-json\/wp\/v2\/product_cat?post=378"},{"taxonomy":"product_tag","embeddable":true,"href":"https:\/\/0barreras.com\/en\/wp-json\/wp\/v2\/product_tag?post=378"}],"curies":[{"name":"wp","href":"https:\/\/api.w.org\/{rel}","templated":true}]}}