{"id":376,"date":"2024-01-23T18:14:15","date_gmt":"2024-01-23T23:14:15","guid":{"rendered":"https:\/\/0barreras.com\/?post_type=product&#038;p=376"},"modified":"2024-04-02T16:04:14","modified_gmt":"2024-04-02T21:04:14","slug":"schweizer-ergo-lux-13x-48d-lupa-inalambrica-iluminada","status":"publish","type":"product","link":"https:\/\/0barreras.com\/en\/product\/schweizer-ergo-lux-13x-48d-lupa-inalambrica-iluminada\/","title":{"rendered":"Lupa Inal\u00e1mbrica Iluminada Schweizer ERGO Lux 13X\/48D"},"content":{"rendered":"<p>La lupa de mano m\u00f3vil con iluminaci\u00f3n LED ERGO-Lux i de Schweizer facilita la lectura con carga inal\u00e1mbrica por inducci\u00f3n, 2 ajustes de brillo, gran portabilidad y una amplia gama de potencias de aumento, desde 6D (2,5X) hasta 56D (15X) en 11 potencias diferentes.<br \/>\nPara cargarla, simplemente ap\u00f3yela en la almohadilla de carga por inducci\u00f3n incluida, obteniendo 7 horas de iluminaci\u00f3n LED con una carga de 3 horas. La iluminaci\u00f3n LED ofrece una temperatura brillante y natural de 6500 Kelvin, ideal para una lectura \u00f3ptima. La lupa 48D \/ 13X tiene un di\u00e1metro de 35 mm y una distancia focal inferior a 1&#8243;, lo que la hace una de las lupas m\u00e1s potentes del mercado.<br \/>\nAumente su funcionalidad convirti\u00e9ndola en una lupa de pie manos libres con un soporte de pl\u00e1stico opcional. La base m\u00f3vil opcional debe comprarse para la potencia espec\u00edfica de una lupa determinada. La lupa incluye una carga por inducci\u00f3n, luz de carga LED y dise\u00f1o ergon\u00f3mico.<\/p>","protected":false},"excerpt":{"rendered":"<p>La lupa de mano m\u00f3vil ERGO-Lux i de Schweizer ofrece iluminaci\u00f3n LED con carga inal\u00e1mbrica por inducci\u00f3n, 2 ajustes de brillo y una amplia gama de potencias de aumento, desde 6D hasta 56D. La lupa incluye una funci\u00f3n de carga r\u00e1pida, iluminaci\u00f3n LED de alta calidad y un dise\u00f1o ergon\u00f3mico para una lectura c\u00f3moda.<br \/>\nTambi\u00e9n se puede convertir en una lupa de pie manos libres con un soporte opcional. Ideal para lectura y tareas detalladas.<\/p>","protected":false},"featured_media":377,"comment_status":"open","ping_status":"closed","template":"","meta":[],"product_cat":[18,52,54,53],"product_tag":[],"class_list":["post-376","product","type-product","status-publish","has-post-thumbnail","hentry","product_cat-baja-vision","product_cat-lupas","product_cat-lupas-de-carga-inalambrica-schweizer-ergo-lux","product_cat-lupas-schweizer-lupas"],"_links":{"self":[{"href":"https:\/\/0barreras.com\/en\/wp-json\/wp\/v2\/product\/376","targetHints":{"allow":["GET"]}}],"collection":[{"href":"https:\/\/0barreras.com\/en\/wp-json\/wp\/v2\/product"}],"about":[{"href":"https:\/\/0barreras.com\/en\/wp-json\/wp\/v2\/types\/product"}],"replies":[{"embeddable":true,"href":"https:\/\/0barreras.com\/en\/wp-json\/wp\/v2\/comments?post=376"}],"version-history":[{"count":1,"href":"https:\/\/0barreras.com\/en\/wp-json\/wp\/v2\/product\/376\/revisions"}],"predecessor-version":[{"id":1146,"href":"https:\/\/0barreras.com\/en\/wp-json\/wp\/v2\/product\/376\/revisions\/1146"}],"wp:featuredmedia":[{"embeddable":true,"href":"https:\/\/0barreras.com\/en\/wp-json\/wp\/v2\/media\/377"}],"wp:attachment":[{"href":"https:\/\/0barreras.com\/en\/wp-json\/wp\/v2\/media?parent=376"}],"wp:term":[{"taxonomy":"product_cat","embeddable":true,"href":"https:\/\/0barreras.com\/en\/wp-json\/wp\/v2\/product_cat?post=376"},{"taxonomy":"product_tag","embeddable":true,"href":"https:\/\/0barreras.com\/en\/wp-json\/wp\/v2\/product_tag?post=376"}],"curies":[{"name":"wp","href":"https:\/\/api.w.org\/{rel}","templated":true}]}}