{"id":371,"date":"2024-01-23T18:11:29","date_gmt":"2024-01-23T23:11:29","guid":{"rendered":"https:\/\/0barreras.com\/?post_type=product&#038;p=371"},"modified":"2024-04-02T15:49:20","modified_gmt":"2024-04-02T20:49:20","slug":"schweizer-ergo-lux-8x-28d-lupa-inalambrica-iluminada","status":"publish","type":"product","link":"https:\/\/0barreras.com\/en\/product\/schweizer-ergo-lux-8x-28d-lupa-inalambrica-iluminada\/","title":{"rendered":"Lupa inal\u00e1mbrica iluminada Schweizer ERGO Lux 8X\/28D"},"content":{"rendered":"<p>La lupa de mano m\u00f3vil con iluminaci\u00f3n LED ERGO-Lux i de Schweizer facilita un poco la lectura con carga inal\u00e1mbrica por inducci\u00f3n, 2 ajustes de brillo, gran portabilidad y una amplia gama de potencias de aumento, que van desde 6D (2,5X) hasta 56D (15X) en 11 potencias de aumento diferentes.<br \/>\nPara cargar esta lupa \u00f3ptica de bolsillo, simplemente ap\u00f3yela en la almohadilla de carga por inducci\u00f3n incluida, y la lupa obtendr\u00e1 7 horas de iluminaci\u00f3n LED con una carga de 3 horas. Con un cargador de inducci\u00f3n, no tiene que preocuparse por tener bater\u00edas de repuesto a mano ni luchar para insertar esas bater\u00edas en la orientaci\u00f3n correcta. No es necesario enchufar nada una vez que la plataforma de carga est\u00e1 configurada.<br \/>\nLa iluminaci\u00f3n LED se ofrece con una temperatura brillante y natural de 6500 Kelvin, lo que proporciona una luz brillante, de alto contraste y uniformemente dispersa para una lectura \u00f3ptima. Dos niveles diferentes de iluminaci\u00f3n le permiten encontrar la iluminaci\u00f3n m\u00e1s c\u00f3moda<br \/>\nLa lupa de 28 dioptr\u00edas (8X) tiene un di\u00e1metro de 35 mm, o aproximadamente 1,4&#8243;. Dada su alta potencia, la distancia focal es de 1,4&#8243;, lo que significa que el lector debe estar bastante cerca del material de lectura.<br \/>\nAumente la funcionalidad de su lupa convirti\u00e9ndola en una lupa de pie manos libres con el uso de un soporte de pl\u00e1stico opcional. Inserte la lupa en el soporte m\u00f3vil y se convertir\u00e1 en una lupa de pie de manos libres, lo que le permitir\u00e1 realizar tareas simples como escribir. Esta base m\u00f3vil opcional debe comprarse para la potencia espec\u00edfica de una lupa determinada y establecer\u00e1 la distancia focal correcta para esa potencia. La base opcional para la lupa de bolsillo ERGO 28D (8X) es 160282.<br \/>\nFunciones<br \/>\nCarga basada en inducci\u00f3n con almohadilla de inducci\u00f3n incluida.<br \/>\nLa luz LED roja de carga en el mango de la lupa indica cu\u00e1ndo se est\u00e1 cargando la lupa<br \/>\n7 horas de iluminaci\u00f3n m\u00e1xima despu\u00e9s de una carga de 3 horas. Una hora de iluminaci\u00f3n despu\u00e9s de solo 10 minutos de carga<br \/>\n2 niveles de brillo con retroalimentaci\u00f3n de conmutaci\u00f3n audible<br \/>\nDise\u00f1o ergon\u00f3mico y zona suave al tacto para una mayor fuerza de agarre<br \/>\nLentes asf\u00e9ricas ligeras<br \/>\nLazo de cord\u00f3n integrado<\/p>","protected":false},"excerpt":{"rendered":"<p>La lupa de mano m\u00f3vil ERGO-Lux i de Schweizer ofrece una iluminaci\u00f3n LED con carga inal\u00e1mbrica por inducci\u00f3n, 2 ajustes de brillo y una amplia gama de potencias de aumento, desde 6D hasta 56D. La lupa incluye una funci\u00f3n de carga r\u00e1pida, iluminaci\u00f3n LED de alta calidad y un dise\u00f1o ergon\u00f3mico para una lectura c\u00f3moda. Tambi\u00e9n se puede convertir en una lupa de pie manos libres con un soporte opcional. Ideal para lectura y tareas detalladas.<br \/>\nbrillo, gran portabilidad y una amplia gama de potencias de aumento, que van desde 6D (2,5X) hasta 56D (15X) en 11 potencias de aumento diferentes.<\/p>","protected":false},"featured_media":372,"comment_status":"open","ping_status":"closed","template":"","meta":[],"product_cat":[18,52,54,53],"product_tag":[],"class_list":["post-371","product","type-product","status-publish","has-post-thumbnail","hentry","product_cat-baja-vision","product_cat-lupas","product_cat-lupas-de-carga-inalambrica-schweizer-ergo-lux","product_cat-lupas-schweizer-lupas"],"_links":{"self":[{"href":"https:\/\/0barreras.com\/en\/wp-json\/wp\/v2\/product\/371","targetHints":{"allow":["GET"]}}],"collection":[{"href":"https:\/\/0barreras.com\/en\/wp-json\/wp\/v2\/product"}],"about":[{"href":"https:\/\/0barreras.com\/en\/wp-json\/wp\/v2\/types\/product"}],"replies":[{"embeddable":true,"href":"https:\/\/0barreras.com\/en\/wp-json\/wp\/v2\/comments?post=371"}],"version-history":[{"count":1,"href":"https:\/\/0barreras.com\/en\/wp-json\/wp\/v2\/product\/371\/revisions"}],"predecessor-version":[{"id":1144,"href":"https:\/\/0barreras.com\/en\/wp-json\/wp\/v2\/product\/371\/revisions\/1144"}],"wp:featuredmedia":[{"embeddable":true,"href":"https:\/\/0barreras.com\/en\/wp-json\/wp\/v2\/media\/372"}],"wp:attachment":[{"href":"https:\/\/0barreras.com\/en\/wp-json\/wp\/v2\/media?parent=371"}],"wp:term":[{"taxonomy":"product_cat","embeddable":true,"href":"https:\/\/0barreras.com\/en\/wp-json\/wp\/v2\/product_cat?post=371"},{"taxonomy":"product_tag","embeddable":true,"href":"https:\/\/0barreras.com\/en\/wp-json\/wp\/v2\/product_tag?post=371"}],"curies":[{"name":"wp","href":"https:\/\/api.w.org\/{rel}","templated":true}]}}