{"id":3696,"date":"2024-06-10T06:46:13","date_gmt":"2024-06-10T11:46:13","guid":{"rendered":"https:\/\/0barreras.com\/?post_type=product&#038;p=3696"},"modified":"2024-06-13T21:16:48","modified_gmt":"2024-06-14T02:16:48","slug":"receptor-de-despertador-bellman-visit-433","status":"publish","type":"product","link":"https:\/\/0barreras.com\/en\/product\/receptor-de-despertador-bellman-visit-433\/","title":{"rendered":"Despertador Bellman Visit 433: Innovaci\u00f3n en Alertas Multisensoriales para Todos"},"content":{"rendered":"<p>El despertador Bellman Visit es una soluci\u00f3n integral dise\u00f1ada para personas con discapacidades visuales y auditivas. Este avanzado dispositivo forma parte del sistema de alerta Bellman Visit, que permite recibir se\u00f1ales de cualquier transmisor del sistema. Este despertador no solo garantiza que no te pierdas ninguna se\u00f1al importante, sino que tambi\u00e9n ofrece m\u00faltiples modos de alerta para adaptarse a tus necesidades espec\u00edficas.<\/p>\n<p>Las alertas de oscilaci\u00f3n brillante proporcionan se\u00f1ales visuales llamativas, mientras que los patrones de sonido distintivos aseguran que las notificaciones auditivas sean f\u00e1cilmente reconocibles. Adem\u00e1s, el despertador puede utilizarse con un agitador de cama opcional, que ofrece alertas por vibraci\u00f3n, ideal para quienes prefieren se\u00f1ales t\u00e1ctiles. Este dispositivo puede recibir se\u00f1ales de varios transmisores Bellman, incluyendo el transmisor de puerta, lo que significa que nunca te perder\u00e1s de visitantes o llamadas importantes.<\/p>\n<p>Equipado con un receptor de radio, el Bellman Visit tambi\u00e9n puede conectarse a un conector telef\u00f3nico est\u00e1ndar, creando alertas para timbres telef\u00f3nicos. Las pantallas LED multicolores indican distintas alarmas, facilitando la identificaci\u00f3n r\u00e1pida y precisa de cada tipo de se\u00f1al. Este despertador es alimentado por un adaptador de CA cerrado y cuenta con una bater\u00eda de respaldo de NiMH, asegurando su funcionamiento continuo incluso en caso de cortes de energ\u00eda.<\/p>\n<p>La versatilidad del despertador Bellman Visit y su capacidad para integrar m\u00faltiples fuentes de alerta lo hacen imprescindible para cualquier hogar con personas con discapacidades auditivas o visuales. Es importante destacar que se requiere al menos un transmisor Bellman para que este receptor funcione correctamente.<\/p>","protected":false},"excerpt":{"rendered":"<p>El despertador Bellman Visit, compatible con el sistema de alerta Bellman Visit, ofrece alertas visuales, sonoras y vibrantes para personas con discapacidades visuales y auditivas. Incluye un receptor de radio y pantallas LED multicolores, y puede conectarse a un conector telef\u00f3nico est\u00e1ndar para alertas de timbre. Alimentado por un adaptador de CA con respaldo de bater\u00eda NiMH, este dispositivo asegura que nunca te pierdas una se\u00f1al importante.<\/p>","protected":false},"featured_media":3695,"comment_status":"open","ping_status":"closed","template":"","meta":[],"product_cat":[200,201,21,193],"product_tag":[],"class_list":["post-3696","product","type-product","status-publish","has-post-thumbnail","hentry","product_cat-bellman","product_cat-bellman-marca","product_cat-diversidad-auditiva","product_cat-sistemas-de-alerta"],"_links":{"self":[{"href":"https:\/\/0barreras.com\/en\/wp-json\/wp\/v2\/product\/3696","targetHints":{"allow":["GET"]}}],"collection":[{"href":"https:\/\/0barreras.com\/en\/wp-json\/wp\/v2\/product"}],"about":[{"href":"https:\/\/0barreras.com\/en\/wp-json\/wp\/v2\/types\/product"}],"replies":[{"embeddable":true,"href":"https:\/\/0barreras.com\/en\/wp-json\/wp\/v2\/comments?post=3696"}],"version-history":[{"count":1,"href":"https:\/\/0barreras.com\/en\/wp-json\/wp\/v2\/product\/3696\/revisions"}],"predecessor-version":[{"id":3831,"href":"https:\/\/0barreras.com\/en\/wp-json\/wp\/v2\/product\/3696\/revisions\/3831"}],"wp:featuredmedia":[{"embeddable":true,"href":"https:\/\/0barreras.com\/en\/wp-json\/wp\/v2\/media\/3695"}],"wp:attachment":[{"href":"https:\/\/0barreras.com\/en\/wp-json\/wp\/v2\/media?parent=3696"}],"wp:term":[{"taxonomy":"product_cat","embeddable":true,"href":"https:\/\/0barreras.com\/en\/wp-json\/wp\/v2\/product_cat?post=3696"},{"taxonomy":"product_tag","embeddable":true,"href":"https:\/\/0barreras.com\/en\/wp-json\/wp\/v2\/product_tag?post=3696"}],"curies":[{"name":"wp","href":"https:\/\/api.w.org\/{rel}","templated":true}]}}