{"id":3682,"date":"2024-06-10T06:39:41","date_gmt":"2024-06-10T11:39:41","guid":{"rendered":"https:\/\/0barreras.com\/?post_type=product&#038;p=3682"},"modified":"2024-06-12T21:22:44","modified_gmt":"2024-06-13T02:22:44","slug":"transmisor-de-llanto-de-bebe-serene-central-alert-ca-bx","status":"publish","type":"product","link":"https:\/\/0barreras.com\/en\/product\/transmisor-de-llanto-de-bebe-serene-central-alert-ca-bx\/","title":{"rendered":"Baby Alert: Sensor Inal\u00e1mbrico para Monitorizaci\u00f3n de Sonidos del Beb\u00e9"},"content":{"rendered":"<p>El sensor de audio inal\u00e1mbrico Baby Alert monitorea los sonidos del beb\u00e9 en tiempo real, activ\u00e1ndose ante cualquier sonido fuerte para enviar una se\u00f1al inal\u00e1mbrica a receptores Serene CentralAlert instalados en su hogar. Este dispositivo es sensible y se detendr\u00e1 autom\u00e1ticamente cuando el beb\u00e9 deje de llorar o hacer ruido. Cuenta con un interruptor deslizante de sensibilidad de micr\u00f3fono de 3 posiciones para ajustar la configuraci\u00f3n seg\u00fan las necesidades personales y optimizar la detecci\u00f3n de sonidos. La duraci\u00f3n de la bater\u00eda es de aproximadamente 10 meses, proporcionando una operaci\u00f3n confiable a largo plazo.<\/p>","protected":false},"excerpt":{"rendered":"<p>El sensor de audio inal\u00e1mbrico Baby Alert monitoriza sonidos del beb\u00e9 en tiempo real, activando alertas inal\u00e1mbricas al sistema Serene CentralAlert. Con interruptor de sensibilidad ajustable y larga duraci\u00f3n de bater\u00eda.<\/p>","protected":false},"featured_media":3683,"comment_status":"open","ping_status":"closed","template":"","meta":[],"product_cat":[21,150,199,193],"product_tag":[],"class_list":["post-3682","product","type-product","status-publish","has-post-thumbnail","hentry","product_cat-diversidad-auditiva","product_cat-serene","product_cat-serene-sistemas-de-alerta","product_cat-sistemas-de-alerta"],"_links":{"self":[{"href":"https:\/\/0barreras.com\/en\/wp-json\/wp\/v2\/product\/3682","targetHints":{"allow":["GET"]}}],"collection":[{"href":"https:\/\/0barreras.com\/en\/wp-json\/wp\/v2\/product"}],"about":[{"href":"https:\/\/0barreras.com\/en\/wp-json\/wp\/v2\/types\/product"}],"replies":[{"embeddable":true,"href":"https:\/\/0barreras.com\/en\/wp-json\/wp\/v2\/comments?post=3682"}],"version-history":[{"count":1,"href":"https:\/\/0barreras.com\/en\/wp-json\/wp\/v2\/product\/3682\/revisions"}],"predecessor-version":[{"id":3769,"href":"https:\/\/0barreras.com\/en\/wp-json\/wp\/v2\/product\/3682\/revisions\/3769"}],"wp:featuredmedia":[{"embeddable":true,"href":"https:\/\/0barreras.com\/en\/wp-json\/wp\/v2\/media\/3683"}],"wp:attachment":[{"href":"https:\/\/0barreras.com\/en\/wp-json\/wp\/v2\/media?parent=3682"}],"wp:term":[{"taxonomy":"product_cat","embeddable":true,"href":"https:\/\/0barreras.com\/en\/wp-json\/wp\/v2\/product_cat?post=3682"},{"taxonomy":"product_tag","embeddable":true,"href":"https:\/\/0barreras.com\/en\/wp-json\/wp\/v2\/product_tag?post=3682"}],"curies":[{"name":"wp","href":"https:\/\/api.w.org\/{rel}","templated":true}]}}