{"id":3670,"date":"2024-06-10T06:35:52","date_gmt":"2024-06-10T11:35:52","guid":{"rendered":"https:\/\/0barreras.com\/?post_type=product&#038;p=3670"},"modified":"2024-06-12T21:06:30","modified_gmt":"2024-06-13T02:06:30","slug":"kit-del-sistema-de-alerta-central-serene-ca360qk","status":"publish","type":"product","link":"https:\/\/0barreras.com\/en\/product\/kit-del-sistema-de-alerta-central-serene-ca360qk\/","title":{"rendered":"Serene CA-360Q: Kit de Sistema Completo de Notificaci\u00f3n para el Hogar con Alertas Personalizables"},"content":{"rendered":"<p>El sistema Serene CA-360Q es una soluci\u00f3n completa de notificaci\u00f3n para el hogar que cubre una amplia gama de sonidos diarios y alertas importantes. Desde el despertador hasta el timbre de la puerta, el CA-360Q tambi\u00e9n alerta sobre el timbre del tel\u00e9fono, alarmas de audio, detectores de movimiento y advertencias de tormenta de la radio NOAA, entre otros. Equipado con un intermitente brillante integrado, ofrece opciones de sonido audible ajustable y notificaciones visuales mediante \u00edconos. Incorpora un potente agitador de cama para garantizar que las alertas sean percibidas incluso por personas con problemas auditivos. Adem\u00e1s, cuenta con una alarma dual que incluye dos tomas para agitar la cama, asegurando una notificaci\u00f3n efectiva en cualquier situaci\u00f3n.<\/p>\n<p>El kit base Serene CA-360QK incluye la unidad receptora principal, un timbre inal\u00e1mbrico, un agitador de cama y un adaptador de CA. No requiere instalaci\u00f3n y todas las operaciones son inal\u00e1mbricas, utilizando tecnolog\u00eda de transmisi\u00f3n de 2,4 GHz para evitar interferencias y proporcionar cobertura completa en todo el hogar, con un rango operativo de hasta 200 pies. Se pueden a\u00f1adir accesorios adicionales como alarmas de audio, transmisor de tel\u00e9fono inteligente, alerta de llanto de beb\u00e9, detector de movimiento, timbre de puerta, alerta de intercomunicador, alerta de advertencia de tormenta de la NOAA o un receptor remoto para una personalizaci\u00f3n extendida y adaptabilidad a las necesidades espec\u00edficas del usuario.<\/p>","protected":false},"excerpt":{"rendered":"<p>El sistema Serene CA-360Q es una soluci\u00f3n avanzada de notificaci\u00f3n para el hogar que cubre sonidos diarios y alertas cr\u00edticas, con intermitente brillante, sonido audible ajustable y agitador de cama. Opera sin cables con tecnolog\u00eda de transmisi\u00f3n de 2,4 GHz y ofrece accesorios adicionales para ampliar sus capacidades.<\/p>","protected":false},"featured_media":3671,"comment_status":"open","ping_status":"closed","template":"","meta":[],"product_cat":[21,199,150,193],"product_tag":[],"class_list":["post-3670","product","type-product","status-publish","has-post-thumbnail","hentry","product_cat-diversidad-auditiva","product_cat-serene-sistemas-de-alerta","product_cat-serene","product_cat-sistemas-de-alerta"],"_links":{"self":[{"href":"https:\/\/0barreras.com\/en\/wp-json\/wp\/v2\/product\/3670","targetHints":{"allow":["GET"]}}],"collection":[{"href":"https:\/\/0barreras.com\/en\/wp-json\/wp\/v2\/product"}],"about":[{"href":"https:\/\/0barreras.com\/en\/wp-json\/wp\/v2\/types\/product"}],"replies":[{"embeddable":true,"href":"https:\/\/0barreras.com\/en\/wp-json\/wp\/v2\/comments?post=3670"}],"version-history":[{"count":1,"href":"https:\/\/0barreras.com\/en\/wp-json\/wp\/v2\/product\/3670\/revisions"}],"predecessor-version":[{"id":3765,"href":"https:\/\/0barreras.com\/en\/wp-json\/wp\/v2\/product\/3670\/revisions\/3765"}],"wp:featuredmedia":[{"embeddable":true,"href":"https:\/\/0barreras.com\/en\/wp-json\/wp\/v2\/media\/3671"}],"wp:attachment":[{"href":"https:\/\/0barreras.com\/en\/wp-json\/wp\/v2\/media?parent=3670"}],"wp:term":[{"taxonomy":"product_cat","embeddable":true,"href":"https:\/\/0barreras.com\/en\/wp-json\/wp\/v2\/product_cat?post=3670"},{"taxonomy":"product_tag","embeddable":true,"href":"https:\/\/0barreras.com\/en\/wp-json\/wp\/v2\/product_tag?post=3670"}],"curies":[{"name":"wp","href":"https:\/\/api.w.org\/{rel}","templated":true}]}}