{"id":3666,"date":"2024-06-10T06:34:27","date_gmt":"2024-06-10T11:34:27","guid":{"rendered":"https:\/\/0barreras.com\/?post_type=product&#038;p=3666"},"modified":"2024-06-12T20:56:51","modified_gmt":"2024-06-13T01:56:51","slug":"radio-meteorologica-de-midland","status":"publish","type":"product","link":"https:\/\/0barreras.com\/en\/product\/radio-meteorologica-de-midland\/","title":{"rendered":"Radio meteorol\u00f3gica de Midland WR120 NOAA: Alertas Autom\u00e1ticas para 60+ Peligros Clim\u00e1ticos y Compatibilidad con Sistemas Auditivos&#8221;"},"content":{"rendered":"<p>La radio meteorol\u00f3gica Midland WR120 NOAA es reconocida como el est\u00e1ndar de oro en radios meteorol\u00f3gicas por la NOAA. Equipada con programaci\u00f3n localizada S.A.M.E. EZ, esta radio proporciona alertas sobre m\u00e1s de 60 tipos de peligros y emergencias clim\u00e1ticas, asegurando que est\u00e9s informado ante cualquier situaci\u00f3n adversa. Cuando el Servicio Meteorol\u00f3gico Nacional emite una alerta o advertencia de clima severo, la WR120 alerta autom\u00e1ticamente, brind\u00e1ndote tiempo crucial para tomar medidas de seguridad. Entre los peligros que puede alertar se encuentran vigilancia y advertencia de tornado, tormentas el\u00e9ctricas severas, tormentas tropicales, vientos fuertes y m\u00e1s.<\/p>\n<p>Para aquellos que utilizan sistemas de alerta en el hogar para personas con problemas auditivos, la WR120 emite tonos detectables por el transmisor de alerta meteorol\u00f3gica de Serene. Esto permite que, durante una emergencia meteorol\u00f3gica, el transmisor Serene env\u00ede la se\u00f1al de alerta al receptor principal, alertando efectivamente a personas con problemas auditivos sobre la situaci\u00f3n.<\/p>","protected":false},"excerpt":{"rendered":"<p>La radio meteorol\u00f3gica Midland WR120 NOAA es el est\u00e1ndar en alertas clim\u00e1ticas con programaci\u00f3n localizada S.A.M.E. EZ. Emite alertas autom\u00e1ticas para m\u00e1s de 60 tipos de peligros clim\u00e1ticos, incluyendo tornados y tormentas severas. Compatible con sistemas de alerta para personas con problemas auditivos mediante tonos detectables por el transmisor de Serene.<\/p>","protected":false},"featured_media":3667,"comment_status":"open","ping_status":"closed","template":"","meta":[],"product_cat":[21,199,150,193],"product_tag":[],"class_list":["post-3666","product","type-product","status-publish","has-post-thumbnail","hentry","product_cat-diversidad-auditiva","product_cat-serene-sistemas-de-alerta","product_cat-serene","product_cat-sistemas-de-alerta"],"_links":{"self":[{"href":"https:\/\/0barreras.com\/en\/wp-json\/wp\/v2\/product\/3666","targetHints":{"allow":["GET"]}}],"collection":[{"href":"https:\/\/0barreras.com\/en\/wp-json\/wp\/v2\/product"}],"about":[{"href":"https:\/\/0barreras.com\/en\/wp-json\/wp\/v2\/types\/product"}],"replies":[{"embeddable":true,"href":"https:\/\/0barreras.com\/en\/wp-json\/wp\/v2\/comments?post=3666"}],"version-history":[{"count":1,"href":"https:\/\/0barreras.com\/en\/wp-json\/wp\/v2\/product\/3666\/revisions"}],"predecessor-version":[{"id":3763,"href":"https:\/\/0barreras.com\/en\/wp-json\/wp\/v2\/product\/3666\/revisions\/3763"}],"wp:featuredmedia":[{"embeddable":true,"href":"https:\/\/0barreras.com\/en\/wp-json\/wp\/v2\/media\/3667"}],"wp:attachment":[{"href":"https:\/\/0barreras.com\/en\/wp-json\/wp\/v2\/media?parent=3666"}],"wp:term":[{"taxonomy":"product_cat","embeddable":true,"href":"https:\/\/0barreras.com\/en\/wp-json\/wp\/v2\/product_cat?post=3666"},{"taxonomy":"product_tag","embeddable":true,"href":"https:\/\/0barreras.com\/en\/wp-json\/wp\/v2\/product_tag?post=3666"}],"curies":[{"name":"wp","href":"https:\/\/api.w.org\/{rel}","templated":true}]}}