{"id":3659,"date":"2024-06-10T06:29:22","date_gmt":"2024-06-10T11:29:22","guid":{"rendered":"https:\/\/0barreras.com\/?post_type=product&#038;p=3659"},"modified":"2024-06-12T19:43:49","modified_gmt":"2024-06-13T00:43:49","slug":"homeaware-ii-senalizador-de-telefono-fijo","status":"publish","type":"product","link":"https:\/\/0barreras.com\/en\/product\/homeaware-ii-senalizador-de-telefono-fijo\/","title":{"rendered":"Transmisor Telef\u00f3nico Remoto Sonic Alert HomeAware\u2122: Notificaci\u00f3n Instant\u00e1nea de Llamadas Telef\u00f3nicas y M\u00e1s"},"content":{"rendered":"<p>El transmisor telef\u00f3nico remoto Sonic Alert HomeAware\u2122 es una parte integral del sistema de alerta HomeAware\u2122 de Sonic Alert, dise\u00f1ado para notificar a personas sordas e hipoac\u00fasicas sobre llamadas telef\u00f3nicas, llamadas de servicio de retransmisi\u00f3n de v\u00eddeo (VRS) o faxes. Este transmisor se conecta al sistema a trav\u00e9s de un conector telef\u00f3nico RJ11 est\u00e1ndar, que puede ser un conector de pared, un puerto de tel\u00e9fono en un dispositivo como un tel\u00e9fono o una m\u00e1quina de fax, o un conector proporcionado por hardware VoIP o VRS.<\/p>\n<p>El transmisor telef\u00f3nico remoto env\u00eda se\u00f1ales al receptor principal HomeAware (modelo 731073), asegurando que los usuarios est\u00e9n informados de todas las comunicaciones importantes que lleguen a trav\u00e9s del tel\u00e9fono. Con una garant\u00eda del fabricante de un a\u00f1o, este dispositivo garantiza fiabilidad y funcionalidad para satisfacer las necesidades de alerta en el hogar.<\/p>","protected":false},"excerpt":{"rendered":"<p>El transmisor telef\u00f3nico remoto Sonic Alert HomeAware\u2122 notifica sobre llamadas telef\u00f3nicas, VRS o faxes a trav\u00e9s del sistema de alerta HomeAware\u2122. Se conecta mediante un conector RJ11 est\u00e1ndar y requiere el receptor principal HomeAware, modelo 731073.<\/p>","protected":false},"featured_media":3660,"comment_status":"open","ping_status":"closed","template":"","meta":[],"product_cat":[21,193,198,196,197],"product_tag":[],"class_list":["post-3659","product","type-product","status-publish","has-post-thumbnail","hentry","product_cat-diversidad-auditiva","product_cat-sistemas-de-alerta","product_cat-sonic-alert-marca","product_cat-sonic-alert","product_cat-sonic-alert-homeaware"],"_links":{"self":[{"href":"https:\/\/0barreras.com\/en\/wp-json\/wp\/v2\/product\/3659","targetHints":{"allow":["GET"]}}],"collection":[{"href":"https:\/\/0barreras.com\/en\/wp-json\/wp\/v2\/product"}],"about":[{"href":"https:\/\/0barreras.com\/en\/wp-json\/wp\/v2\/types\/product"}],"replies":[{"embeddable":true,"href":"https:\/\/0barreras.com\/en\/wp-json\/wp\/v2\/comments?post=3659"}],"version-history":[{"count":1,"href":"https:\/\/0barreras.com\/en\/wp-json\/wp\/v2\/product\/3659\/revisions"}],"predecessor-version":[{"id":3759,"href":"https:\/\/0barreras.com\/en\/wp-json\/wp\/v2\/product\/3659\/revisions\/3759"}],"wp:featuredmedia":[{"embeddable":true,"href":"https:\/\/0barreras.com\/en\/wp-json\/wp\/v2\/media\/3660"}],"wp:attachment":[{"href":"https:\/\/0barreras.com\/en\/wp-json\/wp\/v2\/media?parent=3659"}],"wp:term":[{"taxonomy":"product_cat","embeddable":true,"href":"https:\/\/0barreras.com\/en\/wp-json\/wp\/v2\/product_cat?post=3659"},{"taxonomy":"product_tag","embeddable":true,"href":"https:\/\/0barreras.com\/en\/wp-json\/wp\/v2\/product_tag?post=3659"}],"curies":[{"name":"wp","href":"https:\/\/api.w.org\/{rel}","templated":true}]}}