{"id":3649,"date":"2024-06-10T06:24:19","date_gmt":"2024-06-10T11:24:19","guid":{"rendered":"https:\/\/0barreras.com\/?post_type=product&#038;p=3649"},"modified":"2024-06-12T18:48:08","modified_gmt":"2024-06-12T23:48:08","slug":"receptor-basico-sonic-alert-homeaware","status":"publish","type":"product","link":"https:\/\/0barreras.com\/en\/product\/receptor-basico-sonic-alert-homeaware\/","title":{"rendered":"HomeAware II Receptor B\u00e1sico: Sistema de Alerta Integral y Extensible para un Hogar Seguro"},"content":{"rendered":"<p>El sistema de alerta HomeAware II de Sonic Alert es una soluci\u00f3n integral dise\u00f1ada para notificar a personas sordas e hipoac\u00fasicas sobre eventos importantes en el hogar. Utilizando tecnolog\u00eda de RF, este sistema conecta m\u00e1s de 20 dispositivos de alerta al receptor principal, cubriendo un rango de hasta 305 metros entre transmisores y receptores. La tecnolog\u00eda de red de malla asegura una comunicaci\u00f3n constante y fiable entre todos los componentes, garantizando que siempre est\u00e9n en l\u00ednea y sincronizados.<\/p>\n<p>El receptor b\u00e1sico (257549) es ideal para a\u00f1adir capacidades de recepci\u00f3n en m\u00faltiples habitaciones. Este receptor cuenta con 5 iconos LED brillantes que indican diferentes actividades: PUERTA, BEB\u00c9, TEL\u00c9FONO, EMERGENCIA y ALERTA. Su flash estrobosc\u00f3pico ultra brillante asegura que las notificaciones sean f\u00e1cilmente visibles.<\/p>\n<p>Funciones clave del receptor b\u00e1sico:<\/p>\n<ul>\n<li>Flash estrobosc\u00f3pico brillante con 5 iconos LED que se corresponden con la alerta activada.\n<ul>\n<li>A\u00f1ade 305 metros adicionales de alcance a la unidad principal HA360M.<\/li>\n<\/ul>\n<\/li>\n<li>Bater\u00eda de respaldo (requiere 3 pilas AA, no incluidas) para asegurar el funcionamiento continuo en caso de un corte de energ\u00eda.<\/li>\n<\/ul>\n<p>Con el sistema de alerta HomeAware II, puedes estar seguro de que siempre estar\u00e1s al tanto de las actividades cr\u00edticas en tu hogar, proporcionando tranquilidad y seguridad.<\/p>","protected":false},"excerpt":{"rendered":"<p>El sistema de alerta HomeAware II de Sonic Alert notifica a personas sordas e hipoac\u00fasicas sobre eventos importantes en el hogar, utilizando tecnolog\u00eda de RF y red de malla para una cobertura de hasta 305 metros. Incluye un receptor b\u00e1sico con 5 iconos LED y flash estrobosc\u00f3pico, que a\u00f1ade 305 metros adicionales de alcance y funciona con bater\u00edas de respaldo.<\/p>","protected":false},"featured_media":3650,"comment_status":"open","ping_status":"closed","template":"","meta":[],"product_cat":[21,193,198,196,197],"product_tag":[],"class_list":["post-3649","product","type-product","status-publish","has-post-thumbnail","hentry","product_cat-diversidad-auditiva","product_cat-sistemas-de-alerta","product_cat-sonic-alert-marca","product_cat-sonic-alert","product_cat-sonic-alert-homeaware"],"_links":{"self":[{"href":"https:\/\/0barreras.com\/en\/wp-json\/wp\/v2\/product\/3649","targetHints":{"allow":["GET"]}}],"collection":[{"href":"https:\/\/0barreras.com\/en\/wp-json\/wp\/v2\/product"}],"about":[{"href":"https:\/\/0barreras.com\/en\/wp-json\/wp\/v2\/types\/product"}],"replies":[{"embeddable":true,"href":"https:\/\/0barreras.com\/en\/wp-json\/wp\/v2\/comments?post=3649"}],"version-history":[{"count":1,"href":"https:\/\/0barreras.com\/en\/wp-json\/wp\/v2\/product\/3649\/revisions"}],"predecessor-version":[{"id":3754,"href":"https:\/\/0barreras.com\/en\/wp-json\/wp\/v2\/product\/3649\/revisions\/3754"}],"wp:featuredmedia":[{"embeddable":true,"href":"https:\/\/0barreras.com\/en\/wp-json\/wp\/v2\/media\/3650"}],"wp:attachment":[{"href":"https:\/\/0barreras.com\/en\/wp-json\/wp\/v2\/media?parent=3649"}],"wp:term":[{"taxonomy":"product_cat","embeddable":true,"href":"https:\/\/0barreras.com\/en\/wp-json\/wp\/v2\/product_cat?post=3649"},{"taxonomy":"product_tag","embeddable":true,"href":"https:\/\/0barreras.com\/en\/wp-json\/wp\/v2\/product_tag?post=3649"}],"curies":[{"name":"wp","href":"https:\/\/api.w.org\/{rel}","templated":true}]}}