{"id":3647,"date":"2024-06-10T06:22:50","date_gmt":"2024-06-10T11:22:50","guid":{"rendered":"https:\/\/0barreras.com\/?post_type=product&#038;p=3647"},"modified":"2024-06-12T18:42:25","modified_gmt":"2024-06-12T23:42:25","slug":"homeaware-ii-receptor-de-lujo","status":"publish","type":"product","link":"https:\/\/0barreras.com\/en\/product\/homeaware-ii-receptor-de-lujo\/","title":{"rendered":"HomeAware II Receptor de Lujo: Sistema de Alerta Completo y Extensible para un Hogar Seguro"},"content":{"rendered":"<p>El sistema de alerta HomeAware II de Sonic Alert es una soluci\u00f3n completa y avanzada, dise\u00f1ada espec\u00edficamente para notificar a personas sordas e hipoac\u00fasicas sobre eventos importantes en el hogar. Utilizando tecnolog\u00eda de RF, este sistema conecta m\u00e1s de 20 dispositivos de alerta al receptor principal, cubriendo un rango de hasta 305 metros entre transmisores y receptores. La tecnolog\u00eda de red de malla asegura una comunicaci\u00f3n constante y fiable entre todos los componentes, garantizando que est\u00e9n siempre en l\u00ednea y sincronizados.<\/p>\n<p>El receptor principal del sistema, el HA360M-II, es esencial para el funcionamiento del sistema. Este receptor incluye dos despertadores con alarmas ajustables de 105 dB, una pantalla LED roja de 5 cm que muestra la alerta activada, alertas de voz para identificar la alerta, una luz estrobosc\u00f3pica ultra brillante, identificador de llamadas para tel\u00e9fonos fijos y smartphones, y una bater\u00eda recargable para respaldo. Adem\u00e1s, cuenta con un monitor integrado que detecta se\u00f1ales de los detectores de humo y mon\u00f3xido de carbono existentes en la casa, notificando cualquier alarma al usuario. El receptor tambi\u00e9n tiene un conector para un agitador de cama, que se vende por separado.<\/p>\n<p>El receptor de lujo (731075) es un segundo receptor con funciones avanzadas que se puede usar junto con el receptor principal (731073) para recibir alertas en varias habitaciones. Con su propio alcance, tambi\u00e9n puede extender las capacidades de recepci\u00f3n del sistema HomeAware en otros 305 metros. Este receptor Deluxe incluye una alarma de 105 dB, alarma de flash estrobosc\u00f3pico, pantalla de alerta de desplazamiento digital brillante, puerto de carga USB y bater\u00eda de respaldo. Sin embargo, no puede funcionar solo y debe estar conectado al receptor principal HomeAware II (731073).<\/p>","protected":false},"excerpt":{"rendered":"<p>El sistema de alerta HomeAware II de Sonic Alert ofrece notificaciones fiables para personas sordas e hipoac\u00fasicas, cubriendo hasta 305 metros con tecnolog\u00eda de RF y red de malla. Incluye un receptor principal con alarmas de 105 dB, pantalla LED, luz estrobosc\u00f3pica, identificador de llamadas y detecci\u00f3n de humo y CO, y un receptor Deluxe adicional para ampliar la cobertura y recibir alertas en varias habitaciones.<\/p>","protected":false},"featured_media":3648,"comment_status":"open","ping_status":"closed","template":"","meta":[],"product_cat":[21,193,198,196,197],"product_tag":[],"class_list":["post-3647","product","type-product","status-publish","has-post-thumbnail","hentry","product_cat-diversidad-auditiva","product_cat-sistemas-de-alerta","product_cat-sonic-alert-marca","product_cat-sonic-alert","product_cat-sonic-alert-homeaware"],"_links":{"self":[{"href":"https:\/\/0barreras.com\/en\/wp-json\/wp\/v2\/product\/3647","targetHints":{"allow":["GET"]}}],"collection":[{"href":"https:\/\/0barreras.com\/en\/wp-json\/wp\/v2\/product"}],"about":[{"href":"https:\/\/0barreras.com\/en\/wp-json\/wp\/v2\/types\/product"}],"replies":[{"embeddable":true,"href":"https:\/\/0barreras.com\/en\/wp-json\/wp\/v2\/comments?post=3647"}],"version-history":[{"count":1,"href":"https:\/\/0barreras.com\/en\/wp-json\/wp\/v2\/product\/3647\/revisions"}],"predecessor-version":[{"id":3753,"href":"https:\/\/0barreras.com\/en\/wp-json\/wp\/v2\/product\/3647\/revisions\/3753"}],"wp:featuredmedia":[{"embeddable":true,"href":"https:\/\/0barreras.com\/en\/wp-json\/wp\/v2\/media\/3648"}],"wp:attachment":[{"href":"https:\/\/0barreras.com\/en\/wp-json\/wp\/v2\/media?parent=3647"}],"wp:term":[{"taxonomy":"product_cat","embeddable":true,"href":"https:\/\/0barreras.com\/en\/wp-json\/wp\/v2\/product_cat?post=3647"},{"taxonomy":"product_tag","embeddable":true,"href":"https:\/\/0barreras.com\/en\/wp-json\/wp\/v2\/product_tag?post=3647"}],"curies":[{"name":"wp","href":"https:\/\/api.w.org\/{rel}","templated":true}]}}