{"id":3642,"date":"2024-06-10T06:22:27","date_gmt":"2024-06-10T11:22:27","guid":{"rendered":"https:\/\/0barreras.com\/?post_type=product&#038;p=3642"},"modified":"2024-06-12T18:32:08","modified_gmt":"2024-06-12T23:32:08","slug":"homeaware-ii-receptor-principal","status":"publish","type":"product","link":"https:\/\/0barreras.com\/en\/product\/homeaware-ii-receptor-principal\/","title":{"rendered":"HomeAware II: Sistema de Alertas Visuales Integral para el Hogar Seguro"},"content":{"rendered":"<p>El sistema de alerta HomeAware II de Sonic Alert es una soluci\u00f3n integral dise\u00f1ada espec\u00edficamente para notificar a personas sordas e hipoac\u00fasicas sobre eventos importantes en el hogar. Utilizando tecnolog\u00eda de RF, este sistema conecta m\u00e1s de 20 dispositivos de alerta potenciales al receptor principal, cubriendo un rango de hasta 305 metros entre transmisores y receptores. La tecnolog\u00eda de red de malla garantiza una comunicaci\u00f3n constante y fiable entre todos los componentes, asegurando que est\u00e9n siempre en l\u00ednea y sincronizados.<\/p>\n<p>El receptor principal del sistema, el HA360M-II, es fundamental para el funcionamiento del sistema. Este receptor base incluye dos despertadores con alarmas ajustables de 105 dB y funci\u00f3n de repetici\u00f3n, una pantalla LED roja de 5 cm que muestra la alerta activada, alertas de voz para identificar la alerta, una luz estrobosc\u00f3pica ultra brillante, y un identificador de llamadas para tel\u00e9fonos fijos y smartphones. Adem\u00e1s, cuenta con una bater\u00eda recargable para respaldo y un monitor integrado que detecta se\u00f1ales de los detectores de humo y mon\u00f3xido de carbono existentes en la casa, notificando cualquier alarma al usuario. El receptor tambi\u00e9n tiene un conector para un agitador de cama, que se vende por separado, ofreciendo una notificaci\u00f3n adicional para garantizar que no se pierda ninguna alerta importante.<\/p>","protected":false},"excerpt":{"rendered":"<p>El sistema de alerta HomeAware II de Sonic Alert proporciona notificaciones confiables para personas sordas e hipoac\u00fasicas, con tecnolog\u00eda de RF y red de malla que cubre hasta 305 metros. Incluye un receptor principal con alarmas de 105 dB, pantalla LED, luz estrobosc\u00f3pica, identificador de llamadas y detecci\u00f3n de humo y CO, ofreciendo una soluci\u00f3n completa y segura para el hogar.<\/p>","protected":false},"featured_media":3646,"comment_status":"open","ping_status":"closed","template":"","meta":[],"product_cat":[21,193,196,198,197],"product_tag":[],"class_list":["post-3642","product","type-product","status-publish","has-post-thumbnail","hentry","product_cat-diversidad-auditiva","product_cat-sistemas-de-alerta","product_cat-sonic-alert","product_cat-sonic-alert-marca","product_cat-sonic-alert-homeaware"],"_links":{"self":[{"href":"https:\/\/0barreras.com\/en\/wp-json\/wp\/v2\/product\/3642","targetHints":{"allow":["GET"]}}],"collection":[{"href":"https:\/\/0barreras.com\/en\/wp-json\/wp\/v2\/product"}],"about":[{"href":"https:\/\/0barreras.com\/en\/wp-json\/wp\/v2\/types\/product"}],"replies":[{"embeddable":true,"href":"https:\/\/0barreras.com\/en\/wp-json\/wp\/v2\/comments?post=3642"}],"version-history":[{"count":1,"href":"https:\/\/0barreras.com\/en\/wp-json\/wp\/v2\/product\/3642\/revisions"}],"predecessor-version":[{"id":3752,"href":"https:\/\/0barreras.com\/en\/wp-json\/wp\/v2\/product\/3642\/revisions\/3752"}],"wp:featuredmedia":[{"embeddable":true,"href":"https:\/\/0barreras.com\/en\/wp-json\/wp\/v2\/media\/3646"}],"wp:attachment":[{"href":"https:\/\/0barreras.com\/en\/wp-json\/wp\/v2\/media?parent=3642"}],"wp:term":[{"taxonomy":"product_cat","embeddable":true,"href":"https:\/\/0barreras.com\/en\/wp-json\/wp\/v2\/product_cat?post=3642"},{"taxonomy":"product_tag","embeddable":true,"href":"https:\/\/0barreras.com\/en\/wp-json\/wp\/v2\/product_tag?post=3642"}],"curies":[{"name":"wp","href":"https:\/\/api.w.org\/{rel}","templated":true}]}}