{"id":3640,"date":"2024-06-10T06:10:26","date_gmt":"2024-06-10T11:10:26","guid":{"rendered":"https:\/\/0barreras.com\/?post_type=product&#038;p=3640"},"modified":"2024-06-12T18:27:05","modified_gmt":"2024-06-12T23:27:05","slug":"kit-para-el-hogar-squareglow","status":"publish","type":"product","link":"https:\/\/0barreras.com\/en\/product\/kit-para-el-hogar-squareglow\/","title":{"rendered":"Sistema de Alerta Visuales SquareGlow: Comunicaci\u00f3n Visual y Seguridad para Tu Hogar"},"content":{"rendered":"<p>Descubre la avanzada tecnolog\u00eda de comunicaci\u00f3n visual con el sistema de alerta SquareGlow, dise\u00f1ado para ofrecer una soluci\u00f3n inal\u00e1mbrica de notificaci\u00f3n para el hogar o la oficina. Este sistema innovador alerta a los usuarios sobre diversas actividades mediante luces intermitentes \u00fanicas. Cada intermitente SquareGlow permite personalizar hasta 7 colores y 52 tonos de llamada, con niveles de sonido ajustables de 30 a 110 dB. Asigne diferentes colores o tonos a distintos eventos, como verde para la puerta principal y morado para el tel\u00e9fono, facilitando una identificaci\u00f3n r\u00e1pida y precisa de las alertas. Los transmisores\/disparadores opcionales incluyen timbres, se\u00f1alizadores VP\/tel\u00e9fono, sensores de puerta o ventana, sensores de movimiento interior y exterior, garantizando un n\u00famero ilimitado de emparejamientos y un alcance de 183 metros para una cobertura completa y confiable.<\/p>\n<p>El kit para el hogar SquareGlow es un paquete de inicio excepcional, proporcionando un timbre\/se\u00f1alizador remoto, una alerta telef\u00f3nica y dos luces intermitentes personalizables. Este kit incluye todo lo necesario para comenzar:<\/p>\n<ul>\n<li>Un timbre inal\u00e1mbrico.<\/li>\n<li>Un se\u00f1alizador telef\u00f3nico con cable RJ-11.<\/li>\n<li>Dos luces intermitentes inal\u00e1mbricas de 7 colores personalizables.<\/li>\n<li>Bater\u00eda A23 de 12 V preinstalada en los mandos a distancia.<\/li>\n<li>Cuatro tornillos para una f\u00e1cil instalaci\u00f3n.<\/li>\n<\/ul>\n<p>Con SquareGlow, la comunicaci\u00f3n a trav\u00e9s de la luz nunca ha sido tan accesible y efectiva, proporcionando tranquilidad y seguridad en cualquier entorno.<\/p>","protected":false},"excerpt":{"rendered":"<p>El sistema de alerta SquareGlow ofrece notificaciones visuales personalizables para el hogar o la oficina, con luces intermitentes de 7 colores y 52 tonos de llamada ajustables. El kit incluye un timbre inal\u00e1mbrico, un se\u00f1alizador telef\u00f3nico y dos luces intermitentes, ideal para una comunicaci\u00f3n eficaz y segura.<\/p>","protected":false},"featured_media":3641,"comment_status":"open","ping_status":"closed","template":"","meta":[],"product_cat":[21,193,195,202],"product_tag":[],"class_list":["post-3640","product","type-product","status-publish","has-post-thumbnail","hentry","product_cat-diversidad-auditiva","product_cat-sistemas-de-alerta","product_cat-squareglow","product_cat-timbres"],"_links":{"self":[{"href":"https:\/\/0barreras.com\/en\/wp-json\/wp\/v2\/product\/3640","targetHints":{"allow":["GET"]}}],"collection":[{"href":"https:\/\/0barreras.com\/en\/wp-json\/wp\/v2\/product"}],"about":[{"href":"https:\/\/0barreras.com\/en\/wp-json\/wp\/v2\/types\/product"}],"replies":[{"embeddable":true,"href":"https:\/\/0barreras.com\/en\/wp-json\/wp\/v2\/comments?post=3640"}],"version-history":[{"count":1,"href":"https:\/\/0barreras.com\/en\/wp-json\/wp\/v2\/product\/3640\/revisions"}],"predecessor-version":[{"id":3751,"href":"https:\/\/0barreras.com\/en\/wp-json\/wp\/v2\/product\/3640\/revisions\/3751"}],"wp:featuredmedia":[{"embeddable":true,"href":"https:\/\/0barreras.com\/en\/wp-json\/wp\/v2\/media\/3641"}],"wp:attachment":[{"href":"https:\/\/0barreras.com\/en\/wp-json\/wp\/v2\/media?parent=3640"}],"wp:term":[{"taxonomy":"product_cat","embeddable":true,"href":"https:\/\/0barreras.com\/en\/wp-json\/wp\/v2\/product_cat?post=3640"},{"taxonomy":"product_tag","embeddable":true,"href":"https:\/\/0barreras.com\/en\/wp-json\/wp\/v2\/product_tag?post=3640"}],"curies":[{"name":"wp","href":"https:\/\/api.w.org\/{rel}","templated":true}]}}