{"id":3632,"date":"2024-06-10T06:06:02","date_gmt":"2024-06-10T11:06:02","guid":{"rendered":"https:\/\/0barreras.com\/?post_type=product&#038;p=3632"},"modified":"2024-06-12T13:55:05","modified_gmt":"2024-06-12T18:55:05","slug":"reloj-wake-assure-con-agitador-de-cama","status":"publish","type":"product","link":"https:\/\/0barreras.com\/en\/product\/reloj-wake-assure-con-agitador-de-cama\/","title":{"rendered":"Despertador Clarity: Ideal para Personas con Baja Visi\u00f3n y Problemas de Audici\u00f3n"},"content":{"rendered":"<p>Este despertador de Clarity es una excelente opci\u00f3n tanto para personas con baja visi\u00f3n como para personas con problemas de audici\u00f3n. Las caracter\u00edsticas del reloj incluyen n\u00fameros rojos brillantes de 1,8 pulgadas (4,57 cm) de alto y botones grandes y f\u00e1ciles de usar. Para las personas con problemas de audici\u00f3n, tiene un timbre de alarma fuerte con control de tono y volumen ajustable hasta 85 dB, un agitador de cama fuerte (7,62 cm de di\u00e1metro) que cabe debajo del colch\u00f3n y una funci\u00f3n de repetici\u00f3n para dormir m\u00e1s. El reloj totalmente el\u00e9ctrico tiene un respaldo de 9 voltios en caso de un corte de energ\u00eda (bater\u00eda no incluida) y mide 4 pulgadas x 7,5 pulgadas x 2,5 pulgadas (10,16 cm x 19,05 cm x 6,35 cm).<\/p>","protected":false},"excerpt":{"rendered":"<p>El despertador Clarity es ideal para personas con baja visi\u00f3n y problemas de audici\u00f3n, gracias a sus n\u00fameros grandes y botones f\u00e1ciles de usar, as\u00ed como a su timbre de alarma fuerte y agitador de cama. Ofrece control de tono y volumen ajustable, y cuenta con una bater\u00eda de respaldo para cortes de energ\u00eda.<\/p>","protected":false},"featured_media":3633,"comment_status":"open","ping_status":"closed","template":"","meta":[],"product_cat":[146,194,21,193],"product_tag":[],"class_list":["post-3632","product","type-product","status-publish","has-post-thumbnail","hentry","product_cat-clarity","product_cat-clarity-sistemas-de-alerta","product_cat-diversidad-auditiva","product_cat-sistemas-de-alerta"],"_links":{"self":[{"href":"https:\/\/0barreras.com\/en\/wp-json\/wp\/v2\/product\/3632","targetHints":{"allow":["GET"]}}],"collection":[{"href":"https:\/\/0barreras.com\/en\/wp-json\/wp\/v2\/product"}],"about":[{"href":"https:\/\/0barreras.com\/en\/wp-json\/wp\/v2\/types\/product"}],"replies":[{"embeddable":true,"href":"https:\/\/0barreras.com\/en\/wp-json\/wp\/v2\/comments?post=3632"}],"version-history":[{"count":1,"href":"https:\/\/0barreras.com\/en\/wp-json\/wp\/v2\/product\/3632\/revisions"}],"predecessor-version":[{"id":3747,"href":"https:\/\/0barreras.com\/en\/wp-json\/wp\/v2\/product\/3632\/revisions\/3747"}],"wp:featuredmedia":[{"embeddable":true,"href":"https:\/\/0barreras.com\/en\/wp-json\/wp\/v2\/media\/3633"}],"wp:attachment":[{"href":"https:\/\/0barreras.com\/en\/wp-json\/wp\/v2\/media?parent=3632"}],"wp:term":[{"taxonomy":"product_cat","embeddable":true,"href":"https:\/\/0barreras.com\/en\/wp-json\/wp\/v2\/product_cat?post=3632"},{"taxonomy":"product_tag","embeddable":true,"href":"https:\/\/0barreras.com\/en\/wp-json\/wp\/v2\/product_tag?post=3632"}],"curies":[{"name":"wp","href":"https:\/\/api.w.org\/{rel}","templated":true}]}}