{"id":3628,"date":"2024-06-10T06:03:41","date_gmt":"2024-06-10T11:03:41","guid":{"rendered":"https:\/\/0barreras.com\/?post_type=product&#038;p=3628"},"modified":"2024-06-12T09:25:52","modified_gmt":"2024-06-12T14:25:52","slug":"reloj-despertador-timeshaker-con-agitador-de-cama-con-cable","status":"publish","type":"product","link":"https:\/\/0barreras.com\/en\/product\/reloj-despertador-timeshaker-con-agitador-de-cama-con-cable\/","title":{"rendered":"Reloj Despertador TimeShaker\u2122 Wow: \u00a1Despierta con Energ\u00eda y Determinaci\u00f3n!"},"content":{"rendered":"<p>El despertador TimeShaker\u2122 Wow es un dispositivo revolucionario dise\u00f1ado para satisfacer las necesidades de las personas con problemas de audici\u00f3n o para aquellos que tienen un sue\u00f1o profundo. Con su potente agitador de cama con cable, este reloj despertador garantiza que te despiertes puntualmente y listo para conquistar el d\u00eda. Con tres niveles de vibraci\u00f3n, incluyendo normal, fuerte y s\u00edsmico, puedes personalizar tu despertar seg\u00fan tu preferencia. Adem\u00e1s, su sonido de alarma ajustable a 120 dB te asegura que no te perder\u00e1s de despertar, incluso en los sue\u00f1os m\u00e1s profundos. Las alarmas duales permiten configuraciones personalizadas para diferentes usuarios, ofreciendo opciones de sonido, vibraci\u00f3n o ambos. La luz de alerta brillante y la pantalla de 1,4&#8243; f\u00e1cil de leer aseguran que nunca te pierdas una alarma. Con funciones adicionales como la repetici\u00f3n de 9 minutos y la bater\u00eda de respaldo, el TimeShaker\u2122 Wow es el compa\u00f1ero perfecto para iniciar tus ma\u00f1anas con energ\u00eda y determinaci\u00f3n.<\/p>","protected":false},"excerpt":{"rendered":"<p>El despertador TimeShaker\u2122 Wow es la soluci\u00f3n perfecta para personas con problemas de audici\u00f3n o sue\u00f1o profundo. Con un potente agitador de cama y alarmas duales, garantiza un despertar puntual y en\u00e9rgico. Personalizable con tres niveles de vibraci\u00f3n y sonido de alarma ajustable. Adem\u00e1s, cuenta con luz de alerta brillante y pantalla f\u00e1cil de leer.<\/p>","protected":false},"featured_media":3629,"comment_status":"open","ping_status":"closed","template":"","meta":[],"product_cat":[21,192],"product_tag":[],"class_list":["post-3628","product","type-product","status-publish","has-post-thumbnail","hentry","product_cat-diversidad-auditiva","product_cat-relojes-diversidad-auditiva"],"_links":{"self":[{"href":"https:\/\/0barreras.com\/en\/wp-json\/wp\/v2\/product\/3628","targetHints":{"allow":["GET"]}}],"collection":[{"href":"https:\/\/0barreras.com\/en\/wp-json\/wp\/v2\/product"}],"about":[{"href":"https:\/\/0barreras.com\/en\/wp-json\/wp\/v2\/types\/product"}],"replies":[{"embeddable":true,"href":"https:\/\/0barreras.com\/en\/wp-json\/wp\/v2\/comments?post=3628"}],"version-history":[{"count":1,"href":"https:\/\/0barreras.com\/en\/wp-json\/wp\/v2\/product\/3628\/revisions"}],"predecessor-version":[{"id":3745,"href":"https:\/\/0barreras.com\/en\/wp-json\/wp\/v2\/product\/3628\/revisions\/3745"}],"wp:featuredmedia":[{"embeddable":true,"href":"https:\/\/0barreras.com\/en\/wp-json\/wp\/v2\/media\/3629"}],"wp:attachment":[{"href":"https:\/\/0barreras.com\/en\/wp-json\/wp\/v2\/media?parent=3628"}],"wp:term":[{"taxonomy":"product_cat","embeddable":true,"href":"https:\/\/0barreras.com\/en\/wp-json\/wp\/v2\/product_cat?post=3628"},{"taxonomy":"product_tag","embeddable":true,"href":"https:\/\/0barreras.com\/en\/wp-json\/wp\/v2\/product_tag?post=3628"}],"curies":[{"name":"wp","href":"https:\/\/api.w.org\/{rel}","templated":true}]}}