{"id":3618,"date":"2024-06-10T05:55:17","date_gmt":"2024-06-10T10:55:17","guid":{"rendered":"https:\/\/0barreras.com\/?post_type=product&#038;p=3618"},"modified":"2024-06-11T18:25:49","modified_gmt":"2024-06-11T23:25:49","slug":"timeshaker-6q-reloj-y-agitador-de-cama","status":"publish","type":"product","link":"https:\/\/0barreras.com\/en\/product\/timeshaker-6q-reloj-y-agitador-de-cama\/","title":{"rendered":"TimeShaker 6Q: El Reloj Despertador Vers\u00e1til con Agitador de Cama y Carga Inal\u00e1mbrica Qi"},"content":{"rendered":"<p>El TimeShaker 6Q es mucho m\u00e1s que un simple reloj despertador. Con una pantalla LED de 1,2&#8243; y 10 niveles de atenuaci\u00f3n, ofrece una visualizaci\u00f3n clara y ajustable para adaptarse a las preferencias individuales. Pero su verdadero poder reside en sus caracter\u00edsticas adicionales.<\/p>\n<p>Equipado con un agitador de cama con cable s\u00faper fuerte, el TimeShaker 6Q garantiza despertar incluso a los durmientes m\u00e1s profundos. Las alarmas duales, que pueden configurarse para el agitador de la cama, la radio o el timbre, aseguran que nunca se pierda una cita importante.<\/p>\n<p>Adem\u00e1s, cuenta con una almohadilla de carga inal\u00e1mbrica con certificaci\u00f3n Qi, lo que permite cargar cualquier dispositivo habilitado para la carga inal\u00e1mbrica Qi de manera conveniente y sin complicaciones. Adem\u00e1s, cuenta con un enchufe USB para cargar dispositivos externos, lo que lo convierte en un centro de carga multifuncional.<\/p>\n<p>Con altavoces de calidad est\u00e9reo y conectividad Bluetooth, el TimeShaker 6Q tambi\u00e9n le permite disfrutar de su m\u00fasica favorita desde un tel\u00e9fono o tableta emparejado. Y para aquellos que prefieren la radio, cuenta con radio FM con espacio para 20 emisoras presintonizadas y un temporizador de apagado autom\u00e1tico ajustable.<\/p>\n<p>En resumen, el TimeShaker 6Q es un compa\u00f1ero indispensable para comenzar el d\u00eda con energ\u00eda y organizaci\u00f3n, ofreciendo una combinaci\u00f3n perfecta de funcionalidad y conveniencia.<\/p>","protected":false},"excerpt":{"rendered":"<p>El TimeShaker 6Q es un reloj despertador LED el\u00e9ctrico que va m\u00e1s all\u00e1 de despertar con una pantalla LED clara y ajustable y un agitador de cama s\u00faper fuerte. Adem\u00e1s, cuenta con almohadilla de carga inal\u00e1mbrica Qi, conectividad Bluetooth, altavoces est\u00e9reo y radio FM, ofreciendo una experiencia de despertar completa y vers\u00e1til.<\/p>","protected":false},"featured_media":3619,"comment_status":"open","ping_status":"closed","template":"","meta":[],"product_cat":[21,192],"product_tag":[],"class_list":["post-3618","product","type-product","status-publish","has-post-thumbnail","hentry","product_cat-diversidad-auditiva","product_cat-relojes-diversidad-auditiva"],"_links":{"self":[{"href":"https:\/\/0barreras.com\/en\/wp-json\/wp\/v2\/product\/3618","targetHints":{"allow":["GET"]}}],"collection":[{"href":"https:\/\/0barreras.com\/en\/wp-json\/wp\/v2\/product"}],"about":[{"href":"https:\/\/0barreras.com\/en\/wp-json\/wp\/v2\/types\/product"}],"replies":[{"embeddable":true,"href":"https:\/\/0barreras.com\/en\/wp-json\/wp\/v2\/comments?post=3618"}],"version-history":[{"count":1,"href":"https:\/\/0barreras.com\/en\/wp-json\/wp\/v2\/product\/3618\/revisions"}],"predecessor-version":[{"id":3741,"href":"https:\/\/0barreras.com\/en\/wp-json\/wp\/v2\/product\/3618\/revisions\/3741"}],"wp:featuredmedia":[{"embeddable":true,"href":"https:\/\/0barreras.com\/en\/wp-json\/wp\/v2\/media\/3619"}],"wp:attachment":[{"href":"https:\/\/0barreras.com\/en\/wp-json\/wp\/v2\/media?parent=3618"}],"wp:term":[{"taxonomy":"product_cat","embeddable":true,"href":"https:\/\/0barreras.com\/en\/wp-json\/wp\/v2\/product_cat?post=3618"},{"taxonomy":"product_tag","embeddable":true,"href":"https:\/\/0barreras.com\/en\/wp-json\/wp\/v2\/product_tag?post=3618"}],"curies":[{"name":"wp","href":"https:\/\/api.w.org\/{rel}","templated":true}]}}