{"id":360,"date":"2024-01-23T18:03:59","date_gmt":"2024-01-23T23:03:59","guid":{"rendered":"https:\/\/0barreras.com\/?post_type=product&#038;p=360"},"modified":"2024-04-02T14:48:16","modified_gmt":"2024-04-02T19:48:16","slug":"schweizer-ergo-lux-4x-12d-lupa-inalambrica-iluminada","status":"publish","type":"product","link":"https:\/\/0barreras.com\/en\/product\/schweizer-ergo-lux-4x-12d-lupa-inalambrica-iluminada\/","title":{"rendered":"Lupa inal\u00e1mbrica iluminada Schweizer ERGO Lux 4X\/12D"},"content":{"rendered":"<p>La lupa de mano m\u00f3vil con iluminaci\u00f3n LED ERGO-Lux i de Schweizer ofrece una experiencia de lectura mejorada con su carga inal\u00e1mbrica por inducci\u00f3n y 2 ajustes de brillo. Con una amplia gama de potencias de aumento, desde 6D (2,5X) hasta 56D (15X) en 11 potencias diferentes, esta lupa es altamente port\u00e1til y vers\u00e1til. La lupa 12D \/ 4X presenta una gran lente de 70 mm de di\u00e1metro, muy grande en el mundo de las lupas, y una distancia de trabajo de 3,25&#8243;, que permite al usuario alejarse ligeramente del material de lectura. Para cargarla, simplemente ap\u00f3yela en la almohadilla de carga por inducci\u00f3n incluida, y obtendr\u00e1 7 horas de iluminaci\u00f3n LED con una carga de 3 horas. La iluminaci\u00f3n LED ofrece una luz brillante y natural de 6500 Kelvin, con dos niveles de brillo para adaptarse a sus necesidades. Puede convertirla en una lupa de pie manos libres con el uso de un soporte de pl\u00e1stico opcional.<\/p>","protected":false},"excerpt":{"rendered":"<p>La lupa de mano m\u00f3vil con iluminaci\u00f3n LED ERGO-Lux i de Schweizer facilita la lectura con carga inal\u00e1mbrica por inducci\u00f3n, 2 ajustes de brillo y una amplia gama de potencias de aumento. La lupa 12D \/ 4X tiene una gran lente de 70 mm de di\u00e1metro y una distancia de trabajo de 3,25&#8243;. Ofrece una iluminaci\u00f3n LED brillante y natural de 6500 Kelvin con dos niveles de brillo. Puede convertirla en una lupa de pie manos libres con un soporte opcional.<\/p>","protected":false},"featured_media":361,"comment_status":"open","ping_status":"closed","template":"","meta":[],"product_cat":[18,52,54,53],"product_tag":[],"class_list":["post-360","product","type-product","status-publish","has-post-thumbnail","hentry","product_cat-baja-vision","product_cat-lupas","product_cat-lupas-de-carga-inalambrica-schweizer-ergo-lux","product_cat-lupas-schweizer-lupas"],"_links":{"self":[{"href":"https:\/\/0barreras.com\/en\/wp-json\/wp\/v2\/product\/360","targetHints":{"allow":["GET"]}}],"collection":[{"href":"https:\/\/0barreras.com\/en\/wp-json\/wp\/v2\/product"}],"about":[{"href":"https:\/\/0barreras.com\/en\/wp-json\/wp\/v2\/types\/product"}],"replies":[{"embeddable":true,"href":"https:\/\/0barreras.com\/en\/wp-json\/wp\/v2\/comments?post=360"}],"version-history":[{"count":1,"href":"https:\/\/0barreras.com\/en\/wp-json\/wp\/v2\/product\/360\/revisions"}],"predecessor-version":[{"id":1140,"href":"https:\/\/0barreras.com\/en\/wp-json\/wp\/v2\/product\/360\/revisions\/1140"}],"wp:featuredmedia":[{"embeddable":true,"href":"https:\/\/0barreras.com\/en\/wp-json\/wp\/v2\/media\/361"}],"wp:attachment":[{"href":"https:\/\/0barreras.com\/en\/wp-json\/wp\/v2\/media?parent=360"}],"wp:term":[{"taxonomy":"product_cat","embeddable":true,"href":"https:\/\/0barreras.com\/en\/wp-json\/wp\/v2\/product_cat?post=360"},{"taxonomy":"product_tag","embeddable":true,"href":"https:\/\/0barreras.com\/en\/wp-json\/wp\/v2\/product_tag?post=360"}],"curies":[{"name":"wp","href":"https:\/\/api.w.org\/{rel}","templated":true}]}}