{"id":3598,"date":"2024-06-10T05:41:26","date_gmt":"2024-06-10T10:41:26","guid":{"rendered":"https:\/\/0barreras.com\/?post_type=product&#038;p=3598"},"modified":"2024-06-11T17:40:46","modified_gmt":"2024-06-11T22:40:46","slug":"escaner-y-lector-de-imagenes-a-audio-patriot","status":"publish","type":"product","link":"https:\/\/0barreras.com\/en\/product\/escaner-y-lector-de-imagenes-a-audio-patriot\/","title":{"rendered":"Patriot Voice EZ: Lector OCR Independiente para Convertir Texto Impreso en Audio"},"content":{"rendered":"<p>El Patriot Voice EZ es un lector de reconocimiento \u00f3ptico de caracteres (OCR) que proporciona una soluci\u00f3n eficaz y f\u00e1cil de usar para convertir material impreso en salida de audio. Este dispositivo independiente y liviano permite escanear y leer en voz alta cualquier documento impreso, desde correo hasta peri\u00f3dicos o revistas.<\/p>\n<p>Su funcionamiento es simple: coloque el material impreso en el soporte provisto, presione el bot\u00f3n de la c\u00e1mara y el Patriot Voice EZ se encargar\u00e1 de capturar la imagen y convertirla en audio. Sus botones giratorios simples y grandes facilitan la pausa, reanudaci\u00f3n, retroceso y avance durante la lectura, proporcionando un control intuitivo y c\u00f3modo.<\/p>\n<p>Adem\u00e1s, el Patriot Voice EZ ofrece diversas opciones de configuraci\u00f3n para personalizar su experiencia de lectura, como la elecci\u00f3n de idioma, la voz, la velocidad de lectura y el volumen. Puede seleccionar entre ingl\u00e9s o espa\u00f1ol seg\u00fan sus preferencias.<\/p>\n<p>Con un peso de 6 libras, este dispositivo es f\u00e1cil de transportar, lo que lo convierte en una herramienta conveniente para su uso en cualquier lugar. Sus dimensiones de 16&#8243; de alto x 13&#8243; de ancho x 11&#8243; de profundidad lo hacen lo suficientemente compacto como para adaptarse a diferentes entornos de lectura.<\/p>","protected":false},"excerpt":{"rendered":"<p>El Patriot Voice EZ es un lector OCR independiente y liviano que convierte material impreso en salida de audio con facilidad. Con botones grandes y giratorios para controlar la lectura, ofrece opciones de configuraci\u00f3n personalizadas y puede funcionar en ingl\u00e9s o espa\u00f1ol. Port\u00e1til y compacto, pesa 6 libras y mide 16&#8243; x 13&#8243; x 11&#8243;.<\/p>","protected":false},"featured_media":3600,"comment_status":"open","ping_status":"closed","template":"","meta":[],"product_cat":[190,182],"product_tag":[],"class_list":["post-3598","product","type-product","status-publish","has-post-thumbnail","hentry","product_cat-lectores-y-escaneres","product_cat-tecnologia-de-asistencia"],"_links":{"self":[{"href":"https:\/\/0barreras.com\/en\/wp-json\/wp\/v2\/product\/3598","targetHints":{"allow":["GET"]}}],"collection":[{"href":"https:\/\/0barreras.com\/en\/wp-json\/wp\/v2\/product"}],"about":[{"href":"https:\/\/0barreras.com\/en\/wp-json\/wp\/v2\/types\/product"}],"replies":[{"embeddable":true,"href":"https:\/\/0barreras.com\/en\/wp-json\/wp\/v2\/comments?post=3598"}],"version-history":[{"count":1,"href":"https:\/\/0barreras.com\/en\/wp-json\/wp\/v2\/product\/3598\/revisions"}],"predecessor-version":[{"id":3734,"href":"https:\/\/0barreras.com\/en\/wp-json\/wp\/v2\/product\/3598\/revisions\/3734"}],"wp:featuredmedia":[{"embeddable":true,"href":"https:\/\/0barreras.com\/en\/wp-json\/wp\/v2\/media\/3600"}],"wp:attachment":[{"href":"https:\/\/0barreras.com\/en\/wp-json\/wp\/v2\/media?parent=3598"}],"wp:term":[{"taxonomy":"product_cat","embeddable":true,"href":"https:\/\/0barreras.com\/en\/wp-json\/wp\/v2\/product_cat?post=3598"},{"taxonomy":"product_tag","embeddable":true,"href":"https:\/\/0barreras.com\/en\/wp-json\/wp\/v2\/product_tag?post=3598"}],"curies":[{"name":"wp","href":"https:\/\/api.w.org\/{rel}","templated":true}]}}