{"id":356,"date":"2024-01-23T18:01:01","date_gmt":"2024-01-23T23:01:01","guid":{"rendered":"https:\/\/0barreras.com\/?post_type=product&#038;p=356"},"modified":"2024-04-02T14:21:44","modified_gmt":"2024-04-02T19:21:44","slug":"schweizer-ergo-lux-3-5x-10d-lupa-inalambrica-iluminada-angulada","status":"publish","type":"product","link":"https:\/\/0barreras.com\/en\/product\/schweizer-ergo-lux-3-5x-10d-lupa-inalambrica-iluminada-angulada\/","title":{"rendered":"Lupa Inal\u00e1mbrica Iluminada Angulada,  Schweizer ERGO Lux 3.5X\/10D"},"content":{"rendered":"<p>La lupa de mano m\u00f3vil con iluminaci\u00f3n LED ERGO-Lux i de Schweizer facilita la lectura con carga inal\u00e1mbrica por inducci\u00f3n, 2 ajustes de brillo y una amplia gama de potencias de aumento, desde 6D (2,5X) hasta 56D (15X) en 11 potencias diferentes. La lupa 10D \/ 3.5X tiene un \u00e1rea de visualizaci\u00f3n rectangular de 75&#215;50 mm, inclinada hacia la izquierda para mayor comodidad. Con una carga de 3 horas, obtendr\u00e1 7 horas de iluminaci\u00f3n LED a 6500 Kelvin para una lectura \u00f3ptima. Puede convertirla en una lupa de pie manos libres con un soporte de pl\u00e1stico opcional. Adem\u00e1s, cuenta con dise\u00f1o ergon\u00f3mico y zona suave al tacto para un agarre firme.<\/p>","protected":false},"excerpt":{"rendered":"<p>La lupa de mano m\u00f3vil con iluminaci\u00f3n LED ERGO-Lux i de Schweizer ofrece carga inal\u00e1mbrica, 2 ajustes de brillo y ampliaci\u00f3n de hasta 15X. Su dise\u00f1o ergon\u00f3mico y port\u00e1til la hacen ideal para la lectura, con la opci\u00f3n de convertirla en una lupa de pie manos libres con un soporte opcional.<\/p>","protected":false},"featured_media":357,"comment_status":"open","ping_status":"closed","template":"","meta":[],"product_cat":[18,52,54,53],"product_tag":[],"class_list":["post-356","product","type-product","status-publish","has-post-thumbnail","hentry","product_cat-baja-vision","product_cat-lupas","product_cat-lupas-de-carga-inalambrica-schweizer-ergo-lux","product_cat-lupas-schweizer-lupas"],"_links":{"self":[{"href":"https:\/\/0barreras.com\/en\/wp-json\/wp\/v2\/product\/356","targetHints":{"allow":["GET"]}}],"collection":[{"href":"https:\/\/0barreras.com\/en\/wp-json\/wp\/v2\/product"}],"about":[{"href":"https:\/\/0barreras.com\/en\/wp-json\/wp\/v2\/types\/product"}],"replies":[{"embeddable":true,"href":"https:\/\/0barreras.com\/en\/wp-json\/wp\/v2\/comments?post=356"}],"version-history":[{"count":1,"href":"https:\/\/0barreras.com\/en\/wp-json\/wp\/v2\/product\/356\/revisions"}],"predecessor-version":[{"id":1138,"href":"https:\/\/0barreras.com\/en\/wp-json\/wp\/v2\/product\/356\/revisions\/1138"}],"wp:featuredmedia":[{"embeddable":true,"href":"https:\/\/0barreras.com\/en\/wp-json\/wp\/v2\/media\/357"}],"wp:attachment":[{"href":"https:\/\/0barreras.com\/en\/wp-json\/wp\/v2\/media?parent=356"}],"wp:term":[{"taxonomy":"product_cat","embeddable":true,"href":"https:\/\/0barreras.com\/en\/wp-json\/wp\/v2\/product_cat?post=356"},{"taxonomy":"product_tag","embeddable":true,"href":"https:\/\/0barreras.com\/en\/wp-json\/wp\/v2\/product_tag?post=356"}],"curies":[{"name":"wp","href":"https:\/\/api.w.org\/{rel}","templated":true}]}}