{"id":3542,"date":"2024-06-04T14:27:22","date_gmt":"2024-06-04T19:27:22","guid":{"rendered":"https:\/\/0barreras.com\/?post_type=product&#038;p=3542"},"modified":"2024-06-10T22:33:40","modified_gmt":"2024-06-11T03:33:40","slug":"etiquetadora-braille-electronica-de-6-puntos-2","status":"publish","type":"product","link":"https:\/\/0barreras.com\/en\/product\/etiquetadora-braille-electronica-de-6-puntos-2\/","title":{"rendered":"Etiquetadora Braille de Alta Calidad con el Kit de Rotulaci\u00f3n Electr\u00f3nica en Braille de 6 Puntos"},"content":{"rendered":"<p>El kit de rotulaci\u00f3n electr\u00f3nica en braille de 6 puntos es la herramienta perfecta, ya sea port\u00e1til o de escritorio, para crear etiquetas Braille resistentes y de alta calidad en m\u00faltiples idiomas. Con su teclado Braille incorporado, los usuarios pueden introducir letras utilizando todos los grados de Braille. Para mayor comodidad, tambi\u00e9n incluye un teclado QWERTY que se puede conectar a trav\u00e9s de un puerto USB, permitiendo a los usuarios escribir de manera est\u00e1ndar, ideal para novatos, videntes o aquellos no familiarizados con un teclado Braille.<\/p>\n<p>El m\u00e9todo patentado de estampado asegura caracteres Braille perfectos en todo momento, utilizando cinta autoadhesiva de vinilo est\u00e1ndar de 3\/8&#8243; (0,95 cm). Las dimensiones compactas de la unidad, 8&#8243; de ancho x 5,8&#8243; de largo x 2,8&#8243; de alto (20,3 cm x 14,7 cm x 7,1 cm), hacen que sea f\u00e1cil de transportar y usar en cualquier entorno.<\/p>\n<p>Funciones destacadas:<\/p>\n<ul>\n<li>Teclado Braille incorporado con 6 botones est\u00e1ndar y barra espaciadora.<\/li>\n<li>Compatible con todos los grados de Braille y pr\u00e1cticamente todos los idiomas del mundo.<\/li>\n<li>Conector para altavoces y auriculares para notificaciones de eventos, como apagado o bater\u00eda baja.<\/li>\n<li>Sistema de impresi\u00f3n en relieve patentado para crear caracteres Braille precisos y n\u00edtidos.<\/li>\n<li>Ranurado y corte autom\u00e1ticos integrados en la unidad para un acabado profesional.<\/li>\n<li>Funciona con alimentaci\u00f3n de CA (adaptador incluido) o con 6 pilas AA (no incluidas).<\/li>\n<\/ul>\n<p>El kit incluye una rotuladora electr\u00f3nica en braille, un adaptador de CA, un teclado QWERTY con adaptador USB y 10 rollos de cinta DYMO de 3\/8&#8243; (0,95 cm), proporcionando todo lo necesario para comenzar a crear etiquetas Braille de alta calidad.<\/p>","protected":false},"excerpt":{"rendered":"<p>El kit de rotulaci\u00f3n electr\u00f3nica en braille de 6 puntos es la soluci\u00f3n ideal para crear etiquetas Braille de alta calidad. Incluye un teclado Braille incorporado y un teclado QWERTY con adaptador USB, compatible con todos los grados de Braille y m\u00faltiples idiomas. Con dimensiones de 20,3 x 14,7 x 7,1 cm, funciona con adaptador de CA o 6 pilas AA. El kit viene con 10 rollos de cinta DYMO de 0,95 cm.<\/p>","protected":false},"featured_media":3543,"comment_status":"open","ping_status":"closed","template":"","meta":[],"product_cat":[182,185],"product_tag":[],"class_list":["post-3542","product","type-product","status-publish","has-post-thumbnail","hentry","product_cat-tecnologia-de-asistencia","product_cat-tecnologia-de-asistencia-braille"],"_links":{"self":[{"href":"https:\/\/0barreras.com\/en\/wp-json\/wp\/v2\/product\/3542","targetHints":{"allow":["GET"]}}],"collection":[{"href":"https:\/\/0barreras.com\/en\/wp-json\/wp\/v2\/product"}],"about":[{"href":"https:\/\/0barreras.com\/en\/wp-json\/wp\/v2\/types\/product"}],"replies":[{"embeddable":true,"href":"https:\/\/0barreras.com\/en\/wp-json\/wp\/v2\/comments?post=3542"}],"version-history":[{"count":1,"href":"https:\/\/0barreras.com\/en\/wp-json\/wp\/v2\/product\/3542\/revisions"}],"predecessor-version":[{"id":3720,"href":"https:\/\/0barreras.com\/en\/wp-json\/wp\/v2\/product\/3542\/revisions\/3720"}],"wp:featuredmedia":[{"embeddable":true,"href":"https:\/\/0barreras.com\/en\/wp-json\/wp\/v2\/media\/3543"}],"wp:attachment":[{"href":"https:\/\/0barreras.com\/en\/wp-json\/wp\/v2\/media?parent=3542"}],"wp:term":[{"taxonomy":"product_cat","embeddable":true,"href":"https:\/\/0barreras.com\/en\/wp-json\/wp\/v2\/product_cat?post=3542"},{"taxonomy":"product_tag","embeddable":true,"href":"https:\/\/0barreras.com\/en\/wp-json\/wp\/v2\/product_tag?post=3542"}],"curies":[{"name":"wp","href":"https:\/\/api.w.org\/{rel}","templated":true}]}}