{"id":352,"date":"2024-01-23T17:58:09","date_gmt":"2024-01-23T22:58:09","guid":{"rendered":"https:\/\/0barreras.com\/?post_type=product&#038;p=352"},"modified":"2024-04-02T13:42:20","modified_gmt":"2024-04-02T18:42:20","slug":"schweizer-ergo-lux-2-5x-6d-lupa-inalambrica-iluminada","status":"publish","type":"product","link":"https:\/\/0barreras.com\/en\/product\/schweizer-ergo-lux-2-5x-6d-lupa-inalambrica-iluminada\/","title":{"rendered":"Lupa inal\u00e1mbrica iluminada Schweizer ERGO Lux 2.5X \/ 6D"},"content":{"rendered":"<p>La lupa de mano m\u00f3vil con iluminaci\u00f3n LED ERGO-Lux i de Schweizer es una herramienta innovadora que hace que la lectura sea m\u00e1s f\u00e1cil y c\u00f3moda. Con carga inal\u00e1mbrica basada en inducci\u00f3n, esta lupa ofrece una conveniencia excepcional, ya que no es necesario cambiar las bater\u00edas. Tiene 2 ajustes de brillo que te permiten personalizar la iluminaci\u00f3n seg\u00fan tus necesidades. Adem\u00e1s, es altamente port\u00e1til y ofrece una amplia gama de aumentos, desde 6D (2.5X) hasta 56D (15X) en 10 intensidades diferentes.<br \/>\nLa lupa 6D \/ 2.5X presenta una lente extra grande de 100 mm de di\u00e1metro, lo que la convierte en una de las lupas m\u00e1s grandes disponibles. Con una distancia de trabajo de 6,5&#8243;, esta lupa es ideal para una variedad de tareas de lectura y visualizaci\u00f3n.<br \/>\nLa carga de la lupa es sencilla: simplemente col\u00f3cala en la almohadilla de carga por inducci\u00f3n incluida y obtendr\u00e1s 7 horas de iluminaci\u00f3n LED con una carga de 3 horas. La iluminaci\u00f3n LED ofrece una luz brillante y natural de 6500 Kelvin, lo que garantiza una lectura \u00f3ptima con alto contraste y uniformidad.<br \/>\nAdem\u00e1s, puedes aumentar la funcionalidad de la lupa convirti\u00e9ndola en una lupa de pie manos libres con el uso de un soporte de pl\u00e1stico opcional. Esto te permite realizar tareas simples como escribir de forma m\u00e1s c\u00f3moda. La lupa ERGO-Lux i es ergon\u00f3mica, con una zona suave al tacto que proporciona un agarre firme. Las lentes asf\u00e9ricas son ligeras y duraderas, y la lupa tambi\u00e9n cuenta con un lazo de cord\u00f3n integrado para mayor comodidad.<br \/>\nCon su dise\u00f1o innovador y sus caracter\u00edsticas avanzadas, la lupa de mano m\u00f3vil con iluminaci\u00f3n LED ERGO-Lux i de Schweizer es una herramienta indispensable para personas con baja visi\u00f3n o para cualquier persona que necesite una ayuda visual adicional.<\/p>","protected":false},"excerpt":{"rendered":"<p>La lupa de mano m\u00f3vil con iluminaci\u00f3n LED ERGO-Lux i de Schweizer es una herramienta innovadora y conveniente para lectura y visualizaci\u00f3n. Ofrece carga inal\u00e1mbrica, 2 ajustes de brillo, y ampliaci\u00f3n de hasta 15X. Su dise\u00f1o ergon\u00f3mico y port\u00e1til la hacen ideal para personas con baja visi\u00f3n o que necesitan ayuda visual adicional.<\/p>","protected":false},"featured_media":353,"comment_status":"open","ping_status":"closed","template":"","meta":[],"product_cat":[18,52,54,53],"product_tag":[],"class_list":["post-352","product","type-product","status-publish","has-post-thumbnail","hentry","product_cat-baja-vision","product_cat-lupas","product_cat-lupas-de-carga-inalambrica-schweizer-ergo-lux","product_cat-lupas-schweizer-lupas"],"_links":{"self":[{"href":"https:\/\/0barreras.com\/en\/wp-json\/wp\/v2\/product\/352","targetHints":{"allow":["GET"]}}],"collection":[{"href":"https:\/\/0barreras.com\/en\/wp-json\/wp\/v2\/product"}],"about":[{"href":"https:\/\/0barreras.com\/en\/wp-json\/wp\/v2\/types\/product"}],"replies":[{"embeddable":true,"href":"https:\/\/0barreras.com\/en\/wp-json\/wp\/v2\/comments?post=352"}],"version-history":[{"count":1,"href":"https:\/\/0barreras.com\/en\/wp-json\/wp\/v2\/product\/352\/revisions"}],"predecessor-version":[{"id":1136,"href":"https:\/\/0barreras.com\/en\/wp-json\/wp\/v2\/product\/352\/revisions\/1136"}],"wp:featuredmedia":[{"embeddable":true,"href":"https:\/\/0barreras.com\/en\/wp-json\/wp\/v2\/media\/353"}],"wp:attachment":[{"href":"https:\/\/0barreras.com\/en\/wp-json\/wp\/v2\/media?parent=352"}],"wp:term":[{"taxonomy":"product_cat","embeddable":true,"href":"https:\/\/0barreras.com\/en\/wp-json\/wp\/v2\/product_cat?post=352"},{"taxonomy":"product_tag","embeddable":true,"href":"https:\/\/0barreras.com\/en\/wp-json\/wp\/v2\/product_tag?post=352"}],"curies":[{"name":"wp","href":"https:\/\/api.w.org\/{rel}","templated":true}]}}